{"id":48923,"date":"2020-04-11T14:11:19","date_gmt":"2020-04-11T17:11:19","guid":{"rendered":"https:\/\/www.dientedelecheart.com\/web2022\/?page_id=3923"},"modified":"2022-08-09T19:47:13","modified_gmt":"2022-08-09T22:47:13","slug":"acerca_de","status":"publish","type":"page","link":"https:\/\/dientedelecheart.com\/web2022\/acerca_de\/","title":{"rendered":"Acerca de Nosotros"},"content":{"rendered":"<div class=\"wpb-content-wrapper\"><p>[vc_row full_width=&#8221;stretch_row&#8221; css=&#8221;.vc_custom_1586454486809{margin-bottom: 0px !important;padding-top: 80px !important;padding-bottom: 80px !important;background-color: #ffffff !important;}&#8221;][vc_column][vc_row_inner content_placement=&#8221;top&#8221; gap=&#8221;35&#8243;][vc_column_inner width=&#8221;1\/2&#8243;][vc_single_image image=&#8221;80717&#8243; img_size=&#8221;full&#8221; style=&#8221;vc_box_circle&#8221; css=&#8221;.vc_custom_1660085110404{margin-top: 100px !important;}&#8221;][\/vc_column_inner][vc_column_inner width=&#8221;1\/2&#8243;][vc_column_text]<\/p>\n<h2 style=\"text-align: center;\">Nuestra Historia<\/h2>\n<p>[\/vc_column_text][vc_column_text]<\/p>\n<p style=\"text-align: left;\">Diente de Leche abri\u00f3 sus puertas en el a\u00f1o 1988 con una visi\u00f3n emprendedora proyect\u00e1ndose al futuro.<br \/>\nNuestra marca registrada garantiza la exclusividad y adem\u00e1s es sin\u00f3nimo de calidad.<br \/>\nEl local desde el comienzo se ubic\u00f3, y permanece hasta el d\u00eda de hoy, en el centro de la ciudad de Montevideo &#8211; Uruguay, ofreciendo sus creaciones a personas que valoran el trabajo hecho a mano.<\/p>\n<p style=\"text-align: left;\">La respuesta positiva y el cari\u00f1o de los clientes nos llev\u00f3 a compartir con ellos todos nuestros secretos. Fue en ese momento que se comenzaron a dar clases con el objetivo de lograr que la felicidad que produc\u00eda la creaci\u00f3n de una pieza, la pudieran sentir tambi\u00e9n otras personas. Abrimos nuestro coraz\u00f3n y compartimos la pasi\u00f3n que ponemos en lo que hacemos, desarrollando tu imaginaci\u00f3n y creatividad.<\/p>\n<p style=\"text-align: left;\">La b\u00fasqueda constante de la excelencia nos motiv\u00f3 a utilizar y ofrecer los mejores productos en cada \u00e1rea, asesor\u00e1ndote para que obtengas los mejores resultados en cada proyecto.<\/p>\n<p style=\"text-align: left;\">&#8211; En el a\u00f1o 2004 obtuvimos la representaci\u00f3n exclusiva de la marca de pinturas DecoArt l\u00edder en Estados Unidos. Dicha empresa nos ha certificado como DecoArt Helping Artist. A su vez somos las \u00fanicas profesoras en Latinoam\u00e9rica que brindamos la Certificaci\u00f3n en Pintura Decorativa &#8220;Decorative Painting for Everyone&#8217; respaldada por DecoArt.<\/p>\n<p style=\"text-align: left;\">&#8211; En el a\u00f1o 2009 introdujimos en Uruguay la t\u00e9cnica de Scrapbooking, Scrapdecor y Patchwork con todas sus herramientas representando en exclusividad a la marca TEC de Brasil.<\/p>\n<p style=\"text-align: left;\">&#8211; En el a\u00f1o 2014 obtuvimos la representaci\u00f3n exclusiva de la marca SIZZIX con la m\u00e1s amplia gama de troqueles, repujadores y m\u00e1quinas, incluyendo las l\u00edneas de Tim Holtz, David Tutera, y otros grandes dise\u00f1adores.<\/p>\n<p style=\"text-align: left;\">&#8211; Tambi\u00e9n incorporamos en el a\u00f1o 2016 toda la l\u00ednea de productos Tim Holtz, WeR, American Crafts y sus marcas asociadas.<\/p>\n<p style=\"text-align: center;\">De esta forma estamos y estaremos siempre a la vanguardia de las \u00faltimas tendencias.<br \/>\n\u00a1SOMOS TENDENCIA, MARCAMOS LA DIFERENCIA!<\/p>\n<p style=\"text-align: center; font-weight: bold !important;\"><strong>\u00a1Te damos la bienvenida a nuestra tienda online!<\/strong><br \/>\n<strong>Esperamos que disfrutes de la visita y recuerda que tambi\u00e9n es un gusto atenderte en la tienda f\u00edsica.<\/strong><\/p>\n<p>[\/vc_column_text][\/vc_column_inner][\/vc_row_inner][\/vc_column][\/vc_row]<\/p>\n<\/div>","protected":false},"excerpt":{"rendered":"<p>[vc_row full_width=&#8221;stretch_row&#8221; css=&#8221;.vc_custom_1586454486809{margin-bottom: 0px !important;padding-top: 80px !important;padding-bottom: 80px !important;background-color: #ffffff !important;}&#8221;][vc_column][vc_row_inner content_placement=&#8221;top&#8221; gap=&#8221;35&#8243;][vc_column_inner width=&#8221;1\/2&#8243;][vc_single_image image=&#8221;80717&#8243; img_size=&#8221;full&#8221; style=&#8221;vc_box_circle&#8221; css=&#8221;.vc_custom_1660085110404{margin-top: 100px !important;}&#8221;][\/vc_column_inner][vc_column_inner width=&#8221;1\/2&#8243;][vc_column_text] Nuestra Historia [\/vc_column_text][vc_column_text] Diente de Leche abri\u00f3 sus puertas en el a\u00f1o 1988 con una visi\u00f3n emprendedora proyect\u00e1ndose al futuro. Nuestra marca registrada garantiza la exclusividad y adem\u00e1s es sin\u00f3nimo de calidad. El local &#8230;<a class=\"r_more_blog\" href=\"https:\/\/dientedelecheart.com\/web2022\/acerca_de\/#more-48923\"><i class=\"fa fa-sign-in\"><\/i> read more<\/a><\/p>\n","protected":false},"author":1,"featured_media":0,"parent":0,"menu_order":0,"comment_status":"closed","ping_status":"closed","template":"","meta":{"footnotes":""},"class_list":["post-48923","page","type-page","status-publish","hentry"],"yoast_head":"<!-- This site is optimized with the Yoast SEO Premium plugin v25.2 (Yoast SEO v25.2) - https:\/\/yoast.com\/wordpress\/plugins\/seo\/ -->\n<title>Acerca de Nosotros - Diente de Leche Art<\/title>\n<meta name=\"robots\" content=\"index, follow, max-snippet:-1, max-image-preview:large, max-video-preview:-1\" \/>\n<link rel=\"canonical\" href=\"https:\/\/dientedelecheart.com\/web2022\/acerca_de\/\" \/>\n<meta property=\"og:locale\" content=\"es_ES\" \/>\n<meta property=\"og:type\" content=\"article\" \/>\n<meta property=\"og:title\" content=\"Acerca de Nosotros\" \/>\n<meta property=\"og:description\" content=\"[vc_row full_width=&#8221;stretch_row&#8221; css=&#8221;.vc_custom_1586454486809{margin-bottom: 0px !important;padding-top: 80px !important;padding-bottom: 80px !important;background-color: #ffffff !important;}&#8221;][vc_column][vc_row_inner content_placement=&#8221;top&#8221; gap=&#8221;35&#8243;][vc_column_inner width=&#8221;1\/2&#8243;][vc_single_image image=&#8221;80717&#8243; img_size=&#8221;full&#8221; style=&#8221;vc_box_circle&#8221; css=&#8221;.vc_custom_1660085110404{margin-top: 100px !important;}&#8221;][\/vc_column_inner][vc_column_inner width=&#8221;1\/2&#8243;][vc_column_text] Nuestra Historia [\/vc_column_text][vc_column_text] Diente de Leche abri\u00f3 sus puertas en el a\u00f1o 1988 con una visi\u00f3n emprendedora proyect\u00e1ndose al futuro. Nuestra marca registrada garantiza la exclusividad y adem\u00e1s es sin\u00f3nimo de calidad. El local ... read more\" \/>\n<meta property=\"og:url\" content=\"https:\/\/dientedelecheart.com\/web2022\/acerca_de\/\" \/>\n<meta property=\"og:site_name\" content=\"Diente de Leche Art\" \/>\n<meta property=\"article:modified_time\" content=\"2022-08-09T22:47:13+00:00\" \/>\n<meta property=\"og:image\" content=\"https:\/\/i0.wp.com\/dientedelecheart.com\/web2022\/wp-content\/uploads\/2022\/04\/logo3.png?fit=650%2C372&ssl=1\" \/>\n\t<meta property=\"og:image:width\" content=\"650\" \/>\n\t<meta property=\"og:image:height\" content=\"372\" \/>\n\t<meta property=\"og:image:type\" content=\"image\/png\" \/>\n<meta name=\"twitter:card\" content=\"summary_large_image\" \/>\n<meta name=\"twitter:label1\" content=\"Est. reading time\" \/>\n\t<meta name=\"twitter:data1\" content=\"2 minutos\" \/>\n<script type=\"application\/ld+json\" class=\"yoast-schema-graph\">{\"@context\":\"https:\/\/schema.org\",\"@graph\":[{\"@type\":\"WebPage\",\"@id\":\"https:\/\/dientedelecheart.com\/web2022\/acerca_de\/\",\"url\":\"https:\/\/dientedelecheart.com\/web2022\/acerca_de\/\",\"name\":\"Acerca de Nosotros - Diente de Leche Art\",\"isPartOf\":{\"@id\":\"https:\/\/dientedelecheart.com\/web2022\/#website\"},\"datePublished\":\"2020-04-11T17:11:19+00:00\",\"dateModified\":\"2022-08-09T22:47:13+00:00\",\"breadcrumb\":{\"@id\":\"https:\/\/dientedelecheart.com\/web2022\/acerca_de\/#breadcrumb\"},\"inLanguage\":\"es-UY\",\"potentialAction\":[{\"@type\":\"ReadAction\",\"target\":[\"https:\/\/dientedelecheart.com\/web2022\/acerca_de\/\"]}]},{\"@type\":\"BreadcrumbList\",\"@id\":\"https:\/\/dientedelecheart.com\/web2022\/acerca_de\/#breadcrumb\",\"itemListElement\":[{\"@type\":\"ListItem\",\"position\":1,\"name\":\"Home\",\"item\":\"https:\/\/dientedelecheart.com\/web2022\/\"},{\"@type\":\"ListItem\",\"position\":2,\"name\":\"Acerca de Nosotros\"}]},{\"@type\":\"WebSite\",\"@id\":\"https:\/\/dientedelecheart.com\/web2022\/#website\",\"url\":\"https:\/\/dientedelecheart.com\/web2022\/\",\"name\":\"Diente de Leche Art\",\"description\":\"Diente de Leche Art\",\"publisher\":{\"@id\":\"https:\/\/dientedelecheart.com\/web2022\/#organization\"},\"potentialAction\":[{\"@type\":\"SearchAction\",\"target\":{\"@type\":\"EntryPoint\",\"urlTemplate\":\"https:\/\/dientedelecheart.com\/web2022\/?s={search_term_string}\"},\"query-input\":{\"@type\":\"PropertyValueSpecification\",\"valueRequired\":true,\"valueName\":\"search_term_string\"}}],\"inLanguage\":\"es-UY\"},{\"@type\":\"Organization\",\"@id\":\"https:\/\/dientedelecheart.com\/web2022\/#organization\",\"name\":\"Diente de Leche Art\",\"url\":\"https:\/\/dientedelecheart.com\/web2022\/\",\"logo\":{\"@type\":\"ImageObject\",\"inLanguage\":\"es-UY\",\"@id\":\"https:\/\/dientedelecheart.com\/web2022\/#\/schema\/logo\/image\/\",\"url\":\"https:\/\/i0.wp.com\/www.dientedelecheart.com\/web2022\/wp-content\/uploads\/2022\/04\/icono.png?fit=72%2C72&ssl=1\",\"contentUrl\":\"https:\/\/i0.wp.com\/www.dientedelecheart.com\/web2022\/wp-content\/uploads\/2022\/04\/icono.png?fit=72%2C72&ssl=1\",\"width\":72,\"height\":72,\"caption\":\"Diente de Leche Art\"},\"image\":{\"@id\":\"https:\/\/dientedelecheart.com\/web2022\/#\/schema\/logo\/image\/\"},\"sameAs\":[\"https:\/\/www.instagram.com\/dientedelecheart\/\"],\"email\":\"infodientedelecheart@gmail.com\",\"telephone\":\"+598 94 303 921\",\"legalName\":\"Diente de Leche Art\"}]}<\/script>\n<!-- \/ Yoast SEO Premium plugin. -->","yoast_head_json":{"title":"Acerca de Nosotros - Diente de Leche Art","robots":{"index":"index","follow":"follow","max-snippet":"max-snippet:-1","max-image-preview":"max-image-preview:large","max-video-preview":"max-video-preview:-1"},"canonical":"https:\/\/dientedelecheart.com\/web2022\/acerca_de\/","og_locale":"es_ES","og_type":"article","og_title":"Acerca de Nosotros","og_description":"[vc_row full_width=&#8221;stretch_row&#8221; css=&#8221;.vc_custom_1586454486809{margin-bottom: 0px !important;padding-top: 80px !important;padding-bottom: 80px !important;background-color: #ffffff !important;}&#8221;][vc_column][vc_row_inner content_placement=&#8221;top&#8221; gap=&#8221;35&#8243;][vc_column_inner width=&#8221;1\/2&#8243;][vc_single_image image=&#8221;80717&#8243; img_size=&#8221;full&#8221; style=&#8221;vc_box_circle&#8221; css=&#8221;.vc_custom_1660085110404{margin-top: 100px !important;}&#8221;][\/vc_column_inner][vc_column_inner width=&#8221;1\/2&#8243;][vc_column_text] Nuestra Historia [\/vc_column_text][vc_column_text] Diente de Leche abri\u00f3 sus puertas en el a\u00f1o 1988 con una visi\u00f3n emprendedora proyect\u00e1ndose al futuro. Nuestra marca registrada garantiza la exclusividad y adem\u00e1s es sin\u00f3nimo de calidad. El local ... read more","og_url":"https:\/\/dientedelecheart.com\/web2022\/acerca_de\/","og_site_name":"Diente de Leche Art","article_modified_time":"2022-08-09T22:47:13+00:00","og_image":[{"width":650,"height":372,"url":"https:\/\/i0.wp.com\/dientedelecheart.com\/web2022\/wp-content\/uploads\/2022\/04\/logo3.png?fit=650%2C372&ssl=1","type":"image\/png"}],"twitter_card":"summary_large_image","twitter_misc":{"Est. reading time":"2 minutos"},"schema":{"@context":"https:\/\/schema.org","@graph":[{"@type":"WebPage","@id":"https:\/\/dientedelecheart.com\/web2022\/acerca_de\/","url":"https:\/\/dientedelecheart.com\/web2022\/acerca_de\/","name":"Acerca de Nosotros - Diente de Leche Art","isPartOf":{"@id":"https:\/\/dientedelecheart.com\/web2022\/#website"},"datePublished":"2020-04-11T17:11:19+00:00","dateModified":"2022-08-09T22:47:13+00:00","breadcrumb":{"@id":"https:\/\/dientedelecheart.com\/web2022\/acerca_de\/#breadcrumb"},"inLanguage":"es-UY","potentialAction":[{"@type":"ReadAction","target":["https:\/\/dientedelecheart.com\/web2022\/acerca_de\/"]}]},{"@type":"BreadcrumbList","@id":"https:\/\/dientedelecheart.com\/web2022\/acerca_de\/#breadcrumb","itemListElement":[{"@type":"ListItem","position":1,"name":"Home","item":"https:\/\/dientedelecheart.com\/web2022\/"},{"@type":"ListItem","position":2,"name":"Acerca de Nosotros"}]},{"@type":"WebSite","@id":"https:\/\/dientedelecheart.com\/web2022\/#website","url":"https:\/\/dientedelecheart.com\/web2022\/","name":"Diente de Leche Art","description":"Diente de Leche Art","publisher":{"@id":"https:\/\/dientedelecheart.com\/web2022\/#organization"},"potentialAction":[{"@type":"SearchAction","target":{"@type":"EntryPoint","urlTemplate":"https:\/\/dientedelecheart.com\/web2022\/?s={search_term_string}"},"query-input":{"@type":"PropertyValueSpecification","valueRequired":true,"valueName":"search_term_string"}}],"inLanguage":"es-UY"},{"@type":"Organization","@id":"https:\/\/dientedelecheart.com\/web2022\/#organization","name":"Diente de Leche Art","url":"https:\/\/dientedelecheart.com\/web2022\/","logo":{"@type":"ImageObject","inLanguage":"es-UY","@id":"https:\/\/dientedelecheart.com\/web2022\/#\/schema\/logo\/image\/","url":"https:\/\/i0.wp.com\/www.dientedelecheart.com\/web2022\/wp-content\/uploads\/2022\/04\/icono.png?fit=72%2C72&ssl=1","contentUrl":"https:\/\/i0.wp.com\/www.dientedelecheart.com\/web2022\/wp-content\/uploads\/2022\/04\/icono.png?fit=72%2C72&ssl=1","width":72,"height":72,"caption":"Diente de Leche Art"},"image":{"@id":"https:\/\/dientedelecheart.com\/web2022\/#\/schema\/logo\/image\/"},"sameAs":["https:\/\/www.instagram.com\/dientedelecheart\/"],"email":"infodientedelecheart@gmail.com","telephone":"+598 94 303 921","legalName":"Diente de Leche Art"}]}},"jetpack_sharing_enabled":true,"_links":{"self":[{"href":"https:\/\/dientedelecheart.com\/web2022\/wp-json\/wp\/v2\/pages\/48923","targetHints":{"allow":["GET"]}}],"collection":[{"href":"https:\/\/dientedelecheart.com\/web2022\/wp-json\/wp\/v2\/pages"}],"about":[{"href":"https:\/\/dientedelecheart.com\/web2022\/wp-json\/wp\/v2\/types\/page"}],"author":[{"embeddable":true,"href":"https:\/\/dientedelecheart.com\/web2022\/wp-json\/wp\/v2\/users\/1"}],"replies":[{"embeddable":true,"href":"https:\/\/dientedelecheart.com\/web2022\/wp-json\/wp\/v2\/comments?post=48923"}],"version-history":[{"count":0,"href":"https:\/\/dientedelecheart.com\/web2022\/wp-json\/wp\/v2\/pages\/48923\/revisions"}],"wp:attachment":[{"href":"https:\/\/dientedelecheart.com\/web2022\/wp-json\/wp\/v2\/media?parent=48923"}],"curies":[{"name":"wp","href":"https:\/\/api.w.org\/{rel}","templated":true}]}}