{"id":48963,"date":"2020-04-11T15:18:36","date_gmt":"2020-04-11T18:18:36","guid":{"rendered":"https:\/\/www.dientedelecheart.com\/web2022\/?page_id=3963"},"modified":"2024-01-23T10:45:18","modified_gmt":"2024-01-23T13:45:18","slug":"como-comprar","status":"publish","type":"page","link":"https:\/\/dientedelecheart.com\/web2022\/como-comprar\/","title":{"rendered":"C\u00f3mo Comprar"},"content":{"rendered":"<div class=\"wpb-content-wrapper\"><p>[vc_row full_width=&#8221;stretch_row&#8221; css=&#8221;.vc_custom_1586454486809{margin-bottom: 0px !important;padding-top: 80px !important;padding-bottom: 80px !important;background-color: #ffffff !important;}&#8221;][vc_column][vc_column_text]<\/p>\n<h3>COMPRA<\/h3>\n<p>\u00bfC\u00f3mo comprar?<\/p>\n<p>Eliges los productos y las cantidades coloc\u00e1ndolas en el carrito de compras, una vez agregados todos los productos presionas sobre finalizar la compra.<\/p>\n<p>\u00bfDesde d\u00f3nde puedes comprar?<\/p>\n<p>Se puede comprar desde todo el pa\u00eds, tanto desde Montevideo como del interior.<\/p>\n<h3>CONFIRMACI\u00d3N DEL PEDIDO<\/h3>\n<p>Una vez que recibamos el pedido le confirmaremos por WhatsApp (o mail si no dispone del mismo) la disponibilidad de los productos, el precio final (env\u00edo incluido si aplica) y los datos de nuestra cuenta.<\/p>\n<h3>PAGO<\/h3>\n<p>\u00bfDe qu\u00e9 forma puedes abonar tu compra?<\/p>\n<p>Disponemos de los siguientes medios de pago:<\/p>\n<p>&#8211; Mediante transacci\u00f3n bancaria. (Te damos la informaci\u00f3n una vez confirmado el pedido)<\/p>\n<p>&#8211; Mercado Pago (Te damos la informaci\u00f3n una vez confirmado el pedido).<\/p>\n<p>&#8211; En efectivo mediante las redes de cobranzas Abitab o Red Pagos. (Te damos la informaci\u00f3n una vez confirmado el pedido)<br \/>\n\u00bfC\u00f3mo realizas el pago en Abitab o Red Pagos?<br \/>\nTienes que dirigirte a cualquier sucursal de Abitab o Red Pagos del pa\u00eds y decir que quieres realizar un dep\u00f3sito en una cuenta BROU. Poniendo como referencia de la transacci\u00f3n el N\u00famero de Pedido, no es necesario imprimir ni llevar ning\u00fan cup\u00f3n para realizar el pago.<br \/>\nSi dentro de las 48 horas de efectuada la compra no se realizara el pago, esta compra perder\u00e1 validez, lo cual implicar\u00e1 que debas realizar nuevamente el proceso.<\/p>\n<h3>ENTREGA<\/h3>\n<p>\u00bfD\u00f3nde puedes recibir la compra?<\/p>\n<p>Opci\u00f3n 1: Puedes recibirla a trav\u00e9s de la empresa de encomiendas Agencia Central en la direcci\u00f3n que elijas, por ejemplo en tu domicilio, trabajo, etc. O tambi\u00e9n puedes retirarla en la sucursal de Agencia Central que elijas.<br \/>\nOpci\u00f3n 2: Elegir la modalidad de Retiro en el local.<\/p>\n<p>\u00bfCu\u00e1nto tarda en llegar mi pedido?<br \/>\nEl despacho de la compra demora hasta 72 hs. h\u00e1biles.<br \/>\nEl plazo de llegada a destino puede variar dependiendo de Agencia Central.<\/p>\n<p>\u00bfCu\u00e1l es el costo del env\u00edo?<br \/>\nEl costo del env\u00edo es el mismo dentro de Montevideo y para el resto del pa\u00eds.<br \/>\nEl precio depender\u00e1 del peso y dimensiones y ser\u00e1 fijado por Agencia Central.<\/p>\n<p>\u00bfC\u00f3mo retiras tu pedido en la tienda?<\/p>\n<p>El retiro del pedido en el local podr\u00e1 realizarse una vez recibida la notificaci\u00f3n a tu WhatsApp (o mail si no dispone del mismo) de que el mismo est\u00e1 listo para ser retirado. El plazo de preparaci\u00f3n es de hasta 72 hs. h\u00e1biles luego de efectuado y confirmado el pago.<br \/>\nNo se aceptar\u00e1n retiros fuera del horario del local. Al momento del retiro la persona debe presentar su C\u00e9dula de Identidad y el N\u00famero de Pedido.<\/p>\n<p>\u00bfPuede retirar el pedido otra persona?<\/p>\n<p>S\u00ed. Nos debe informar el nombre y n\u00famero de c\u00e9dula de la persona que retira y \u00e9sta debe presentar su c\u00e9dula y el n\u00famero de pedido.<\/p>\n<p>En el mail que te llega al finalizar la compra en la web puedes obtener tu n\u00famero de pedido.<\/p>\n<p>&nbsp;<\/p>\n<p>&nbsp;<\/p>\n<h5>Por cualquier consulta puedes comunicarte en horario laboral por WhatsApp al +598 94 303 921 \/ telef\u00f3nicamente al +598 2 900 3424.<br \/>\nHorario Especial &#8211; Lunes a Viernes: 10:00 a 18:00, S\u00e1bados 10:00 a 13:00.<\/h5>\n<p>[\/vc_column_text][\/vc_column][\/vc_row]<\/p>\n<\/div>","protected":false},"excerpt":{"rendered":"<p>[vc_row full_width=&#8221;stretch_row&#8221; css=&#8221;.vc_custom_1586454486809{margin-bottom: 0px !important;padding-top: 80px !important;padding-bottom: 80px !important;background-color: #ffffff !important;}&#8221;][vc_column][vc_column_text] COMPRA \u00bfC\u00f3mo comprar? Eliges los productos y las cantidades coloc\u00e1ndolas en el carrito de compras, una vez agregados todos los productos presionas sobre finalizar la compra. \u00bfDesde d\u00f3nde puedes comprar? Se puede comprar desde todo el pa\u00eds, tanto desde Montevideo como del interior. CONFIRMACI\u00d3N &#8230;<a class=\"r_more_blog\" href=\"https:\/\/dientedelecheart.com\/web2022\/como-comprar\/#more-48963\"><i class=\"fa fa-sign-in\"><\/i> read more<\/a><\/p>\n","protected":false},"author":1,"featured_media":0,"parent":0,"menu_order":0,"comment_status":"closed","ping_status":"closed","template":"","meta":{"footnotes":""},"class_list":["post-48963","page","type-page","status-publish","hentry"],"yoast_head":"<!-- This site is optimized with the Yoast SEO Premium plugin v25.2 (Yoast SEO v25.2) - https:\/\/yoast.com\/wordpress\/plugins\/seo\/ -->\n<title>C\u00f3mo Comprar - Diente de Leche Art<\/title>\n<meta name=\"robots\" content=\"index, follow, max-snippet:-1, max-image-preview:large, max-video-preview:-1\" \/>\n<link rel=\"canonical\" href=\"https:\/\/dientedelecheart.com\/web2022\/como-comprar\/\" \/>\n<meta property=\"og:locale\" content=\"es_ES\" \/>\n<meta property=\"og:type\" content=\"article\" \/>\n<meta property=\"og:title\" content=\"C\u00f3mo Comprar\" \/>\n<meta property=\"og:description\" content=\"[vc_row full_width=&#8221;stretch_row&#8221; css=&#8221;.vc_custom_1586454486809{margin-bottom: 0px !important;padding-top: 80px !important;padding-bottom: 80px !important;background-color: #ffffff !important;}&#8221;][vc_column][vc_column_text] COMPRA \u00bfC\u00f3mo comprar? Eliges los productos y las cantidades coloc\u00e1ndolas en el carrito de compras, una vez agregados todos los productos presionas sobre finalizar la compra. \u00bfDesde d\u00f3nde puedes comprar? Se puede comprar desde todo el pa\u00eds, tanto desde Montevideo como del interior. CONFIRMACI\u00d3N ... read more\" \/>\n<meta property=\"og:url\" content=\"https:\/\/dientedelecheart.com\/web2022\/como-comprar\/\" \/>\n<meta property=\"og:site_name\" content=\"Diente de Leche Art\" \/>\n<meta property=\"article:modified_time\" content=\"2024-01-23T13:45:18+00:00\" \/>\n<meta property=\"og:image\" content=\"https:\/\/i0.wp.com\/dientedelecheart.com\/web2022\/wp-content\/uploads\/2022\/04\/logo3.png?fit=650%2C372&ssl=1\" \/>\n\t<meta property=\"og:image:width\" content=\"650\" \/>\n\t<meta property=\"og:image:height\" content=\"372\" \/>\n\t<meta property=\"og:image:type\" content=\"image\/png\" \/>\n<meta name=\"twitter:card\" content=\"summary_large_image\" \/>\n<meta name=\"twitter:label1\" content=\"Est. reading time\" \/>\n\t<meta name=\"twitter:data1\" content=\"3 minutos\" \/>\n<script type=\"application\/ld+json\" class=\"yoast-schema-graph\">{\"@context\":\"https:\/\/schema.org\",\"@graph\":[{\"@type\":\"WebPage\",\"@id\":\"https:\/\/dientedelecheart.com\/web2022\/como-comprar\/\",\"url\":\"https:\/\/dientedelecheart.com\/web2022\/como-comprar\/\",\"name\":\"C\u00f3mo Comprar - Diente de Leche Art\",\"isPartOf\":{\"@id\":\"https:\/\/dientedelecheart.com\/web2022\/#website\"},\"datePublished\":\"2020-04-11T18:18:36+00:00\",\"dateModified\":\"2024-01-23T13:45:18+00:00\",\"breadcrumb\":{\"@id\":\"https:\/\/dientedelecheart.com\/web2022\/como-comprar\/#breadcrumb\"},\"inLanguage\":\"es-UY\",\"potentialAction\":[{\"@type\":\"ReadAction\",\"target\":[\"https:\/\/dientedelecheart.com\/web2022\/como-comprar\/\"]}]},{\"@type\":\"BreadcrumbList\",\"@id\":\"https:\/\/dientedelecheart.com\/web2022\/como-comprar\/#breadcrumb\",\"itemListElement\":[{\"@type\":\"ListItem\",\"position\":1,\"name\":\"Home\",\"item\":\"https:\/\/dientedelecheart.com\/web2022\/\"},{\"@type\":\"ListItem\",\"position\":2,\"name\":\"C\u00f3mo Comprar\"}]},{\"@type\":\"WebSite\",\"@id\":\"https:\/\/dientedelecheart.com\/web2022\/#website\",\"url\":\"https:\/\/dientedelecheart.com\/web2022\/\",\"name\":\"Diente de Leche Art\",\"description\":\"Diente de Leche Art\",\"publisher\":{\"@id\":\"https:\/\/dientedelecheart.com\/web2022\/#organization\"},\"potentialAction\":[{\"@type\":\"SearchAction\",\"target\":{\"@type\":\"EntryPoint\",\"urlTemplate\":\"https:\/\/dientedelecheart.com\/web2022\/?s={search_term_string}\"},\"query-input\":{\"@type\":\"PropertyValueSpecification\",\"valueRequired\":true,\"valueName\":\"search_term_string\"}}],\"inLanguage\":\"es-UY\"},{\"@type\":\"Organization\",\"@id\":\"https:\/\/dientedelecheart.com\/web2022\/#organization\",\"name\":\"Diente de Leche Art\",\"url\":\"https:\/\/dientedelecheart.com\/web2022\/\",\"logo\":{\"@type\":\"ImageObject\",\"inLanguage\":\"es-UY\",\"@id\":\"https:\/\/dientedelecheart.com\/web2022\/#\/schema\/logo\/image\/\",\"url\":\"https:\/\/i0.wp.com\/www.dientedelecheart.com\/web2022\/wp-content\/uploads\/2022\/04\/icono.png?fit=72%2C72&ssl=1\",\"contentUrl\":\"https:\/\/i0.wp.com\/www.dientedelecheart.com\/web2022\/wp-content\/uploads\/2022\/04\/icono.png?fit=72%2C72&ssl=1\",\"width\":72,\"height\":72,\"caption\":\"Diente de Leche Art\"},\"image\":{\"@id\":\"https:\/\/dientedelecheart.com\/web2022\/#\/schema\/logo\/image\/\"},\"sameAs\":[\"https:\/\/www.instagram.com\/dientedelecheart\/\"],\"email\":\"infodientedelecheart@gmail.com\",\"telephone\":\"+598 94 303 921\",\"legalName\":\"Diente de Leche Art\"}]}<\/script>\n<!-- \/ Yoast SEO Premium plugin. -->","yoast_head_json":{"title":"C\u00f3mo Comprar - Diente de Leche Art","robots":{"index":"index","follow":"follow","max-snippet":"max-snippet:-1","max-image-preview":"max-image-preview:large","max-video-preview":"max-video-preview:-1"},"canonical":"https:\/\/dientedelecheart.com\/web2022\/como-comprar\/","og_locale":"es_ES","og_type":"article","og_title":"C\u00f3mo Comprar","og_description":"[vc_row full_width=&#8221;stretch_row&#8221; css=&#8221;.vc_custom_1586454486809{margin-bottom: 0px !important;padding-top: 80px !important;padding-bottom: 80px !important;background-color: #ffffff !important;}&#8221;][vc_column][vc_column_text] COMPRA \u00bfC\u00f3mo comprar? Eliges los productos y las cantidades coloc\u00e1ndolas en el carrito de compras, una vez agregados todos los productos presionas sobre finalizar la compra. \u00bfDesde d\u00f3nde puedes comprar? Se puede comprar desde todo el pa\u00eds, tanto desde Montevideo como del interior. CONFIRMACI\u00d3N ... read more","og_url":"https:\/\/dientedelecheart.com\/web2022\/como-comprar\/","og_site_name":"Diente de Leche Art","article_modified_time":"2024-01-23T13:45:18+00:00","og_image":[{"width":650,"height":372,"url":"https:\/\/i0.wp.com\/dientedelecheart.com\/web2022\/wp-content\/uploads\/2022\/04\/logo3.png?fit=650%2C372&ssl=1","type":"image\/png"}],"twitter_card":"summary_large_image","twitter_misc":{"Est. reading time":"3 minutos"},"schema":{"@context":"https:\/\/schema.org","@graph":[{"@type":"WebPage","@id":"https:\/\/dientedelecheart.com\/web2022\/como-comprar\/","url":"https:\/\/dientedelecheart.com\/web2022\/como-comprar\/","name":"C\u00f3mo Comprar - Diente de Leche Art","isPartOf":{"@id":"https:\/\/dientedelecheart.com\/web2022\/#website"},"datePublished":"2020-04-11T18:18:36+00:00","dateModified":"2024-01-23T13:45:18+00:00","breadcrumb":{"@id":"https:\/\/dientedelecheart.com\/web2022\/como-comprar\/#breadcrumb"},"inLanguage":"es-UY","potentialAction":[{"@type":"ReadAction","target":["https:\/\/dientedelecheart.com\/web2022\/como-comprar\/"]}]},{"@type":"BreadcrumbList","@id":"https:\/\/dientedelecheart.com\/web2022\/como-comprar\/#breadcrumb","itemListElement":[{"@type":"ListItem","position":1,"name":"Home","item":"https:\/\/dientedelecheart.com\/web2022\/"},{"@type":"ListItem","position":2,"name":"C\u00f3mo Comprar"}]},{"@type":"WebSite","@id":"https:\/\/dientedelecheart.com\/web2022\/#website","url":"https:\/\/dientedelecheart.com\/web2022\/","name":"Diente de Leche Art","description":"Diente de Leche Art","publisher":{"@id":"https:\/\/dientedelecheart.com\/web2022\/#organization"},"potentialAction":[{"@type":"SearchAction","target":{"@type":"EntryPoint","urlTemplate":"https:\/\/dientedelecheart.com\/web2022\/?s={search_term_string}"},"query-input":{"@type":"PropertyValueSpecification","valueRequired":true,"valueName":"search_term_string"}}],"inLanguage":"es-UY"},{"@type":"Organization","@id":"https:\/\/dientedelecheart.com\/web2022\/#organization","name":"Diente de Leche Art","url":"https:\/\/dientedelecheart.com\/web2022\/","logo":{"@type":"ImageObject","inLanguage":"es-UY","@id":"https:\/\/dientedelecheart.com\/web2022\/#\/schema\/logo\/image\/","url":"https:\/\/i0.wp.com\/www.dientedelecheart.com\/web2022\/wp-content\/uploads\/2022\/04\/icono.png?fit=72%2C72&ssl=1","contentUrl":"https:\/\/i0.wp.com\/www.dientedelecheart.com\/web2022\/wp-content\/uploads\/2022\/04\/icono.png?fit=72%2C72&ssl=1","width":72,"height":72,"caption":"Diente de Leche Art"},"image":{"@id":"https:\/\/dientedelecheart.com\/web2022\/#\/schema\/logo\/image\/"},"sameAs":["https:\/\/www.instagram.com\/dientedelecheart\/"],"email":"infodientedelecheart@gmail.com","telephone":"+598 94 303 921","legalName":"Diente de Leche Art"}]}},"jetpack_sharing_enabled":true,"_links":{"self":[{"href":"https:\/\/dientedelecheart.com\/web2022\/wp-json\/wp\/v2\/pages\/48963","targetHints":{"allow":["GET"]}}],"collection":[{"href":"https:\/\/dientedelecheart.com\/web2022\/wp-json\/wp\/v2\/pages"}],"about":[{"href":"https:\/\/dientedelecheart.com\/web2022\/wp-json\/wp\/v2\/types\/page"}],"author":[{"embeddable":true,"href":"https:\/\/dientedelecheart.com\/web2022\/wp-json\/wp\/v2\/users\/1"}],"replies":[{"embeddable":true,"href":"https:\/\/dientedelecheart.com\/web2022\/wp-json\/wp\/v2\/comments?post=48963"}],"version-history":[{"count":0,"href":"https:\/\/dientedelecheart.com\/web2022\/wp-json\/wp\/v2\/pages\/48963\/revisions"}],"wp:attachment":[{"href":"https:\/\/dientedelecheart.com\/web2022\/wp-json\/wp\/v2\/media?parent=48963"}],"curies":[{"name":"wp","href":"https:\/\/api.w.org\/{rel}","templated":true}]}}