{"id":81328,"date":"2022-05-01T02:53:57","date_gmt":"2022-05-01T05:53:57","guid":{"rendered":"https:\/\/www.dientedelecheart.com\/web2022\/password-reset\/"},"modified":"2022-08-09T19:54:55","modified_gmt":"2022-08-09T22:54:55","slug":"password-reset","status":"publish","type":"page","link":"https:\/\/dientedelecheart.com\/web2022\/password-reset\/","title":{"rendered":"Restablecer la contrase\u00f1a"},"content":{"rendered":"\n<div class=\"um um-password um-um_password_id\">\n\t<div class=\"um-form\">\n\t\t<form method=\"post\" action=\"\">\n\t\t\t\n\t\t\t\t<input type=\"hidden\" name=\"_um_password_reset\" id=\"_um_password_reset\" value=\"1\" \/>\n\n\t\t\t\t\t\t\t\t\t<div class=\"um-field um-field-block um-field-type_block\">\n\t\t\t\t\t\t<div class=\"um-field-block\">\n\t\t\t\t\t\t\t<div style=\"text-align:center;\">\n\t\t\t\t\t\t\t\tPara restablecer tu contrase\u00f1a, por favor, introduce a continuaci\u00f3n tu direcci\u00f3n de correo electr\u00f3nico o nombre de usuario.\t\t\t\t\t\t\t<\/div>\n\t\t\t\t\t\t<\/div>\n\t\t\t\t\t<\/div>\n\t\t\t\t<div  id=\"um_field_0_username_b\" class=\"um-field um-field-text  um-field-username_b um-field-text um-field-type_text\" data-key=\"username_b\"><div class=\"um-field-area\"><input  autocomplete=\"off\" class=\"um-form-field valid \" type=\"text\" name=\"username_b\" id=\"username_b\" value=\"\" placeholder=\"Introduce tu nombre de usuario o correo electr\u00f3nico\" data-validate=\"\" data-key=\"username_b\"  aria-invalid=\"false\" \/>\n\n\t\t\t\t\t\t<\/div><\/div>\n\t\t\t\t<div class=\"um-col-alt um-col-alt-b\">\n\n\t\t\t\t\t<div class=\"um-center\">\n\t\t\t\t\t\t<input type=\"submit\" value=\"Restablecer contrase\u00f1a\" class=\"um-button\" id=\"um-submit-btn\" \/>\n\t\t\t\t\t<\/div>\n\n\t\t\t\t\t<div class=\"um-clear\"><\/div>\n\n\t\t\t\t<\/div>\n\n\t\t\t\t\t<input type=\"hidden\" name=\"form_id\" id=\"form_id_um_password_id\" value=\"um_password_id\" \/>\n\t\t<p class=\"um_request_name\">\n\t\t<label for=\"um_request_um_password_id\">Only fill in if you are not human<\/label>\n\t\t<input type=\"hidden\" name=\"um_request\" id=\"um_request_um_password_id\" class=\"input\" value=\"\" size=\"25\" autocomplete=\"off\" \/>\n\t<\/p>\n\t\t\t<\/form>\n\t<\/div>\n<\/div>\n<style>\n\t\t\t.um-um_password_id.um {\n\t\t\tmax-width: 450px;\n\t\t}\n\t\t<\/style>\n\n","protected":false},"excerpt":{"rendered":"Para restablecer tu contrase\u00f1a, por favor, introduce a continuaci\u00f3n tu direcci\u00f3n de correo electr\u00f3nico o nombre de usuario. Only fill in if you are not human","protected":false},"author":1,"featured_media":0,"parent":0,"menu_order":0,"comment_status":"closed","ping_status":"closed","template":"","meta":{"footnotes":""},"class_list":["post-81328","page","type-page","status-publish","hentry"],"yoast_head":"<!-- This site is optimized with the Yoast SEO Premium plugin v25.2 (Yoast SEO v25.2) - https:\/\/yoast.com\/wordpress\/plugins\/seo\/ -->\n<title>Restablecer la contrase\u00f1a - Diente de Leche Art<\/title>\n<meta name=\"robots\" content=\"index, follow, max-snippet:-1, max-image-preview:large, max-video-preview:-1\" \/>\n<link rel=\"canonical\" href=\"https:\/\/dientedelecheart.com\/web2022\/password-reset\/\" \/>\n<meta property=\"og:locale\" content=\"es_ES\" \/>\n<meta property=\"og:type\" content=\"article\" \/>\n<meta property=\"og:title\" content=\"Restablecer la contrase\u00f1a\" \/>\n<meta property=\"og:url\" content=\"https:\/\/dientedelecheart.com\/web2022\/password-reset\/\" \/>\n<meta property=\"og:site_name\" content=\"Diente de Leche Art\" \/>\n<meta property=\"article:modified_time\" content=\"2022-08-09T22:54:55+00:00\" \/>\n<meta property=\"og:image\" content=\"https:\/\/i0.wp.com\/dientedelecheart.com\/web2022\/wp-content\/uploads\/2022\/04\/logo3.png?fit=650%2C372&ssl=1\" \/>\n\t<meta property=\"og:image:width\" content=\"650\" \/>\n\t<meta property=\"og:image:height\" content=\"372\" \/>\n\t<meta property=\"og:image:type\" content=\"image\/png\" \/>\n<meta name=\"twitter:card\" content=\"summary_large_image\" \/>\n<script type=\"application\/ld+json\" class=\"yoast-schema-graph\">{\"@context\":\"https:\/\/schema.org\",\"@graph\":[{\"@type\":\"WebPage\",\"@id\":\"https:\/\/dientedelecheart.com\/web2022\/password-reset\/\",\"url\":\"https:\/\/dientedelecheart.com\/web2022\/password-reset\/\",\"name\":\"Restablecer la contrase\u00f1a - Diente de Leche Art\",\"isPartOf\":{\"@id\":\"https:\/\/dientedelecheart.com\/web2022\/#website\"},\"datePublished\":\"2022-05-01T05:53:57+00:00\",\"dateModified\":\"2022-08-09T22:54:55+00:00\",\"breadcrumb\":{\"@id\":\"https:\/\/dientedelecheart.com\/web2022\/password-reset\/#breadcrumb\"},\"inLanguage\":\"es-UY\",\"potentialAction\":[{\"@type\":\"ReadAction\",\"target\":[\"https:\/\/dientedelecheart.com\/web2022\/password-reset\/\"]}]},{\"@type\":\"BreadcrumbList\",\"@id\":\"https:\/\/dientedelecheart.com\/web2022\/password-reset\/#breadcrumb\",\"itemListElement\":[{\"@type\":\"ListItem\",\"position\":1,\"name\":\"Home\",\"item\":\"https:\/\/dientedelecheart.com\/web2022\/\"},{\"@type\":\"ListItem\",\"position\":2,\"name\":\"Restablecer la contrase\u00f1a\"}]},{\"@type\":\"WebSite\",\"@id\":\"https:\/\/dientedelecheart.com\/web2022\/#website\",\"url\":\"https:\/\/dientedelecheart.com\/web2022\/\",\"name\":\"Diente de Leche Art\",\"description\":\"Diente de Leche Art\",\"publisher\":{\"@id\":\"https:\/\/dientedelecheart.com\/web2022\/#organization\"},\"potentialAction\":[{\"@type\":\"SearchAction\",\"target\":{\"@type\":\"EntryPoint\",\"urlTemplate\":\"https:\/\/dientedelecheart.com\/web2022\/?s={search_term_string}\"},\"query-input\":{\"@type\":\"PropertyValueSpecification\",\"valueRequired\":true,\"valueName\":\"search_term_string\"}}],\"inLanguage\":\"es-UY\"},{\"@type\":\"Organization\",\"@id\":\"https:\/\/dientedelecheart.com\/web2022\/#organization\",\"name\":\"Diente de Leche Art\",\"url\":\"https:\/\/dientedelecheart.com\/web2022\/\",\"logo\":{\"@type\":\"ImageObject\",\"inLanguage\":\"es-UY\",\"@id\":\"https:\/\/dientedelecheart.com\/web2022\/#\/schema\/logo\/image\/\",\"url\":\"https:\/\/i0.wp.com\/www.dientedelecheart.com\/web2022\/wp-content\/uploads\/2022\/04\/icono.png?fit=72%2C72&ssl=1\",\"contentUrl\":\"https:\/\/i0.wp.com\/www.dientedelecheart.com\/web2022\/wp-content\/uploads\/2022\/04\/icono.png?fit=72%2C72&ssl=1\",\"width\":72,\"height\":72,\"caption\":\"Diente de Leche Art\"},\"image\":{\"@id\":\"https:\/\/dientedelecheart.com\/web2022\/#\/schema\/logo\/image\/\"},\"sameAs\":[\"https:\/\/www.instagram.com\/dientedelecheart\/\"],\"email\":\"infodientedelecheart@gmail.com\",\"telephone\":\"+598 94 303 921\",\"legalName\":\"Diente de Leche Art\"}]}<\/script>\n<!-- \/ Yoast SEO Premium plugin. -->","yoast_head_json":{"title":"Restablecer la contrase\u00f1a - Diente de Leche Art","robots":{"index":"index","follow":"follow","max-snippet":"max-snippet:-1","max-image-preview":"max-image-preview:large","max-video-preview":"max-video-preview:-1"},"canonical":"https:\/\/dientedelecheart.com\/web2022\/password-reset\/","og_locale":"es_ES","og_type":"article","og_title":"Restablecer la contrase\u00f1a","og_url":"https:\/\/dientedelecheart.com\/web2022\/password-reset\/","og_site_name":"Diente de Leche Art","article_modified_time":"2022-08-09T22:54:55+00:00","og_image":[{"width":650,"height":372,"url":"https:\/\/i0.wp.com\/dientedelecheart.com\/web2022\/wp-content\/uploads\/2022\/04\/logo3.png?fit=650%2C372&ssl=1","type":"image\/png"}],"twitter_card":"summary_large_image","schema":{"@context":"https:\/\/schema.org","@graph":[{"@type":"WebPage","@id":"https:\/\/dientedelecheart.com\/web2022\/password-reset\/","url":"https:\/\/dientedelecheart.com\/web2022\/password-reset\/","name":"Restablecer la contrase\u00f1a - Diente de Leche Art","isPartOf":{"@id":"https:\/\/dientedelecheart.com\/web2022\/#website"},"datePublished":"2022-05-01T05:53:57+00:00","dateModified":"2022-08-09T22:54:55+00:00","breadcrumb":{"@id":"https:\/\/dientedelecheart.com\/web2022\/password-reset\/#breadcrumb"},"inLanguage":"es-UY","potentialAction":[{"@type":"ReadAction","target":["https:\/\/dientedelecheart.com\/web2022\/password-reset\/"]}]},{"@type":"BreadcrumbList","@id":"https:\/\/dientedelecheart.com\/web2022\/password-reset\/#breadcrumb","itemListElement":[{"@type":"ListItem","position":1,"name":"Home","item":"https:\/\/dientedelecheart.com\/web2022\/"},{"@type":"ListItem","position":2,"name":"Restablecer la contrase\u00f1a"}]},{"@type":"WebSite","@id":"https:\/\/dientedelecheart.com\/web2022\/#website","url":"https:\/\/dientedelecheart.com\/web2022\/","name":"Diente de Leche Art","description":"Diente de Leche Art","publisher":{"@id":"https:\/\/dientedelecheart.com\/web2022\/#organization"},"potentialAction":[{"@type":"SearchAction","target":{"@type":"EntryPoint","urlTemplate":"https:\/\/dientedelecheart.com\/web2022\/?s={search_term_string}"},"query-input":{"@type":"PropertyValueSpecification","valueRequired":true,"valueName":"search_term_string"}}],"inLanguage":"es-UY"},{"@type":"Organization","@id":"https:\/\/dientedelecheart.com\/web2022\/#organization","name":"Diente de Leche Art","url":"https:\/\/dientedelecheart.com\/web2022\/","logo":{"@type":"ImageObject","inLanguage":"es-UY","@id":"https:\/\/dientedelecheart.com\/web2022\/#\/schema\/logo\/image\/","url":"https:\/\/i0.wp.com\/www.dientedelecheart.com\/web2022\/wp-content\/uploads\/2022\/04\/icono.png?fit=72%2C72&ssl=1","contentUrl":"https:\/\/i0.wp.com\/www.dientedelecheart.com\/web2022\/wp-content\/uploads\/2022\/04\/icono.png?fit=72%2C72&ssl=1","width":72,"height":72,"caption":"Diente de Leche Art"},"image":{"@id":"https:\/\/dientedelecheart.com\/web2022\/#\/schema\/logo\/image\/"},"sameAs":["https:\/\/www.instagram.com\/dientedelecheart\/"],"email":"infodientedelecheart@gmail.com","telephone":"+598 94 303 921","legalName":"Diente de Leche Art"}]}},"jetpack_sharing_enabled":true,"_links":{"self":[{"href":"https:\/\/dientedelecheart.com\/web2022\/wp-json\/wp\/v2\/pages\/81328","targetHints":{"allow":["GET"]}}],"collection":[{"href":"https:\/\/dientedelecheart.com\/web2022\/wp-json\/wp\/v2\/pages"}],"about":[{"href":"https:\/\/dientedelecheart.com\/web2022\/wp-json\/wp\/v2\/types\/page"}],"author":[{"embeddable":true,"href":"https:\/\/dientedelecheart.com\/web2022\/wp-json\/wp\/v2\/users\/1"}],"replies":[{"embeddable":true,"href":"https:\/\/dientedelecheart.com\/web2022\/wp-json\/wp\/v2\/comments?post=81328"}],"version-history":[{"count":0,"href":"https:\/\/dientedelecheart.com\/web2022\/wp-json\/wp\/v2\/pages\/81328\/revisions"}],"wp:attachment":[{"href":"https:\/\/dientedelecheart.com\/web2022\/wp-json\/wp\/v2\/media?parent=81328"}],"curies":[{"name":"wp","href":"https:\/\/api.w.org\/{rel}","templated":true}]}}