{"id":25165,"date":"2020-07-28T23:11:51","date_gmt":"2020-07-29T02:11:51","guid":{"rendered":"https:\/\/www.dientedelecheart.com\/web2022\/productos\/import-placeholder-for-990\/"},"modified":"2020-07-28T23:11:52","modified_gmt":"2020-07-29T02:11:52","slug":"calligraphy-kit","status":"publish","type":"product","link":"https:\/\/dientedelecheart.com\/web2022\/productos\/lettering-y-caligrafia\/calligraphy-kit\/","title":{"rendered":"CALLIGRAPHY KIT"},"content":{"rendered":"","protected":false},"excerpt":{"rendered":"<p>PRODUCTO:<\/p>\n<p>Nombre: Kelly Creates Kit de Caligraf\u00eda 120 pz Lettering Edici\u00f3n Esp<br \/>Marca: Kelly Creates<\/p>\n<p>DESCRIPCI\u00d3N:<\/p>\n<p>Kelly Creates lanza nuevos productos para su l\u00ednea de caligraf\u00eda y lettering. Si te gusta el lettering o caligraf\u00eda, \u00a1es imposible resistirse a tener este complet\u00edsimo kit! Con el obtendr\u00e1s todo lo necesario para practicar el lettering y la caligraf\u00eda a un precio espectacular.<br \/>El paquete contiene:<\/p>\n<p>Un cuaderno de caligraf\u00eda para practicar con marcadores gruesos<br \/>Un cuaderno de caligraf\u00eda para practicar con marcadores finos<br \/>Un coj\u00edn de tinta color Gris claro<br \/>Un set con tres tarjetas dobles de 14&#215;10.5 en colores blanco, gris, menta y adornos metalizados en dorado. En su interior podr\u00e1s escribir tu dedicatoria.<br \/>2 sets de sellos trazables: uno con un alfabeto y otro con frases (modelo Quotes)<br \/>Un cuaderno de hojas blancas de 14.5 x 20 cm modelo \u00b4Make Your Mark\u00b4<br \/>Un cuaderno de hojas cuadriculadas de 14.5 x 20 cm modelo \u00b4Write On\u00b4<br \/>Un paquete de cartulinas lisas y sedosas tama\u00f1o A4 especiales para trazar: 4 unidades negras, 8 unidades blancas y 3 unidades kraft, con un cart\u00f3n grueso como base y que sirve de apoyo.<br \/>Un paquete con 4 cartulinas decoradas con frases y dorso blanco para trazar de 20.5 x 25.5 cm.<br \/>2 marcadores punta pincel en colores oro y plata<br \/>4 marcadores negros punta pincel: Fina, chica, mediana y Grande<br \/>9 marcadores de colores variados con punta pincel chica<br \/>8 marcadores con doble punta pincel Dreams Pens.<br \/>Una bolsa de transporte fabricada en tela Canvas de 39 x 32 cm con asas.<\/p>\n","protected":false},"featured_media":5218,"template":"","meta":[],"product_brand":[],"product_cat":[521],"product_tag":[],"class_list":{"0":"post-25165","1":"product","2":"type-product","3":"status-publish","4":"has-post-thumbnail","6":"product_cat-lettering-y-caligrafia","8":"first","9":"instock","10":"shipping-taxable","11":"purchasable","12":"product-type-simple","13":"add-to-wishlist-after_add_to_cart"},"yoast_head":"<!-- This site is optimized with the Yoast SEO Premium plugin v25.2 (Yoast SEO v25.2) - https:\/\/yoast.com\/wordpress\/plugins\/seo\/ -->\n<title>CALLIGRAPHY KIT - Diente de Leche Art<\/title>\n<meta name=\"description\" content=\"CALLIGRAPHY KIT - Diente de Leche Art\" \/>\n<meta name=\"robots\" content=\"index, follow, max-snippet:-1, max-image-preview:large, max-video-preview:-1\" \/>\n<link rel=\"canonical\" href=\"https:\/\/dientedelecheart.com\/web2022\/productos\/lettering-y-caligrafia\/calligraphy-kit\/\" \/>\n<meta property=\"og:locale\" content=\"es_ES\" \/>\n<meta property=\"og:type\" content=\"article\" \/>\n<meta property=\"og:title\" content=\"CALLIGRAPHY KIT\" \/>\n<meta property=\"og:description\" content=\"CALLIGRAPHY KIT - Diente de Leche Art\" \/>\n<meta property=\"og:url\" content=\"https:\/\/dientedelecheart.com\/web2022\/productos\/lettering-y-caligrafia\/calligraphy-kit\/\" \/>\n<meta property=\"og:site_name\" content=\"Diente de Leche Art\" \/>\n<meta property=\"article:modified_time\" content=\"2020-07-29T02:11:52+00:00\" \/>\n<meta property=\"og:image\" content=\"https:\/\/i0.wp.com\/dientedelecheart.com\/web2022\/wp-content\/uploads\/2020\/Productos\/KellyCreate\/DDL-KC-345560kelly-creates-kit-de-caligrafia-120-pz-lettering-edicion-esp-D_NQ_NP_685623-MLM31237611839_062019-F.jpg?fit=1048%2C516&ssl=1\" \/>\n\t<meta property=\"og:image:width\" content=\"1048\" \/>\n\t<meta property=\"og:image:height\" content=\"516\" \/>\n\t<meta property=\"og:image:type\" content=\"image\/jpeg\" \/>\n<meta name=\"twitter:card\" content=\"summary_large_image\" \/>\n<script type=\"application\/ld+json\" class=\"yoast-schema-graph\">{\"@context\":\"https:\/\/schema.org\",\"@graph\":[{\"@type\":\"WebPage\",\"@id\":\"https:\/\/dientedelecheart.com\/web2022\/productos\/lettering-y-caligrafia\/calligraphy-kit\/\",\"url\":\"https:\/\/dientedelecheart.com\/web2022\/productos\/lettering-y-caligrafia\/calligraphy-kit\/\",\"name\":\"CALLIGRAPHY KIT - Diente de Leche Art\",\"isPartOf\":{\"@id\":\"https:\/\/dientedelecheart.com\/web2022\/#website\"},\"primaryImageOfPage\":{\"@id\":\"https:\/\/dientedelecheart.com\/web2022\/productos\/lettering-y-caligrafia\/calligraphy-kit\/#primaryimage\"},\"image\":{\"@id\":\"https:\/\/dientedelecheart.com\/web2022\/productos\/lettering-y-caligrafia\/calligraphy-kit\/#primaryimage\"},\"thumbnailUrl\":\"https:\/\/i0.wp.com\/dientedelecheart.com\/web2022\/wp-content\/uploads\/2020\/Productos\/KellyCreate\/DDL-KC-345560kelly-creates-kit-de-caligrafia-120-pz-lettering-edicion-esp-D_NQ_NP_685623-MLM31237611839_062019-F.jpg?fit=1048%2C516&ssl=1\",\"datePublished\":\"2020-07-29T02:11:51+00:00\",\"dateModified\":\"2020-07-29T02:11:52+00:00\",\"description\":\"CALLIGRAPHY KIT - Diente de Leche Art\",\"breadcrumb\":{\"@id\":\"https:\/\/dientedelecheart.com\/web2022\/productos\/lettering-y-caligrafia\/calligraphy-kit\/#breadcrumb\"},\"inLanguage\":\"es-UY\",\"potentialAction\":[{\"@type\":\"ReadAction\",\"target\":[\"https:\/\/dientedelecheart.com\/web2022\/productos\/lettering-y-caligrafia\/calligraphy-kit\/\"]}]},{\"@type\":\"ImageObject\",\"inLanguage\":\"es-UY\",\"@id\":\"https:\/\/dientedelecheart.com\/web2022\/productos\/lettering-y-caligrafia\/calligraphy-kit\/#primaryimage\",\"url\":\"https:\/\/i0.wp.com\/dientedelecheart.com\/web2022\/wp-content\/uploads\/2020\/Productos\/KellyCreate\/DDL-KC-345560kelly-creates-kit-de-caligrafia-120-pz-lettering-edicion-esp-D_NQ_NP_685623-MLM31237611839_062019-F.jpg?fit=1048%2C516&ssl=1\",\"contentUrl\":\"https:\/\/i0.wp.com\/dientedelecheart.com\/web2022\/wp-content\/uploads\/2020\/Productos\/KellyCreate\/DDL-KC-345560kelly-creates-kit-de-caligrafia-120-pz-lettering-edicion-esp-D_NQ_NP_685623-MLM31237611839_062019-F.jpg?fit=1048%2C516&ssl=1\",\"width\":1048,\"height\":516},{\"@type\":\"BreadcrumbList\",\"@id\":\"https:\/\/dientedelecheart.com\/web2022\/productos\/lettering-y-caligrafia\/calligraphy-kit\/#breadcrumb\",\"itemListElement\":[{\"@type\":\"ListItem\",\"position\":1,\"name\":\"Home\",\"item\":\"https:\/\/dientedelecheart.com\/web2022\/\"},{\"@type\":\"ListItem\",\"position\":2,\"name\":\"Productos\",\"item\":\"https:\/\/dientedelecheart.com\/web2022\/?page_id=81891\"},{\"@type\":\"ListItem\",\"position\":3,\"name\":\"CALLIGRAPHY KIT\"}]},{\"@type\":\"WebSite\",\"@id\":\"https:\/\/dientedelecheart.com\/web2022\/#website\",\"url\":\"https:\/\/dientedelecheart.com\/web2022\/\",\"name\":\"Diente de Leche Art\",\"description\":\"Diente de Leche Art\",\"publisher\":{\"@id\":\"https:\/\/dientedelecheart.com\/web2022\/#organization\"},\"potentialAction\":[{\"@type\":\"SearchAction\",\"target\":{\"@type\":\"EntryPoint\",\"urlTemplate\":\"https:\/\/dientedelecheart.com\/web2022\/?s={search_term_string}\"},\"query-input\":{\"@type\":\"PropertyValueSpecification\",\"valueRequired\":true,\"valueName\":\"search_term_string\"}}],\"inLanguage\":\"es-UY\"},{\"@type\":\"Organization\",\"@id\":\"https:\/\/dientedelecheart.com\/web2022\/#organization\",\"name\":\"Diente de Leche Art\",\"url\":\"https:\/\/dientedelecheart.com\/web2022\/\",\"logo\":{\"@type\":\"ImageObject\",\"inLanguage\":\"es-UY\",\"@id\":\"https:\/\/dientedelecheart.com\/web2022\/#\/schema\/logo\/image\/\",\"url\":\"https:\/\/i0.wp.com\/www.dientedelecheart.com\/web2022\/wp-content\/uploads\/2022\/04\/icono.png?fit=72%2C72&ssl=1\",\"contentUrl\":\"https:\/\/i0.wp.com\/www.dientedelecheart.com\/web2022\/wp-content\/uploads\/2022\/04\/icono.png?fit=72%2C72&ssl=1\",\"width\":72,\"height\":72,\"caption\":\"Diente de Leche Art\"},\"image\":{\"@id\":\"https:\/\/dientedelecheart.com\/web2022\/#\/schema\/logo\/image\/\"},\"sameAs\":[\"https:\/\/www.instagram.com\/dientedelecheart\/\"],\"email\":\"infodientedelecheart@gmail.com\",\"telephone\":\"+598 94 303 921\",\"legalName\":\"Diente de Leche Art\"}]}<\/script>\n<!-- \/ Yoast SEO Premium plugin. -->","yoast_head_json":{"title":"CALLIGRAPHY KIT - Diente de Leche Art","description":"CALLIGRAPHY KIT - Diente de Leche Art","robots":{"index":"index","follow":"follow","max-snippet":"max-snippet:-1","max-image-preview":"max-image-preview:large","max-video-preview":"max-video-preview:-1"},"canonical":"https:\/\/dientedelecheart.com\/web2022\/productos\/lettering-y-caligrafia\/calligraphy-kit\/","og_locale":"es_ES","og_type":"article","og_title":"CALLIGRAPHY KIT","og_description":"CALLIGRAPHY KIT - Diente de Leche Art","og_url":"https:\/\/dientedelecheart.com\/web2022\/productos\/lettering-y-caligrafia\/calligraphy-kit\/","og_site_name":"Diente de Leche Art","article_modified_time":"2020-07-29T02:11:52+00:00","og_image":[{"width":1048,"height":516,"url":"https:\/\/i0.wp.com\/dientedelecheart.com\/web2022\/wp-content\/uploads\/2020\/Productos\/KellyCreate\/DDL-KC-345560kelly-creates-kit-de-caligrafia-120-pz-lettering-edicion-esp-D_NQ_NP_685623-MLM31237611839_062019-F.jpg?fit=1048%2C516&ssl=1","type":"image\/jpeg"}],"twitter_card":"summary_large_image","schema":{"@context":"https:\/\/schema.org","@graph":[{"@type":"WebPage","@id":"https:\/\/dientedelecheart.com\/web2022\/productos\/lettering-y-caligrafia\/calligraphy-kit\/","url":"https:\/\/dientedelecheart.com\/web2022\/productos\/lettering-y-caligrafia\/calligraphy-kit\/","name":"CALLIGRAPHY KIT - Diente de Leche Art","isPartOf":{"@id":"https:\/\/dientedelecheart.com\/web2022\/#website"},"primaryImageOfPage":{"@id":"https:\/\/dientedelecheart.com\/web2022\/productos\/lettering-y-caligrafia\/calligraphy-kit\/#primaryimage"},"image":{"@id":"https:\/\/dientedelecheart.com\/web2022\/productos\/lettering-y-caligrafia\/calligraphy-kit\/#primaryimage"},"thumbnailUrl":"https:\/\/i0.wp.com\/dientedelecheart.com\/web2022\/wp-content\/uploads\/2020\/Productos\/KellyCreate\/DDL-KC-345560kelly-creates-kit-de-caligrafia-120-pz-lettering-edicion-esp-D_NQ_NP_685623-MLM31237611839_062019-F.jpg?fit=1048%2C516&ssl=1","datePublished":"2020-07-29T02:11:51+00:00","dateModified":"2020-07-29T02:11:52+00:00","description":"CALLIGRAPHY KIT - Diente de Leche Art","breadcrumb":{"@id":"https:\/\/dientedelecheart.com\/web2022\/productos\/lettering-y-caligrafia\/calligraphy-kit\/#breadcrumb"},"inLanguage":"es-UY","potentialAction":[{"@type":"ReadAction","target":["https:\/\/dientedelecheart.com\/web2022\/productos\/lettering-y-caligrafia\/calligraphy-kit\/"]}]},{"@type":"ImageObject","inLanguage":"es-UY","@id":"https:\/\/dientedelecheart.com\/web2022\/productos\/lettering-y-caligrafia\/calligraphy-kit\/#primaryimage","url":"https:\/\/i0.wp.com\/dientedelecheart.com\/web2022\/wp-content\/uploads\/2020\/Productos\/KellyCreate\/DDL-KC-345560kelly-creates-kit-de-caligrafia-120-pz-lettering-edicion-esp-D_NQ_NP_685623-MLM31237611839_062019-F.jpg?fit=1048%2C516&ssl=1","contentUrl":"https:\/\/i0.wp.com\/dientedelecheart.com\/web2022\/wp-content\/uploads\/2020\/Productos\/KellyCreate\/DDL-KC-345560kelly-creates-kit-de-caligrafia-120-pz-lettering-edicion-esp-D_NQ_NP_685623-MLM31237611839_062019-F.jpg?fit=1048%2C516&ssl=1","width":1048,"height":516},{"@type":"BreadcrumbList","@id":"https:\/\/dientedelecheart.com\/web2022\/productos\/lettering-y-caligrafia\/calligraphy-kit\/#breadcrumb","itemListElement":[{"@type":"ListItem","position":1,"name":"Home","item":"https:\/\/dientedelecheart.com\/web2022\/"},{"@type":"ListItem","position":2,"name":"Productos","item":"https:\/\/dientedelecheart.com\/web2022\/?page_id=81891"},{"@type":"ListItem","position":3,"name":"CALLIGRAPHY KIT"}]},{"@type":"WebSite","@id":"https:\/\/dientedelecheart.com\/web2022\/#website","url":"https:\/\/dientedelecheart.com\/web2022\/","name":"Diente de Leche Art","description":"Diente de Leche Art","publisher":{"@id":"https:\/\/dientedelecheart.com\/web2022\/#organization"},"potentialAction":[{"@type":"SearchAction","target":{"@type":"EntryPoint","urlTemplate":"https:\/\/dientedelecheart.com\/web2022\/?s={search_term_string}"},"query-input":{"@type":"PropertyValueSpecification","valueRequired":true,"valueName":"search_term_string"}}],"inLanguage":"es-UY"},{"@type":"Organization","@id":"https:\/\/dientedelecheart.com\/web2022\/#organization","name":"Diente de Leche Art","url":"https:\/\/dientedelecheart.com\/web2022\/","logo":{"@type":"ImageObject","inLanguage":"es-UY","@id":"https:\/\/dientedelecheart.com\/web2022\/#\/schema\/logo\/image\/","url":"https:\/\/i0.wp.com\/www.dientedelecheart.com\/web2022\/wp-content\/uploads\/2022\/04\/icono.png?fit=72%2C72&ssl=1","contentUrl":"https:\/\/i0.wp.com\/www.dientedelecheart.com\/web2022\/wp-content\/uploads\/2022\/04\/icono.png?fit=72%2C72&ssl=1","width":72,"height":72,"caption":"Diente de Leche Art"},"image":{"@id":"https:\/\/dientedelecheart.com\/web2022\/#\/schema\/logo\/image\/"},"sameAs":["https:\/\/www.instagram.com\/dientedelecheart\/"],"email":"infodientedelecheart@gmail.com","telephone":"+598 94 303 921","legalName":"Diente de Leche Art"}]}},"jetpack_sharing_enabled":true,"_links":{"self":[{"href":"https:\/\/dientedelecheart.com\/web2022\/wp-json\/wp\/v2\/product\/25165","targetHints":{"allow":["GET"]}}],"collection":[{"href":"https:\/\/dientedelecheart.com\/web2022\/wp-json\/wp\/v2\/product"}],"about":[{"href":"https:\/\/dientedelecheart.com\/web2022\/wp-json\/wp\/v2\/types\/product"}],"wp:featuredmedia":[{"embeddable":true,"href":"https:\/\/dientedelecheart.com\/web2022\/wp-json\/wp\/v2\/media\/5218"}],"wp:attachment":[{"href":"https:\/\/dientedelecheart.com\/web2022\/wp-json\/wp\/v2\/media?parent=25165"}],"wp:term":[{"taxonomy":"product_brand","embeddable":true,"href":"https:\/\/dientedelecheart.com\/web2022\/wp-json\/wp\/v2\/product_brand?post=25165"},{"taxonomy":"product_cat","embeddable":true,"href":"https:\/\/dientedelecheart.com\/web2022\/wp-json\/wp\/v2\/product_cat?post=25165"},{"taxonomy":"product_tag","embeddable":true,"href":"https:\/\/dientedelecheart.com\/web2022\/wp-json\/wp\/v2\/product_tag?post=25165"}],"curies":[{"name":"wp","href":"https:\/\/api.w.org\/{rel}","templated":true}]}}