{"id":28092,"date":"2020-07-29T00:53:47","date_gmt":"2020-07-29T03:53:47","guid":{"rendered":"https:\/\/www.dientedelecheart.com\/web2022\/productos\/import-placeholder-for-4353\/"},"modified":"2020-07-29T00:53:57","modified_gmt":"2020-07-29T03:53:57","slug":"cortador-circular-con-soporte","status":"publish","type":"product","link":"https:\/\/dientedelecheart.com\/web2022\/productos\/scrapbook\/herramientas-scrapbook\/toke-e-crie-herramientas-scrapbook\/cortador-circular-con-soporte\/","title":{"rendered":"Cortador Circular con Soporte"},"content":{"rendered":"","protected":false},"excerpt":{"rendered":"<p>Cortador de c\u00edrculos perfectos desde 2.4cm hasta 15.3cm de di\u00e1metro. Posee un sistema de l\u00e1mina retractil de facil regulaci\u00f3n. Con marcas en cent\u00edmetros. Indicado para papeles de 90 hasta 220gr y goma Eva de 2mm. Con una base de goma, garantiza la advertencia al material a ser cortado sin da\u00f1arlo. La acompa\u00f1an tres l\u00e1minas de repuesto almacenadas en la parte inferior de uno de los cantos. Debe ser usado sobre la base de corte. Indicado para trabajos de Scrapbook y diversos trabajos artesanales.<\/p>\n","protected":false},"featured_media":15522,"template":"","meta":[],"product_brand":[],"product_cat":[678],"product_tag":[],"class_list":{"0":"post-28092","1":"product","2":"type-product","3":"status-publish","4":"has-post-thumbnail","6":"product_cat-toke-e-crie-herramientas-scrapbook","8":"first","9":"instock","10":"shipping-taxable","11":"purchasable","12":"product-type-simple","13":"add-to-wishlist-after_add_to_cart"},"yoast_head":"<!-- This site is optimized with the Yoast SEO Premium plugin v25.2 (Yoast SEO v25.2) - https:\/\/yoast.com\/wordpress\/plugins\/seo\/ -->\n<title>Cortador Circular con Soporte - Diente de Leche Art<\/title>\n<meta name=\"description\" content=\"Cortador Circular con Soporte - Diente de Leche Art\" \/>\n<meta name=\"robots\" content=\"index, follow, max-snippet:-1, max-image-preview:large, max-video-preview:-1\" \/>\n<link rel=\"canonical\" href=\"https:\/\/dientedelecheart.com\/web2022\/productos\/scrapbook\/herramientas-scrapbook\/toke-e-crie-herramientas-scrapbook\/cortador-circular-con-soporte\/\" \/>\n<meta property=\"og:locale\" content=\"es_ES\" \/>\n<meta property=\"og:type\" content=\"article\" \/>\n<meta property=\"og:title\" content=\"Cortador Circular con Soporte\" \/>\n<meta property=\"og:description\" content=\"Cortador Circular con Soporte - Diente de Leche Art\" \/>\n<meta property=\"og:url\" content=\"https:\/\/dientedelecheart.com\/web2022\/productos\/scrapbook\/herramientas-scrapbook\/toke-e-crie-herramientas-scrapbook\/cortador-circular-con-soporte\/\" \/>\n<meta property=\"og:site_name\" content=\"Diente de Leche Art\" \/>\n<meta property=\"article:modified_time\" content=\"2020-07-29T03:53:57+00:00\" \/>\n<meta property=\"og:image\" content=\"https:\/\/i0.wp.com\/dientedelecheart.com\/web2022\/wp-content\/uploads\/2020\/Productos\/TEC\/DDL-TC-16079-H.jpg?fit=1000%2C1000&ssl=1\" \/>\n\t<meta property=\"og:image:width\" content=\"1000\" \/>\n\t<meta property=\"og:image:height\" content=\"1000\" \/>\n\t<meta property=\"og:image:type\" content=\"image\/jpeg\" \/>\n<meta name=\"twitter:card\" content=\"summary_large_image\" \/>\n<script type=\"application\/ld+json\" class=\"yoast-schema-graph\">{\"@context\":\"https:\/\/schema.org\",\"@graph\":[{\"@type\":\"WebPage\",\"@id\":\"https:\/\/dientedelecheart.com\/web2022\/productos\/scrapbook\/herramientas-scrapbook\/toke-e-crie-herramientas-scrapbook\/cortador-circular-con-soporte\/\",\"url\":\"https:\/\/dientedelecheart.com\/web2022\/productos\/scrapbook\/herramientas-scrapbook\/toke-e-crie-herramientas-scrapbook\/cortador-circular-con-soporte\/\",\"name\":\"Cortador Circular con Soporte - Diente de Leche Art\",\"isPartOf\":{\"@id\":\"https:\/\/dientedelecheart.com\/web2022\/#website\"},\"primaryImageOfPage\":{\"@id\":\"https:\/\/dientedelecheart.com\/web2022\/productos\/scrapbook\/herramientas-scrapbook\/toke-e-crie-herramientas-scrapbook\/cortador-circular-con-soporte\/#primaryimage\"},\"image\":{\"@id\":\"https:\/\/dientedelecheart.com\/web2022\/productos\/scrapbook\/herramientas-scrapbook\/toke-e-crie-herramientas-scrapbook\/cortador-circular-con-soporte\/#primaryimage\"},\"thumbnailUrl\":\"https:\/\/i0.wp.com\/dientedelecheart.com\/web2022\/wp-content\/uploads\/2020\/Productos\/TEC\/DDL-TC-16079-H.jpg?fit=1000%2C1000&ssl=1\",\"datePublished\":\"2020-07-29T03:53:47+00:00\",\"dateModified\":\"2020-07-29T03:53:57+00:00\",\"description\":\"Cortador Circular con Soporte - Diente de Leche Art\",\"breadcrumb\":{\"@id\":\"https:\/\/dientedelecheart.com\/web2022\/productos\/scrapbook\/herramientas-scrapbook\/toke-e-crie-herramientas-scrapbook\/cortador-circular-con-soporte\/#breadcrumb\"},\"inLanguage\":\"es-UY\",\"potentialAction\":[{\"@type\":\"ReadAction\",\"target\":[\"https:\/\/dientedelecheart.com\/web2022\/productos\/scrapbook\/herramientas-scrapbook\/toke-e-crie-herramientas-scrapbook\/cortador-circular-con-soporte\/\"]}]},{\"@type\":\"ImageObject\",\"inLanguage\":\"es-UY\",\"@id\":\"https:\/\/dientedelecheart.com\/web2022\/productos\/scrapbook\/herramientas-scrapbook\/toke-e-crie-herramientas-scrapbook\/cortador-circular-con-soporte\/#primaryimage\",\"url\":\"https:\/\/i0.wp.com\/dientedelecheart.com\/web2022\/wp-content\/uploads\/2020\/Productos\/TEC\/DDL-TC-16079-H.jpg?fit=1000%2C1000&ssl=1\",\"contentUrl\":\"https:\/\/i0.wp.com\/dientedelecheart.com\/web2022\/wp-content\/uploads\/2020\/Productos\/TEC\/DDL-TC-16079-H.jpg?fit=1000%2C1000&ssl=1\",\"width\":1000,\"height\":1000},{\"@type\":\"BreadcrumbList\",\"@id\":\"https:\/\/dientedelecheart.com\/web2022\/productos\/scrapbook\/herramientas-scrapbook\/toke-e-crie-herramientas-scrapbook\/cortador-circular-con-soporte\/#breadcrumb\",\"itemListElement\":[{\"@type\":\"ListItem\",\"position\":1,\"name\":\"Home\",\"item\":\"https:\/\/dientedelecheart.com\/web2022\/\"},{\"@type\":\"ListItem\",\"position\":2,\"name\":\"Productos\",\"item\":\"https:\/\/dientedelecheart.com\/web2022\/?page_id=81891\"},{\"@type\":\"ListItem\",\"position\":3,\"name\":\"Cortador Circular con Soporte\"}]},{\"@type\":\"WebSite\",\"@id\":\"https:\/\/dientedelecheart.com\/web2022\/#website\",\"url\":\"https:\/\/dientedelecheart.com\/web2022\/\",\"name\":\"Diente de Leche Art\",\"description\":\"Diente de Leche Art\",\"publisher\":{\"@id\":\"https:\/\/dientedelecheart.com\/web2022\/#organization\"},\"potentialAction\":[{\"@type\":\"SearchAction\",\"target\":{\"@type\":\"EntryPoint\",\"urlTemplate\":\"https:\/\/dientedelecheart.com\/web2022\/?s={search_term_string}\"},\"query-input\":{\"@type\":\"PropertyValueSpecification\",\"valueRequired\":true,\"valueName\":\"search_term_string\"}}],\"inLanguage\":\"es-UY\"},{\"@type\":\"Organization\",\"@id\":\"https:\/\/dientedelecheart.com\/web2022\/#organization\",\"name\":\"Diente de Leche Art\",\"url\":\"https:\/\/dientedelecheart.com\/web2022\/\",\"logo\":{\"@type\":\"ImageObject\",\"inLanguage\":\"es-UY\",\"@id\":\"https:\/\/dientedelecheart.com\/web2022\/#\/schema\/logo\/image\/\",\"url\":\"https:\/\/i0.wp.com\/www.dientedelecheart.com\/web2022\/wp-content\/uploads\/2022\/04\/icono.png?fit=72%2C72&ssl=1\",\"contentUrl\":\"https:\/\/i0.wp.com\/www.dientedelecheart.com\/web2022\/wp-content\/uploads\/2022\/04\/icono.png?fit=72%2C72&ssl=1\",\"width\":72,\"height\":72,\"caption\":\"Diente de Leche Art\"},\"image\":{\"@id\":\"https:\/\/dientedelecheart.com\/web2022\/#\/schema\/logo\/image\/\"},\"sameAs\":[\"https:\/\/www.instagram.com\/dientedelecheart\/\"],\"email\":\"infodientedelecheart@gmail.com\",\"telephone\":\"+598 94 303 921\",\"legalName\":\"Diente de Leche Art\"}]}<\/script>\n<!-- \/ Yoast SEO Premium plugin. -->","yoast_head_json":{"title":"Cortador Circular con Soporte - Diente de Leche Art","description":"Cortador Circular con Soporte - Diente de Leche Art","robots":{"index":"index","follow":"follow","max-snippet":"max-snippet:-1","max-image-preview":"max-image-preview:large","max-video-preview":"max-video-preview:-1"},"canonical":"https:\/\/dientedelecheart.com\/web2022\/productos\/scrapbook\/herramientas-scrapbook\/toke-e-crie-herramientas-scrapbook\/cortador-circular-con-soporte\/","og_locale":"es_ES","og_type":"article","og_title":"Cortador Circular con Soporte","og_description":"Cortador Circular con Soporte - Diente de Leche Art","og_url":"https:\/\/dientedelecheart.com\/web2022\/productos\/scrapbook\/herramientas-scrapbook\/toke-e-crie-herramientas-scrapbook\/cortador-circular-con-soporte\/","og_site_name":"Diente de Leche Art","article_modified_time":"2020-07-29T03:53:57+00:00","og_image":[{"width":1000,"height":1000,"url":"https:\/\/i0.wp.com\/dientedelecheart.com\/web2022\/wp-content\/uploads\/2020\/Productos\/TEC\/DDL-TC-16079-H.jpg?fit=1000%2C1000&ssl=1","type":"image\/jpeg"}],"twitter_card":"summary_large_image","schema":{"@context":"https:\/\/schema.org","@graph":[{"@type":"WebPage","@id":"https:\/\/dientedelecheart.com\/web2022\/productos\/scrapbook\/herramientas-scrapbook\/toke-e-crie-herramientas-scrapbook\/cortador-circular-con-soporte\/","url":"https:\/\/dientedelecheart.com\/web2022\/productos\/scrapbook\/herramientas-scrapbook\/toke-e-crie-herramientas-scrapbook\/cortador-circular-con-soporte\/","name":"Cortador Circular con Soporte - Diente de Leche Art","isPartOf":{"@id":"https:\/\/dientedelecheart.com\/web2022\/#website"},"primaryImageOfPage":{"@id":"https:\/\/dientedelecheart.com\/web2022\/productos\/scrapbook\/herramientas-scrapbook\/toke-e-crie-herramientas-scrapbook\/cortador-circular-con-soporte\/#primaryimage"},"image":{"@id":"https:\/\/dientedelecheart.com\/web2022\/productos\/scrapbook\/herramientas-scrapbook\/toke-e-crie-herramientas-scrapbook\/cortador-circular-con-soporte\/#primaryimage"},"thumbnailUrl":"https:\/\/i0.wp.com\/dientedelecheart.com\/web2022\/wp-content\/uploads\/2020\/Productos\/TEC\/DDL-TC-16079-H.jpg?fit=1000%2C1000&ssl=1","datePublished":"2020-07-29T03:53:47+00:00","dateModified":"2020-07-29T03:53:57+00:00","description":"Cortador Circular con Soporte - Diente de Leche Art","breadcrumb":{"@id":"https:\/\/dientedelecheart.com\/web2022\/productos\/scrapbook\/herramientas-scrapbook\/toke-e-crie-herramientas-scrapbook\/cortador-circular-con-soporte\/#breadcrumb"},"inLanguage":"es-UY","potentialAction":[{"@type":"ReadAction","target":["https:\/\/dientedelecheart.com\/web2022\/productos\/scrapbook\/herramientas-scrapbook\/toke-e-crie-herramientas-scrapbook\/cortador-circular-con-soporte\/"]}]},{"@type":"ImageObject","inLanguage":"es-UY","@id":"https:\/\/dientedelecheart.com\/web2022\/productos\/scrapbook\/herramientas-scrapbook\/toke-e-crie-herramientas-scrapbook\/cortador-circular-con-soporte\/#primaryimage","url":"https:\/\/i0.wp.com\/dientedelecheart.com\/web2022\/wp-content\/uploads\/2020\/Productos\/TEC\/DDL-TC-16079-H.jpg?fit=1000%2C1000&ssl=1","contentUrl":"https:\/\/i0.wp.com\/dientedelecheart.com\/web2022\/wp-content\/uploads\/2020\/Productos\/TEC\/DDL-TC-16079-H.jpg?fit=1000%2C1000&ssl=1","width":1000,"height":1000},{"@type":"BreadcrumbList","@id":"https:\/\/dientedelecheart.com\/web2022\/productos\/scrapbook\/herramientas-scrapbook\/toke-e-crie-herramientas-scrapbook\/cortador-circular-con-soporte\/#breadcrumb","itemListElement":[{"@type":"ListItem","position":1,"name":"Home","item":"https:\/\/dientedelecheart.com\/web2022\/"},{"@type":"ListItem","position":2,"name":"Productos","item":"https:\/\/dientedelecheart.com\/web2022\/?page_id=81891"},{"@type":"ListItem","position":3,"name":"Cortador Circular con Soporte"}]},{"@type":"WebSite","@id":"https:\/\/dientedelecheart.com\/web2022\/#website","url":"https:\/\/dientedelecheart.com\/web2022\/","name":"Diente de Leche Art","description":"Diente de Leche Art","publisher":{"@id":"https:\/\/dientedelecheart.com\/web2022\/#organization"},"potentialAction":[{"@type":"SearchAction","target":{"@type":"EntryPoint","urlTemplate":"https:\/\/dientedelecheart.com\/web2022\/?s={search_term_string}"},"query-input":{"@type":"PropertyValueSpecification","valueRequired":true,"valueName":"search_term_string"}}],"inLanguage":"es-UY"},{"@type":"Organization","@id":"https:\/\/dientedelecheart.com\/web2022\/#organization","name":"Diente de Leche Art","url":"https:\/\/dientedelecheart.com\/web2022\/","logo":{"@type":"ImageObject","inLanguage":"es-UY","@id":"https:\/\/dientedelecheart.com\/web2022\/#\/schema\/logo\/image\/","url":"https:\/\/i0.wp.com\/www.dientedelecheart.com\/web2022\/wp-content\/uploads\/2022\/04\/icono.png?fit=72%2C72&ssl=1","contentUrl":"https:\/\/i0.wp.com\/www.dientedelecheart.com\/web2022\/wp-content\/uploads\/2022\/04\/icono.png?fit=72%2C72&ssl=1","width":72,"height":72,"caption":"Diente de Leche Art"},"image":{"@id":"https:\/\/dientedelecheart.com\/web2022\/#\/schema\/logo\/image\/"},"sameAs":["https:\/\/www.instagram.com\/dientedelecheart\/"],"email":"infodientedelecheart@gmail.com","telephone":"+598 94 303 921","legalName":"Diente de Leche Art"}]}},"jetpack_sharing_enabled":true,"_links":{"self":[{"href":"https:\/\/dientedelecheart.com\/web2022\/wp-json\/wp\/v2\/product\/28092","targetHints":{"allow":["GET"]}}],"collection":[{"href":"https:\/\/dientedelecheart.com\/web2022\/wp-json\/wp\/v2\/product"}],"about":[{"href":"https:\/\/dientedelecheart.com\/web2022\/wp-json\/wp\/v2\/types\/product"}],"wp:featuredmedia":[{"embeddable":true,"href":"https:\/\/dientedelecheart.com\/web2022\/wp-json\/wp\/v2\/media\/15522"}],"wp:attachment":[{"href":"https:\/\/dientedelecheart.com\/web2022\/wp-json\/wp\/v2\/media?parent=28092"}],"wp:term":[{"taxonomy":"product_brand","embeddable":true,"href":"https:\/\/dientedelecheart.com\/web2022\/wp-json\/wp\/v2\/product_brand?post=28092"},{"taxonomy":"product_cat","embeddable":true,"href":"https:\/\/dientedelecheart.com\/web2022\/wp-json\/wp\/v2\/product_cat?post=28092"},{"taxonomy":"product_tag","embeddable":true,"href":"https:\/\/dientedelecheart.com\/web2022\/wp-json\/wp\/v2\/product_tag?post=28092"}],"curies":[{"name":"wp","href":"https:\/\/api.w.org\/{rel}","templated":true}]}}