{"id":31740,"date":"2020-07-29T02:24:16","date_gmt":"2020-07-29T05:24:16","guid":{"rendered":"https:\/\/www.dientedelecheart.com\/web2022\/productos\/import-placeholder-for-7983\/"},"modified":"2022-05-12T15:52:08","modified_gmt":"2022-05-12T18:52:08","slug":"sizzix-big-shot-plus-machine-only-white-gray","status":"publish","type":"product","link":"https:\/\/dientedelecheart.com\/web2022\/productos\/sizzix\/maquinas\/sizzix-big-shot-plus-machine-only-white-gray\/","title":{"rendered":"Sizzix Big Shot Plus Machine Only (White &#038; Gray)"},"content":{"rendered":"","protected":false},"excerpt":{"rendered":"<p>\u00a1Es todo lo que te gusta del Big Shot, adem\u00e1s de la versatilidad para usar materiales de 8 1\/2 \u00b4x 11\u00b4! Con un elegante esquema de color blanco y gris y el logotipo de Sizzix grabado en el mango, la m\u00e1quina Big Shot Plus Fabric Series ofrece un gran atractivo con la misma versatilidad de trabajar con toda la biblioteca de productos Sizzix (con la excepci\u00f3n de los troqueles Bigz Pro) &#8211; incluyendo nuestros troqueles y herramientas de estampado con respaldo de pl\u00e1stico de 9 \u00b4de ancho, desde el m\u00e1s peque\u00f1o hasta el m\u00e1s grande. Si eso no fuera lo suficientemente grande, esta m\u00e1quina de rodillos port\u00e1til corta y estampa muchos materiales diferentes. Cree sus propias tarjetas, invitaciones \u00fanicas en su tipo , p\u00e1ginas de \u00e1lbumes de recortes, decoraci\u00f3n del hogar, moda, acolchado y mucho m\u00e1s (para garantizar la compatibilidad, siempre verifique los requisitos de la m\u00e1quina y los accesorios. Los accesorios de la m\u00e1quina pueden venderse por separado).<\/p>\n<p>Con Big Shot Plus se incluyen un par de almohadillas de corte est\u00e1ndar y la plataforma Big Shot Plus y los adaptadores A y B, lo que hace que todos los componentes Sizzix sean m\u00e1s delgados que un Bigz Die compatible con la m\u00e1quina Big Shot Plus e incluso funciona con troqueles de otras marcas y herramientas de estampado! Los diagramas en las Plataformas y Adaptadores ofrecen pautas sencillas sobre c\u00f3mo hacer el s\u00e1ndwich Sizzix perfecto.<\/p>\n<p>La m\u00e1quina Big Shot Plus mide aproximadamente 15 3\/4 \u00b4x 11 3\/4\u00b4 x 7 1\/2 \u00b4.<\/p>\n","protected":false},"featured_media":13504,"template":"","meta":[],"product_brand":[],"product_cat":[782],"product_tag":[],"class_list":{"0":"post-31740","1":"product","2":"type-product","3":"status-publish","4":"has-post-thumbnail","6":"product_cat-maquinas","8":"first","9":"instock","10":"shipping-taxable","11":"purchasable","12":"product-type-simple","13":"add-to-wishlist-after_add_to_cart"},"yoast_head":"<!-- This site is optimized with the Yoast SEO Premium plugin v25.2 (Yoast SEO v25.2) - https:\/\/yoast.com\/wordpress\/plugins\/seo\/ -->\n<title>Sizzix Big Shot Plus Machine Only (White &amp; Gray) - Diente de Leche Art<\/title>\n<meta name=\"description\" content=\"Sizzix Big Shot Plus Machine Only (White &amp; Gray) - Diente de Leche Art\" \/>\n<meta name=\"robots\" content=\"index, follow, max-snippet:-1, max-image-preview:large, max-video-preview:-1\" \/>\n<link rel=\"canonical\" href=\"https:\/\/dientedelecheart.com\/web2022\/productos\/sizzix\/maquinas\/sizzix-big-shot-plus-machine-only-white-gray\/\" \/>\n<meta property=\"og:locale\" content=\"es_ES\" \/>\n<meta property=\"og:type\" content=\"article\" \/>\n<meta property=\"og:title\" content=\"Sizzix Big Shot Plus Machine Only (White &amp; Gray)\" \/>\n<meta property=\"og:description\" content=\"Sizzix Big Shot Plus Machine Only (White &amp; Gray) - Diente de Leche Art\" \/>\n<meta property=\"og:url\" content=\"https:\/\/dientedelecheart.com\/web2022\/productos\/sizzix\/maquinas\/sizzix-big-shot-plus-machine-only-white-gray\/\" \/>\n<meta property=\"og:site_name\" content=\"Diente de Leche Art\" \/>\n<meta property=\"article:modified_time\" content=\"2022-05-12T18:52:08+00:00\" \/>\n<meta property=\"og:image\" content=\"https:\/\/i0.wp.com\/dientedelecheart.com\/web2022\/wp-content\/uploads\/2020\/Productos\/Sizzix_3\/DDL-SZ-660340.jpg?fit=1000%2C1000&ssl=1\" \/>\n\t<meta property=\"og:image:width\" content=\"1000\" \/>\n\t<meta property=\"og:image:height\" content=\"1000\" \/>\n\t<meta property=\"og:image:type\" content=\"image\/jpeg\" \/>\n<meta name=\"twitter:card\" content=\"summary_large_image\" \/>\n<script type=\"application\/ld+json\" class=\"yoast-schema-graph\">{\"@context\":\"https:\/\/schema.org\",\"@graph\":[{\"@type\":\"WebPage\",\"@id\":\"https:\/\/dientedelecheart.com\/web2022\/productos\/sizzix\/maquinas\/sizzix-big-shot-plus-machine-only-white-gray\/\",\"url\":\"https:\/\/dientedelecheart.com\/web2022\/productos\/sizzix\/maquinas\/sizzix-big-shot-plus-machine-only-white-gray\/\",\"name\":\"Sizzix Big Shot Plus Machine Only (White & Gray) - Diente de Leche Art\",\"isPartOf\":{\"@id\":\"https:\/\/dientedelecheart.com\/web2022\/#website\"},\"primaryImageOfPage\":{\"@id\":\"https:\/\/dientedelecheart.com\/web2022\/productos\/sizzix\/maquinas\/sizzix-big-shot-plus-machine-only-white-gray\/#primaryimage\"},\"image\":{\"@id\":\"https:\/\/dientedelecheart.com\/web2022\/productos\/sizzix\/maquinas\/sizzix-big-shot-plus-machine-only-white-gray\/#primaryimage\"},\"thumbnailUrl\":\"https:\/\/i0.wp.com\/dientedelecheart.com\/web2022\/wp-content\/uploads\/2020\/Productos\/Sizzix_3\/DDL-SZ-660340.jpg?fit=1000%2C1000&ssl=1\",\"datePublished\":\"2020-07-29T05:24:16+00:00\",\"dateModified\":\"2022-05-12T18:52:08+00:00\",\"description\":\"Sizzix Big Shot Plus Machine Only (White & Gray) - Diente de Leche Art\",\"breadcrumb\":{\"@id\":\"https:\/\/dientedelecheart.com\/web2022\/productos\/sizzix\/maquinas\/sizzix-big-shot-plus-machine-only-white-gray\/#breadcrumb\"},\"inLanguage\":\"es-UY\",\"potentialAction\":[{\"@type\":\"ReadAction\",\"target\":[\"https:\/\/dientedelecheart.com\/web2022\/productos\/sizzix\/maquinas\/sizzix-big-shot-plus-machine-only-white-gray\/\"]}]},{\"@type\":\"ImageObject\",\"inLanguage\":\"es-UY\",\"@id\":\"https:\/\/dientedelecheart.com\/web2022\/productos\/sizzix\/maquinas\/sizzix-big-shot-plus-machine-only-white-gray\/#primaryimage\",\"url\":\"https:\/\/i0.wp.com\/dientedelecheart.com\/web2022\/wp-content\/uploads\/2020\/Productos\/Sizzix_3\/DDL-SZ-660340.jpg?fit=1000%2C1000&ssl=1\",\"contentUrl\":\"https:\/\/i0.wp.com\/dientedelecheart.com\/web2022\/wp-content\/uploads\/2020\/Productos\/Sizzix_3\/DDL-SZ-660340.jpg?fit=1000%2C1000&ssl=1\",\"width\":1000,\"height\":1000},{\"@type\":\"BreadcrumbList\",\"@id\":\"https:\/\/dientedelecheart.com\/web2022\/productos\/sizzix\/maquinas\/sizzix-big-shot-plus-machine-only-white-gray\/#breadcrumb\",\"itemListElement\":[{\"@type\":\"ListItem\",\"position\":1,\"name\":\"Home\",\"item\":\"https:\/\/dientedelecheart.com\/web2022\/\"},{\"@type\":\"ListItem\",\"position\":2,\"name\":\"Productos\",\"item\":\"https:\/\/dientedelecheart.com\/web2022\/?page_id=81891\"},{\"@type\":\"ListItem\",\"position\":3,\"name\":\"Sizzix Big Shot Plus Machine Only (White &#038; Gray)\"}]},{\"@type\":\"WebSite\",\"@id\":\"https:\/\/dientedelecheart.com\/web2022\/#website\",\"url\":\"https:\/\/dientedelecheart.com\/web2022\/\",\"name\":\"Diente de Leche Art\",\"description\":\"Diente de Leche Art\",\"publisher\":{\"@id\":\"https:\/\/dientedelecheart.com\/web2022\/#organization\"},\"potentialAction\":[{\"@type\":\"SearchAction\",\"target\":{\"@type\":\"EntryPoint\",\"urlTemplate\":\"https:\/\/dientedelecheart.com\/web2022\/?s={search_term_string}\"},\"query-input\":{\"@type\":\"PropertyValueSpecification\",\"valueRequired\":true,\"valueName\":\"search_term_string\"}}],\"inLanguage\":\"es-UY\"},{\"@type\":\"Organization\",\"@id\":\"https:\/\/dientedelecheart.com\/web2022\/#organization\",\"name\":\"Diente de Leche Art\",\"url\":\"https:\/\/dientedelecheart.com\/web2022\/\",\"logo\":{\"@type\":\"ImageObject\",\"inLanguage\":\"es-UY\",\"@id\":\"https:\/\/dientedelecheart.com\/web2022\/#\/schema\/logo\/image\/\",\"url\":\"https:\/\/i0.wp.com\/www.dientedelecheart.com\/web2022\/wp-content\/uploads\/2022\/04\/icono.png?fit=72%2C72&ssl=1\",\"contentUrl\":\"https:\/\/i0.wp.com\/www.dientedelecheart.com\/web2022\/wp-content\/uploads\/2022\/04\/icono.png?fit=72%2C72&ssl=1\",\"width\":72,\"height\":72,\"caption\":\"Diente de Leche Art\"},\"image\":{\"@id\":\"https:\/\/dientedelecheart.com\/web2022\/#\/schema\/logo\/image\/\"},\"sameAs\":[\"https:\/\/www.instagram.com\/dientedelecheart\/\"],\"email\":\"infodientedelecheart@gmail.com\",\"telephone\":\"+598 94 303 921\",\"legalName\":\"Diente de Leche Art\"}]}<\/script>\n<!-- \/ Yoast SEO Premium plugin. -->","yoast_head_json":{"title":"Sizzix Big Shot Plus Machine Only (White & Gray) - Diente de Leche Art","description":"Sizzix Big Shot Plus Machine Only (White & Gray) - Diente de Leche Art","robots":{"index":"index","follow":"follow","max-snippet":"max-snippet:-1","max-image-preview":"max-image-preview:large","max-video-preview":"max-video-preview:-1"},"canonical":"https:\/\/dientedelecheart.com\/web2022\/productos\/sizzix\/maquinas\/sizzix-big-shot-plus-machine-only-white-gray\/","og_locale":"es_ES","og_type":"article","og_title":"Sizzix Big Shot Plus Machine Only (White & Gray)","og_description":"Sizzix Big Shot Plus Machine Only (White & Gray) - Diente de Leche Art","og_url":"https:\/\/dientedelecheart.com\/web2022\/productos\/sizzix\/maquinas\/sizzix-big-shot-plus-machine-only-white-gray\/","og_site_name":"Diente de Leche Art","article_modified_time":"2022-05-12T18:52:08+00:00","og_image":[{"width":1000,"height":1000,"url":"https:\/\/i0.wp.com\/dientedelecheart.com\/web2022\/wp-content\/uploads\/2020\/Productos\/Sizzix_3\/DDL-SZ-660340.jpg?fit=1000%2C1000&ssl=1","type":"image\/jpeg"}],"twitter_card":"summary_large_image","schema":{"@context":"https:\/\/schema.org","@graph":[{"@type":"WebPage","@id":"https:\/\/dientedelecheart.com\/web2022\/productos\/sizzix\/maquinas\/sizzix-big-shot-plus-machine-only-white-gray\/","url":"https:\/\/dientedelecheart.com\/web2022\/productos\/sizzix\/maquinas\/sizzix-big-shot-plus-machine-only-white-gray\/","name":"Sizzix Big Shot Plus Machine Only (White & Gray) - Diente de Leche Art","isPartOf":{"@id":"https:\/\/dientedelecheart.com\/web2022\/#website"},"primaryImageOfPage":{"@id":"https:\/\/dientedelecheart.com\/web2022\/productos\/sizzix\/maquinas\/sizzix-big-shot-plus-machine-only-white-gray\/#primaryimage"},"image":{"@id":"https:\/\/dientedelecheart.com\/web2022\/productos\/sizzix\/maquinas\/sizzix-big-shot-plus-machine-only-white-gray\/#primaryimage"},"thumbnailUrl":"https:\/\/i0.wp.com\/dientedelecheart.com\/web2022\/wp-content\/uploads\/2020\/Productos\/Sizzix_3\/DDL-SZ-660340.jpg?fit=1000%2C1000&ssl=1","datePublished":"2020-07-29T05:24:16+00:00","dateModified":"2022-05-12T18:52:08+00:00","description":"Sizzix Big Shot Plus Machine Only (White & Gray) - Diente de Leche Art","breadcrumb":{"@id":"https:\/\/dientedelecheart.com\/web2022\/productos\/sizzix\/maquinas\/sizzix-big-shot-plus-machine-only-white-gray\/#breadcrumb"},"inLanguage":"es-UY","potentialAction":[{"@type":"ReadAction","target":["https:\/\/dientedelecheart.com\/web2022\/productos\/sizzix\/maquinas\/sizzix-big-shot-plus-machine-only-white-gray\/"]}]},{"@type":"ImageObject","inLanguage":"es-UY","@id":"https:\/\/dientedelecheart.com\/web2022\/productos\/sizzix\/maquinas\/sizzix-big-shot-plus-machine-only-white-gray\/#primaryimage","url":"https:\/\/i0.wp.com\/dientedelecheart.com\/web2022\/wp-content\/uploads\/2020\/Productos\/Sizzix_3\/DDL-SZ-660340.jpg?fit=1000%2C1000&ssl=1","contentUrl":"https:\/\/i0.wp.com\/dientedelecheart.com\/web2022\/wp-content\/uploads\/2020\/Productos\/Sizzix_3\/DDL-SZ-660340.jpg?fit=1000%2C1000&ssl=1","width":1000,"height":1000},{"@type":"BreadcrumbList","@id":"https:\/\/dientedelecheart.com\/web2022\/productos\/sizzix\/maquinas\/sizzix-big-shot-plus-machine-only-white-gray\/#breadcrumb","itemListElement":[{"@type":"ListItem","position":1,"name":"Home","item":"https:\/\/dientedelecheart.com\/web2022\/"},{"@type":"ListItem","position":2,"name":"Productos","item":"https:\/\/dientedelecheart.com\/web2022\/?page_id=81891"},{"@type":"ListItem","position":3,"name":"Sizzix Big Shot Plus Machine Only (White &#038; Gray)"}]},{"@type":"WebSite","@id":"https:\/\/dientedelecheart.com\/web2022\/#website","url":"https:\/\/dientedelecheart.com\/web2022\/","name":"Diente de Leche Art","description":"Diente de Leche Art","publisher":{"@id":"https:\/\/dientedelecheart.com\/web2022\/#organization"},"potentialAction":[{"@type":"SearchAction","target":{"@type":"EntryPoint","urlTemplate":"https:\/\/dientedelecheart.com\/web2022\/?s={search_term_string}"},"query-input":{"@type":"PropertyValueSpecification","valueRequired":true,"valueName":"search_term_string"}}],"inLanguage":"es-UY"},{"@type":"Organization","@id":"https:\/\/dientedelecheart.com\/web2022\/#organization","name":"Diente de Leche Art","url":"https:\/\/dientedelecheart.com\/web2022\/","logo":{"@type":"ImageObject","inLanguage":"es-UY","@id":"https:\/\/dientedelecheart.com\/web2022\/#\/schema\/logo\/image\/","url":"https:\/\/i0.wp.com\/www.dientedelecheart.com\/web2022\/wp-content\/uploads\/2022\/04\/icono.png?fit=72%2C72&ssl=1","contentUrl":"https:\/\/i0.wp.com\/www.dientedelecheart.com\/web2022\/wp-content\/uploads\/2022\/04\/icono.png?fit=72%2C72&ssl=1","width":72,"height":72,"caption":"Diente de Leche Art"},"image":{"@id":"https:\/\/dientedelecheart.com\/web2022\/#\/schema\/logo\/image\/"},"sameAs":["https:\/\/www.instagram.com\/dientedelecheart\/"],"email":"infodientedelecheart@gmail.com","telephone":"+598 94 303 921","legalName":"Diente de Leche Art"}]}},"jetpack_sharing_enabled":true,"_links":{"self":[{"href":"https:\/\/dientedelecheart.com\/web2022\/wp-json\/wp\/v2\/product\/31740","targetHints":{"allow":["GET"]}}],"collection":[{"href":"https:\/\/dientedelecheart.com\/web2022\/wp-json\/wp\/v2\/product"}],"about":[{"href":"https:\/\/dientedelecheart.com\/web2022\/wp-json\/wp\/v2\/types\/product"}],"wp:featuredmedia":[{"embeddable":true,"href":"https:\/\/dientedelecheart.com\/web2022\/wp-json\/wp\/v2\/media\/13504"}],"wp:attachment":[{"href":"https:\/\/dientedelecheart.com\/web2022\/wp-json\/wp\/v2\/media?parent=31740"}],"wp:term":[{"taxonomy":"product_brand","embeddable":true,"href":"https:\/\/dientedelecheart.com\/web2022\/wp-json\/wp\/v2\/product_brand?post=31740"},{"taxonomy":"product_cat","embeddable":true,"href":"https:\/\/dientedelecheart.com\/web2022\/wp-json\/wp\/v2\/product_cat?post=31740"},{"taxonomy":"product_tag","embeddable":true,"href":"https:\/\/dientedelecheart.com\/web2022\/wp-json\/wp\/v2\/product_tag?post=31740"}],"curies":[{"name":"wp","href":"https:\/\/api.w.org\/{rel}","templated":true}]}}