{"id":35680,"date":"2021-01-12T16:13:27","date_gmt":"2021-01-12T19:13:27","guid":{"rendered":"https:\/\/www.dientedelecheart.com\/web2022\/productos\/sin%20categor\u00eda\/sizzix-big-shot-machine-only-white-gray-w-standard-platform\/"},"modified":"2022-05-12T16:01:05","modified_gmt":"2022-05-12T19:01:05","slug":"sizzix-big-shot-machine-only-white-gray-w-standard-platform","status":"publish","type":"product","link":"https:\/\/dientedelecheart.com\/web2022\/productos\/sizzix\/maquinas\/sizzix-big-shot-machine-only-white-gray-w-standard-platform\/","title":{"rendered":"Sizzix Big Shot Machine Only (White &#038; Gray) w\/Standard Platform"},"content":{"rendered":"","protected":false},"excerpt":{"rendered":"<p>\u00a1Presentando un aspecto completamente nuevo para el Big Shot! Con una elegante combinaci\u00f3n de colores en blanco y gris y el logotipo de Sizzix grabado en el mango, esta versi\u00f3n de Big Shot Machine ofrece mucho atractivo elegante con la misma versatilidad de trabajar con toda la biblioteca de productos de Sizzix (con la excepci\u00f3n de Bigz Plus y Bigz Pro Die), incluidos nuestros troqueles y herramientas de estampado con respaldo de pl\u00e1stico m\u00e1s peque\u00f1os a grandes de 6 pulgadas de ancho. Si eso no fuera lo suficientemente grande, esta m\u00e1quina de rodillos port\u00e1til corta y estampa muchos materiales diferentes. Crea tu propia y \u00fanicas tarjetas, invitaciones, p\u00e1ginas de \u00e1lbumes de recortes, decoraci\u00f3n del hogar, moda, arte alterado, acolchado y mucho m\u00e1s (para garantizar la compatibilidad, siempre verifique los requisitos de la m\u00e1quina y los accesorios).<\/p>\n<p>Con el Big Shot se incluyen un par de almohadillas de corte est\u00e1ndar y la plataforma est\u00e1ndar, lo que hace que todos los componentes de Sizzix sean m\u00e1s delgados que un Bigz Die compatible con la m\u00e1quina Big Shot e incluso funciona con troqueles y herramientas de estampado de otras marcas. Los diagramas de la plataforma y el adaptador de troquel delgado ofrecen pautas sencillas sobre c\u00f3mo hacer el s\u00e1ndwich Sizzix perfecto.<\/p>\n<p>La m\u00e1quina Big Shot mide aproximadamente 14 1\/4 inx 12 3\/8 in x 6 5\/8 in.<\/p>\n","protected":false},"featured_media":34371,"template":"","meta":[],"product_brand":[],"product_cat":[782],"product_tag":[],"class_list":{"0":"post-35680","1":"product","2":"type-product","3":"status-publish","4":"has-post-thumbnail","6":"product_cat-maquinas","8":"first","9":"instock","10":"shipping-taxable","11":"purchasable","12":"product-type-simple","13":"add-to-wishlist-after_add_to_cart"},"yoast_head":"<!-- This site is optimized with the Yoast SEO Premium plugin v25.2 (Yoast SEO v25.2) - https:\/\/yoast.com\/wordpress\/plugins\/seo\/ -->\n<title>Sizzix Big Shot Machine Only (White &amp; Gray) w\/Standard Platform - Diente de Leche Art<\/title>\n<meta name=\"description\" content=\"Sizzix Big Shot Machine Only (White &amp; Gray) w\/Standard Platform - Diente de Leche Art\" \/>\n<meta name=\"robots\" content=\"index, follow, max-snippet:-1, max-image-preview:large, max-video-preview:-1\" \/>\n<link rel=\"canonical\" href=\"https:\/\/dientedelecheart.com\/web2022\/productos\/sizzix\/maquinas\/sizzix-big-shot-machine-only-white-gray-w-standard-platform\/\" \/>\n<meta property=\"og:locale\" content=\"es_ES\" \/>\n<meta property=\"og:type\" content=\"article\" \/>\n<meta property=\"og:title\" content=\"Sizzix Big Shot Machine Only (White &amp; Gray) w\/Standard Platform\" \/>\n<meta property=\"og:description\" content=\"Sizzix Big Shot Machine Only (White &amp; Gray) w\/Standard Platform - Diente de Leche Art\" \/>\n<meta property=\"og:url\" content=\"https:\/\/dientedelecheart.com\/web2022\/productos\/sizzix\/maquinas\/sizzix-big-shot-machine-only-white-gray-w-standard-platform\/\" \/>\n<meta property=\"og:site_name\" content=\"Diente de Leche Art\" \/>\n<meta property=\"article:modified_time\" content=\"2022-05-12T19:01:05+00:00\" \/>\n<meta property=\"og:image\" content=\"https:\/\/i0.wp.com\/dientedelecheart.com\/web2022\/wp-content\/uploads\/2020\/Productos\/SZ21\/DDL-SZ21-660200_big_shot_machine_1.jpg?fit=500%2C500&ssl=1\" \/>\n\t<meta property=\"og:image:width\" content=\"500\" \/>\n\t<meta property=\"og:image:height\" content=\"500\" \/>\n\t<meta property=\"og:image:type\" content=\"image\/jpeg\" \/>\n<meta name=\"twitter:card\" content=\"summary_large_image\" \/>\n<script type=\"application\/ld+json\" class=\"yoast-schema-graph\">{\"@context\":\"https:\/\/schema.org\",\"@graph\":[{\"@type\":\"WebPage\",\"@id\":\"https:\/\/dientedelecheart.com\/web2022\/productos\/sizzix\/maquinas\/sizzix-big-shot-machine-only-white-gray-w-standard-platform\/\",\"url\":\"https:\/\/dientedelecheart.com\/web2022\/productos\/sizzix\/maquinas\/sizzix-big-shot-machine-only-white-gray-w-standard-platform\/\",\"name\":\"Sizzix Big Shot Machine Only (White & Gray) w\/Standard Platform - Diente de Leche Art\",\"isPartOf\":{\"@id\":\"https:\/\/dientedelecheart.com\/web2022\/#website\"},\"primaryImageOfPage\":{\"@id\":\"https:\/\/dientedelecheart.com\/web2022\/productos\/sizzix\/maquinas\/sizzix-big-shot-machine-only-white-gray-w-standard-platform\/#primaryimage\"},\"image\":{\"@id\":\"https:\/\/dientedelecheart.com\/web2022\/productos\/sizzix\/maquinas\/sizzix-big-shot-machine-only-white-gray-w-standard-platform\/#primaryimage\"},\"thumbnailUrl\":\"https:\/\/i0.wp.com\/dientedelecheart.com\/web2022\/wp-content\/uploads\/2020\/Productos\/SZ21\/DDL-SZ21-660200_big_shot_machine_1.jpg?fit=500%2C500&ssl=1\",\"datePublished\":\"2021-01-12T19:13:27+00:00\",\"dateModified\":\"2022-05-12T19:01:05+00:00\",\"description\":\"Sizzix Big Shot Machine Only (White & Gray) w\/Standard Platform - Diente de Leche Art\",\"breadcrumb\":{\"@id\":\"https:\/\/dientedelecheart.com\/web2022\/productos\/sizzix\/maquinas\/sizzix-big-shot-machine-only-white-gray-w-standard-platform\/#breadcrumb\"},\"inLanguage\":\"es-UY\",\"potentialAction\":[{\"@type\":\"ReadAction\",\"target\":[\"https:\/\/dientedelecheart.com\/web2022\/productos\/sizzix\/maquinas\/sizzix-big-shot-machine-only-white-gray-w-standard-platform\/\"]}]},{\"@type\":\"ImageObject\",\"inLanguage\":\"es-UY\",\"@id\":\"https:\/\/dientedelecheart.com\/web2022\/productos\/sizzix\/maquinas\/sizzix-big-shot-machine-only-white-gray-w-standard-platform\/#primaryimage\",\"url\":\"https:\/\/i0.wp.com\/dientedelecheart.com\/web2022\/wp-content\/uploads\/2020\/Productos\/SZ21\/DDL-SZ21-660200_big_shot_machine_1.jpg?fit=500%2C500&ssl=1\",\"contentUrl\":\"https:\/\/i0.wp.com\/dientedelecheart.com\/web2022\/wp-content\/uploads\/2020\/Productos\/SZ21\/DDL-SZ21-660200_big_shot_machine_1.jpg?fit=500%2C500&ssl=1\",\"width\":500,\"height\":500},{\"@type\":\"BreadcrumbList\",\"@id\":\"https:\/\/dientedelecheart.com\/web2022\/productos\/sizzix\/maquinas\/sizzix-big-shot-machine-only-white-gray-w-standard-platform\/#breadcrumb\",\"itemListElement\":[{\"@type\":\"ListItem\",\"position\":1,\"name\":\"Home\",\"item\":\"https:\/\/dientedelecheart.com\/web2022\/\"},{\"@type\":\"ListItem\",\"position\":2,\"name\":\"Productos\",\"item\":\"https:\/\/dientedelecheart.com\/web2022\/?page_id=81891\"},{\"@type\":\"ListItem\",\"position\":3,\"name\":\"Sizzix Big Shot Machine Only (White &#038; Gray) w\/Standard Platform\"}]},{\"@type\":\"WebSite\",\"@id\":\"https:\/\/dientedelecheart.com\/web2022\/#website\",\"url\":\"https:\/\/dientedelecheart.com\/web2022\/\",\"name\":\"Diente de Leche Art\",\"description\":\"Diente de Leche Art\",\"publisher\":{\"@id\":\"https:\/\/dientedelecheart.com\/web2022\/#organization\"},\"potentialAction\":[{\"@type\":\"SearchAction\",\"target\":{\"@type\":\"EntryPoint\",\"urlTemplate\":\"https:\/\/dientedelecheart.com\/web2022\/?s={search_term_string}\"},\"query-input\":{\"@type\":\"PropertyValueSpecification\",\"valueRequired\":true,\"valueName\":\"search_term_string\"}}],\"inLanguage\":\"es-UY\"},{\"@type\":\"Organization\",\"@id\":\"https:\/\/dientedelecheart.com\/web2022\/#organization\",\"name\":\"Diente de Leche Art\",\"url\":\"https:\/\/dientedelecheart.com\/web2022\/\",\"logo\":{\"@type\":\"ImageObject\",\"inLanguage\":\"es-UY\",\"@id\":\"https:\/\/dientedelecheart.com\/web2022\/#\/schema\/logo\/image\/\",\"url\":\"https:\/\/i0.wp.com\/www.dientedelecheart.com\/web2022\/wp-content\/uploads\/2022\/04\/icono.png?fit=72%2C72&ssl=1\",\"contentUrl\":\"https:\/\/i0.wp.com\/www.dientedelecheart.com\/web2022\/wp-content\/uploads\/2022\/04\/icono.png?fit=72%2C72&ssl=1\",\"width\":72,\"height\":72,\"caption\":\"Diente de Leche Art\"},\"image\":{\"@id\":\"https:\/\/dientedelecheart.com\/web2022\/#\/schema\/logo\/image\/\"},\"sameAs\":[\"https:\/\/www.instagram.com\/dientedelecheart\/\"],\"email\":\"infodientedelecheart@gmail.com\",\"telephone\":\"+598 94 303 921\",\"legalName\":\"Diente de Leche Art\"}]}<\/script>\n<!-- \/ Yoast SEO Premium plugin. -->","yoast_head_json":{"title":"Sizzix Big Shot Machine Only (White & Gray) w\/Standard Platform - Diente de Leche Art","description":"Sizzix Big Shot Machine Only (White & Gray) w\/Standard Platform - Diente de Leche Art","robots":{"index":"index","follow":"follow","max-snippet":"max-snippet:-1","max-image-preview":"max-image-preview:large","max-video-preview":"max-video-preview:-1"},"canonical":"https:\/\/dientedelecheart.com\/web2022\/productos\/sizzix\/maquinas\/sizzix-big-shot-machine-only-white-gray-w-standard-platform\/","og_locale":"es_ES","og_type":"article","og_title":"Sizzix Big Shot Machine Only (White & Gray) w\/Standard Platform","og_description":"Sizzix Big Shot Machine Only (White & Gray) w\/Standard Platform - Diente de Leche Art","og_url":"https:\/\/dientedelecheart.com\/web2022\/productos\/sizzix\/maquinas\/sizzix-big-shot-machine-only-white-gray-w-standard-platform\/","og_site_name":"Diente de Leche Art","article_modified_time":"2022-05-12T19:01:05+00:00","og_image":[{"width":500,"height":500,"url":"https:\/\/i0.wp.com\/dientedelecheart.com\/web2022\/wp-content\/uploads\/2020\/Productos\/SZ21\/DDL-SZ21-660200_big_shot_machine_1.jpg?fit=500%2C500&ssl=1","type":"image\/jpeg"}],"twitter_card":"summary_large_image","schema":{"@context":"https:\/\/schema.org","@graph":[{"@type":"WebPage","@id":"https:\/\/dientedelecheart.com\/web2022\/productos\/sizzix\/maquinas\/sizzix-big-shot-machine-only-white-gray-w-standard-platform\/","url":"https:\/\/dientedelecheart.com\/web2022\/productos\/sizzix\/maquinas\/sizzix-big-shot-machine-only-white-gray-w-standard-platform\/","name":"Sizzix Big Shot Machine Only (White & Gray) w\/Standard Platform - Diente de Leche Art","isPartOf":{"@id":"https:\/\/dientedelecheart.com\/web2022\/#website"},"primaryImageOfPage":{"@id":"https:\/\/dientedelecheart.com\/web2022\/productos\/sizzix\/maquinas\/sizzix-big-shot-machine-only-white-gray-w-standard-platform\/#primaryimage"},"image":{"@id":"https:\/\/dientedelecheart.com\/web2022\/productos\/sizzix\/maquinas\/sizzix-big-shot-machine-only-white-gray-w-standard-platform\/#primaryimage"},"thumbnailUrl":"https:\/\/i0.wp.com\/dientedelecheart.com\/web2022\/wp-content\/uploads\/2020\/Productos\/SZ21\/DDL-SZ21-660200_big_shot_machine_1.jpg?fit=500%2C500&ssl=1","datePublished":"2021-01-12T19:13:27+00:00","dateModified":"2022-05-12T19:01:05+00:00","description":"Sizzix Big Shot Machine Only (White & Gray) w\/Standard Platform - Diente de Leche Art","breadcrumb":{"@id":"https:\/\/dientedelecheart.com\/web2022\/productos\/sizzix\/maquinas\/sizzix-big-shot-machine-only-white-gray-w-standard-platform\/#breadcrumb"},"inLanguage":"es-UY","potentialAction":[{"@type":"ReadAction","target":["https:\/\/dientedelecheart.com\/web2022\/productos\/sizzix\/maquinas\/sizzix-big-shot-machine-only-white-gray-w-standard-platform\/"]}]},{"@type":"ImageObject","inLanguage":"es-UY","@id":"https:\/\/dientedelecheart.com\/web2022\/productos\/sizzix\/maquinas\/sizzix-big-shot-machine-only-white-gray-w-standard-platform\/#primaryimage","url":"https:\/\/i0.wp.com\/dientedelecheart.com\/web2022\/wp-content\/uploads\/2020\/Productos\/SZ21\/DDL-SZ21-660200_big_shot_machine_1.jpg?fit=500%2C500&ssl=1","contentUrl":"https:\/\/i0.wp.com\/dientedelecheart.com\/web2022\/wp-content\/uploads\/2020\/Productos\/SZ21\/DDL-SZ21-660200_big_shot_machine_1.jpg?fit=500%2C500&ssl=1","width":500,"height":500},{"@type":"BreadcrumbList","@id":"https:\/\/dientedelecheart.com\/web2022\/productos\/sizzix\/maquinas\/sizzix-big-shot-machine-only-white-gray-w-standard-platform\/#breadcrumb","itemListElement":[{"@type":"ListItem","position":1,"name":"Home","item":"https:\/\/dientedelecheart.com\/web2022\/"},{"@type":"ListItem","position":2,"name":"Productos","item":"https:\/\/dientedelecheart.com\/web2022\/?page_id=81891"},{"@type":"ListItem","position":3,"name":"Sizzix Big Shot Machine Only (White &#038; Gray) w\/Standard Platform"}]},{"@type":"WebSite","@id":"https:\/\/dientedelecheart.com\/web2022\/#website","url":"https:\/\/dientedelecheart.com\/web2022\/","name":"Diente de Leche Art","description":"Diente de Leche Art","publisher":{"@id":"https:\/\/dientedelecheart.com\/web2022\/#organization"},"potentialAction":[{"@type":"SearchAction","target":{"@type":"EntryPoint","urlTemplate":"https:\/\/dientedelecheart.com\/web2022\/?s={search_term_string}"},"query-input":{"@type":"PropertyValueSpecification","valueRequired":true,"valueName":"search_term_string"}}],"inLanguage":"es-UY"},{"@type":"Organization","@id":"https:\/\/dientedelecheart.com\/web2022\/#organization","name":"Diente de Leche Art","url":"https:\/\/dientedelecheart.com\/web2022\/","logo":{"@type":"ImageObject","inLanguage":"es-UY","@id":"https:\/\/dientedelecheart.com\/web2022\/#\/schema\/logo\/image\/","url":"https:\/\/i0.wp.com\/www.dientedelecheart.com\/web2022\/wp-content\/uploads\/2022\/04\/icono.png?fit=72%2C72&ssl=1","contentUrl":"https:\/\/i0.wp.com\/www.dientedelecheart.com\/web2022\/wp-content\/uploads\/2022\/04\/icono.png?fit=72%2C72&ssl=1","width":72,"height":72,"caption":"Diente de Leche Art"},"image":{"@id":"https:\/\/dientedelecheart.com\/web2022\/#\/schema\/logo\/image\/"},"sameAs":["https:\/\/www.instagram.com\/dientedelecheart\/"],"email":"infodientedelecheart@gmail.com","telephone":"+598 94 303 921","legalName":"Diente de Leche Art"}]}},"jetpack_sharing_enabled":true,"_links":{"self":[{"href":"https:\/\/dientedelecheart.com\/web2022\/wp-json\/wp\/v2\/product\/35680","targetHints":{"allow":["GET"]}}],"collection":[{"href":"https:\/\/dientedelecheart.com\/web2022\/wp-json\/wp\/v2\/product"}],"about":[{"href":"https:\/\/dientedelecheart.com\/web2022\/wp-json\/wp\/v2\/types\/product"}],"wp:featuredmedia":[{"embeddable":true,"href":"https:\/\/dientedelecheart.com\/web2022\/wp-json\/wp\/v2\/media\/34371"}],"wp:attachment":[{"href":"https:\/\/dientedelecheart.com\/web2022\/wp-json\/wp\/v2\/media?parent=35680"}],"wp:term":[{"taxonomy":"product_brand","embeddable":true,"href":"https:\/\/dientedelecheart.com\/web2022\/wp-json\/wp\/v2\/product_brand?post=35680"},{"taxonomy":"product_cat","embeddable":true,"href":"https:\/\/dientedelecheart.com\/web2022\/wp-json\/wp\/v2\/product_cat?post=35680"},{"taxonomy":"product_tag","embeddable":true,"href":"https:\/\/dientedelecheart.com\/web2022\/wp-json\/wp\/v2\/product_tag?post=35680"}],"curies":[{"name":"wp","href":"https:\/\/api.w.org\/{rel}","templated":true}]}}