{"id":39569,"date":"2022-05-21T12:50:50","date_gmt":"2022-05-21T15:50:50","guid":{"rendered":"https:\/\/www.dientedelecheart.com\/web2022\/productos\/sin categor\u00eda\/sizzix-making-essential-funnel-tray\/"},"modified":"2022-05-21T12:50:50","modified_gmt":"2022-05-21T15:50:50","slug":"sizzix-making-essential-funnel-tray","status":"publish","type":"product","link":"https:\/\/dientedelecheart.com\/web2022\/productos\/sizzix\/accesorios-sizzix\/sizzix-making-essential-funnel-tray\/","title":{"rendered":"Sizzix Making Essential &#8211; Funnel Tray"},"content":{"rendered":"","protected":false},"excerpt":{"rendered":"<p>\u00a1Revoluciona tu experiencia de creaci\u00f3n con la bandeja de embudo Sizzix! Este pr\u00e1ctico accesorio est\u00e1 dise\u00f1ado para crear con Sizzix Glitters, Embossing Powders, Sequins and Beads. Proporciona una experiencia perfecta para ayudar a minimizar el desorden y el desperdicio. La bandeja de pl\u00e1stico est\u00e1 armada con un revestimiento antiest\u00e1tico, lo que garantiza que los brillos, los polvos y las lentejuelas se muevan sin esfuerzo por la bandeja y se puedan depositar f\u00e1cilmente a trav\u00e9s del embudo de regreso al contenedor del material. \u00a1La bandeja tambi\u00e9n cuenta con un tap\u00f3n de rosca para evitar derrames al hacer! La bandeja del embudo mide aproximadamente 6 3\/8\u00b4 x 8 7\/8\u00b4 x 7\/8\u00b4.<\/p>\n","protected":false},"featured_media":37641,"template":"","meta":[],"product_brand":[],"product_cat":[681],"product_tag":[],"class_list":{"0":"post-39569","1":"product","2":"type-product","3":"status-publish","4":"has-post-thumbnail","6":"product_cat-accesorios-sizzix","8":"first","9":"instock","10":"shipping-taxable","11":"purchasable","12":"product-type-simple","13":"add-to-wishlist-after_add_to_cart"},"yoast_head":"<!-- This site is optimized with the Yoast SEO Premium plugin v25.2 (Yoast SEO v25.2) - https:\/\/yoast.com\/wordpress\/plugins\/seo\/ -->\n<title>Sizzix Making Essential - Funnel Tray - Diente de Leche Art<\/title>\n<meta name=\"description\" content=\"Sizzix Making Essential - Funnel Tray - Diente de Leche Art\" \/>\n<meta name=\"robots\" content=\"index, follow, max-snippet:-1, max-image-preview:large, max-video-preview:-1\" \/>\n<link rel=\"canonical\" href=\"https:\/\/dientedelecheart.com\/web2022\/productos\/sizzix\/accesorios-sizzix\/sizzix-making-essential-funnel-tray\/\" \/>\n<meta property=\"og:locale\" content=\"es_ES\" \/>\n<meta property=\"og:type\" content=\"article\" \/>\n<meta property=\"og:title\" content=\"Sizzix Making Essential - Funnel Tray\" \/>\n<meta property=\"og:description\" content=\"Sizzix Making Essential - Funnel Tray - Diente de Leche Art\" \/>\n<meta property=\"og:url\" content=\"https:\/\/dientedelecheart.com\/web2022\/productos\/sizzix\/accesorios-sizzix\/sizzix-making-essential-funnel-tray\/\" \/>\n<meta property=\"og:site_name\" content=\"Diente de Leche Art\" \/>\n<meta property=\"og:image\" content=\"https:\/\/i0.wp.com\/dientedelecheart.com\/web2022\/wp-content\/uploads\/2022\/Productos\/SZ22\/DDL-SZ22-664353_1.jpg?fit=800%2C800&ssl=1\" \/>\n\t<meta property=\"og:image:width\" content=\"800\" \/>\n\t<meta property=\"og:image:height\" content=\"800\" \/>\n\t<meta property=\"og:image:type\" content=\"image\/jpeg\" \/>\n<meta name=\"twitter:card\" content=\"summary_large_image\" \/>\n<script type=\"application\/ld+json\" class=\"yoast-schema-graph\">{\"@context\":\"https:\/\/schema.org\",\"@graph\":[{\"@type\":\"WebPage\",\"@id\":\"https:\/\/dientedelecheart.com\/web2022\/productos\/sizzix\/accesorios-sizzix\/sizzix-making-essential-funnel-tray\/\",\"url\":\"https:\/\/dientedelecheart.com\/web2022\/productos\/sizzix\/accesorios-sizzix\/sizzix-making-essential-funnel-tray\/\",\"name\":\"Sizzix Making Essential - Funnel Tray - Diente de Leche Art\",\"isPartOf\":{\"@id\":\"https:\/\/dientedelecheart.com\/web2022\/#website\"},\"primaryImageOfPage\":{\"@id\":\"https:\/\/dientedelecheart.com\/web2022\/productos\/sizzix\/accesorios-sizzix\/sizzix-making-essential-funnel-tray\/#primaryimage\"},\"image\":{\"@id\":\"https:\/\/dientedelecheart.com\/web2022\/productos\/sizzix\/accesorios-sizzix\/sizzix-making-essential-funnel-tray\/#primaryimage\"},\"thumbnailUrl\":\"https:\/\/i0.wp.com\/dientedelecheart.com\/web2022\/wp-content\/uploads\/2022\/Productos\/SZ22\/DDL-SZ22-664353_1.jpg?fit=800%2C800&ssl=1\",\"datePublished\":\"2022-05-21T15:50:50+00:00\",\"description\":\"Sizzix Making Essential - Funnel Tray - Diente de Leche Art\",\"breadcrumb\":{\"@id\":\"https:\/\/dientedelecheart.com\/web2022\/productos\/sizzix\/accesorios-sizzix\/sizzix-making-essential-funnel-tray\/#breadcrumb\"},\"inLanguage\":\"es-UY\",\"potentialAction\":[{\"@type\":\"ReadAction\",\"target\":[\"https:\/\/dientedelecheart.com\/web2022\/productos\/sizzix\/accesorios-sizzix\/sizzix-making-essential-funnel-tray\/\"]}]},{\"@type\":\"ImageObject\",\"inLanguage\":\"es-UY\",\"@id\":\"https:\/\/dientedelecheart.com\/web2022\/productos\/sizzix\/accesorios-sizzix\/sizzix-making-essential-funnel-tray\/#primaryimage\",\"url\":\"https:\/\/i0.wp.com\/dientedelecheart.com\/web2022\/wp-content\/uploads\/2022\/Productos\/SZ22\/DDL-SZ22-664353_1.jpg?fit=800%2C800&ssl=1\",\"contentUrl\":\"https:\/\/i0.wp.com\/dientedelecheart.com\/web2022\/wp-content\/uploads\/2022\/Productos\/SZ22\/DDL-SZ22-664353_1.jpg?fit=800%2C800&ssl=1\",\"width\":800,\"height\":800},{\"@type\":\"BreadcrumbList\",\"@id\":\"https:\/\/dientedelecheart.com\/web2022\/productos\/sizzix\/accesorios-sizzix\/sizzix-making-essential-funnel-tray\/#breadcrumb\",\"itemListElement\":[{\"@type\":\"ListItem\",\"position\":1,\"name\":\"Home\",\"item\":\"https:\/\/dientedelecheart.com\/web2022\/\"},{\"@type\":\"ListItem\",\"position\":2,\"name\":\"Productos\",\"item\":\"https:\/\/dientedelecheart.com\/web2022\/?page_id=81891\"},{\"@type\":\"ListItem\",\"position\":3,\"name\":\"Sizzix Making Essential &#8211; Funnel Tray\"}]},{\"@type\":\"WebSite\",\"@id\":\"https:\/\/dientedelecheart.com\/web2022\/#website\",\"url\":\"https:\/\/dientedelecheart.com\/web2022\/\",\"name\":\"Diente de Leche Art\",\"description\":\"Diente de Leche Art\",\"publisher\":{\"@id\":\"https:\/\/dientedelecheart.com\/web2022\/#organization\"},\"potentialAction\":[{\"@type\":\"SearchAction\",\"target\":{\"@type\":\"EntryPoint\",\"urlTemplate\":\"https:\/\/dientedelecheart.com\/web2022\/?s={search_term_string}\"},\"query-input\":{\"@type\":\"PropertyValueSpecification\",\"valueRequired\":true,\"valueName\":\"search_term_string\"}}],\"inLanguage\":\"es-UY\"},{\"@type\":\"Organization\",\"@id\":\"https:\/\/dientedelecheart.com\/web2022\/#organization\",\"name\":\"Diente de Leche Art\",\"url\":\"https:\/\/dientedelecheart.com\/web2022\/\",\"logo\":{\"@type\":\"ImageObject\",\"inLanguage\":\"es-UY\",\"@id\":\"https:\/\/dientedelecheart.com\/web2022\/#\/schema\/logo\/image\/\",\"url\":\"https:\/\/i0.wp.com\/www.dientedelecheart.com\/web2022\/wp-content\/uploads\/2022\/04\/icono.png?fit=72%2C72&ssl=1\",\"contentUrl\":\"https:\/\/i0.wp.com\/www.dientedelecheart.com\/web2022\/wp-content\/uploads\/2022\/04\/icono.png?fit=72%2C72&ssl=1\",\"width\":72,\"height\":72,\"caption\":\"Diente de Leche Art\"},\"image\":{\"@id\":\"https:\/\/dientedelecheart.com\/web2022\/#\/schema\/logo\/image\/\"},\"sameAs\":[\"https:\/\/www.instagram.com\/dientedelecheart\/\"],\"email\":\"infodientedelecheart@gmail.com\",\"telephone\":\"+598 94 303 921\",\"legalName\":\"Diente de Leche Art\"}]}<\/script>\n<!-- \/ Yoast SEO Premium plugin. -->","yoast_head_json":{"title":"Sizzix Making Essential - Funnel Tray - Diente de Leche Art","description":"Sizzix Making Essential - Funnel Tray - Diente de Leche Art","robots":{"index":"index","follow":"follow","max-snippet":"max-snippet:-1","max-image-preview":"max-image-preview:large","max-video-preview":"max-video-preview:-1"},"canonical":"https:\/\/dientedelecheart.com\/web2022\/productos\/sizzix\/accesorios-sizzix\/sizzix-making-essential-funnel-tray\/","og_locale":"es_ES","og_type":"article","og_title":"Sizzix Making Essential - Funnel Tray","og_description":"Sizzix Making Essential - Funnel Tray - Diente de Leche Art","og_url":"https:\/\/dientedelecheart.com\/web2022\/productos\/sizzix\/accesorios-sizzix\/sizzix-making-essential-funnel-tray\/","og_site_name":"Diente de Leche Art","og_image":[{"width":800,"height":800,"url":"https:\/\/i0.wp.com\/dientedelecheart.com\/web2022\/wp-content\/uploads\/2022\/Productos\/SZ22\/DDL-SZ22-664353_1.jpg?fit=800%2C800&ssl=1","type":"image\/jpeg"}],"twitter_card":"summary_large_image","schema":{"@context":"https:\/\/schema.org","@graph":[{"@type":"WebPage","@id":"https:\/\/dientedelecheart.com\/web2022\/productos\/sizzix\/accesorios-sizzix\/sizzix-making-essential-funnel-tray\/","url":"https:\/\/dientedelecheart.com\/web2022\/productos\/sizzix\/accesorios-sizzix\/sizzix-making-essential-funnel-tray\/","name":"Sizzix Making Essential - Funnel Tray - Diente de Leche Art","isPartOf":{"@id":"https:\/\/dientedelecheart.com\/web2022\/#website"},"primaryImageOfPage":{"@id":"https:\/\/dientedelecheart.com\/web2022\/productos\/sizzix\/accesorios-sizzix\/sizzix-making-essential-funnel-tray\/#primaryimage"},"image":{"@id":"https:\/\/dientedelecheart.com\/web2022\/productos\/sizzix\/accesorios-sizzix\/sizzix-making-essential-funnel-tray\/#primaryimage"},"thumbnailUrl":"https:\/\/i0.wp.com\/dientedelecheart.com\/web2022\/wp-content\/uploads\/2022\/Productos\/SZ22\/DDL-SZ22-664353_1.jpg?fit=800%2C800&ssl=1","datePublished":"2022-05-21T15:50:50+00:00","description":"Sizzix Making Essential - Funnel Tray - Diente de Leche Art","breadcrumb":{"@id":"https:\/\/dientedelecheart.com\/web2022\/productos\/sizzix\/accesorios-sizzix\/sizzix-making-essential-funnel-tray\/#breadcrumb"},"inLanguage":"es-UY","potentialAction":[{"@type":"ReadAction","target":["https:\/\/dientedelecheart.com\/web2022\/productos\/sizzix\/accesorios-sizzix\/sizzix-making-essential-funnel-tray\/"]}]},{"@type":"ImageObject","inLanguage":"es-UY","@id":"https:\/\/dientedelecheart.com\/web2022\/productos\/sizzix\/accesorios-sizzix\/sizzix-making-essential-funnel-tray\/#primaryimage","url":"https:\/\/i0.wp.com\/dientedelecheart.com\/web2022\/wp-content\/uploads\/2022\/Productos\/SZ22\/DDL-SZ22-664353_1.jpg?fit=800%2C800&ssl=1","contentUrl":"https:\/\/i0.wp.com\/dientedelecheart.com\/web2022\/wp-content\/uploads\/2022\/Productos\/SZ22\/DDL-SZ22-664353_1.jpg?fit=800%2C800&ssl=1","width":800,"height":800},{"@type":"BreadcrumbList","@id":"https:\/\/dientedelecheart.com\/web2022\/productos\/sizzix\/accesorios-sizzix\/sizzix-making-essential-funnel-tray\/#breadcrumb","itemListElement":[{"@type":"ListItem","position":1,"name":"Home","item":"https:\/\/dientedelecheart.com\/web2022\/"},{"@type":"ListItem","position":2,"name":"Productos","item":"https:\/\/dientedelecheart.com\/web2022\/?page_id=81891"},{"@type":"ListItem","position":3,"name":"Sizzix Making Essential &#8211; Funnel Tray"}]},{"@type":"WebSite","@id":"https:\/\/dientedelecheart.com\/web2022\/#website","url":"https:\/\/dientedelecheart.com\/web2022\/","name":"Diente de Leche Art","description":"Diente de Leche Art","publisher":{"@id":"https:\/\/dientedelecheart.com\/web2022\/#organization"},"potentialAction":[{"@type":"SearchAction","target":{"@type":"EntryPoint","urlTemplate":"https:\/\/dientedelecheart.com\/web2022\/?s={search_term_string}"},"query-input":{"@type":"PropertyValueSpecification","valueRequired":true,"valueName":"search_term_string"}}],"inLanguage":"es-UY"},{"@type":"Organization","@id":"https:\/\/dientedelecheart.com\/web2022\/#organization","name":"Diente de Leche Art","url":"https:\/\/dientedelecheart.com\/web2022\/","logo":{"@type":"ImageObject","inLanguage":"es-UY","@id":"https:\/\/dientedelecheart.com\/web2022\/#\/schema\/logo\/image\/","url":"https:\/\/i0.wp.com\/www.dientedelecheart.com\/web2022\/wp-content\/uploads\/2022\/04\/icono.png?fit=72%2C72&ssl=1","contentUrl":"https:\/\/i0.wp.com\/www.dientedelecheart.com\/web2022\/wp-content\/uploads\/2022\/04\/icono.png?fit=72%2C72&ssl=1","width":72,"height":72,"caption":"Diente de Leche Art"},"image":{"@id":"https:\/\/dientedelecheart.com\/web2022\/#\/schema\/logo\/image\/"},"sameAs":["https:\/\/www.instagram.com\/dientedelecheart\/"],"email":"infodientedelecheart@gmail.com","telephone":"+598 94 303 921","legalName":"Diente de Leche Art"}]}},"jetpack_sharing_enabled":true,"_links":{"self":[{"href":"https:\/\/dientedelecheart.com\/web2022\/wp-json\/wp\/v2\/product\/39569","targetHints":{"allow":["GET"]}}],"collection":[{"href":"https:\/\/dientedelecheart.com\/web2022\/wp-json\/wp\/v2\/product"}],"about":[{"href":"https:\/\/dientedelecheart.com\/web2022\/wp-json\/wp\/v2\/types\/product"}],"wp:featuredmedia":[{"embeddable":true,"href":"https:\/\/dientedelecheart.com\/web2022\/wp-json\/wp\/v2\/media\/37641"}],"wp:attachment":[{"href":"https:\/\/dientedelecheart.com\/web2022\/wp-json\/wp\/v2\/media?parent=39569"}],"wp:term":[{"taxonomy":"product_brand","embeddable":true,"href":"https:\/\/dientedelecheart.com\/web2022\/wp-json\/wp\/v2\/product_brand?post=39569"},{"taxonomy":"product_cat","embeddable":true,"href":"https:\/\/dientedelecheart.com\/web2022\/wp-json\/wp\/v2\/product_cat?post=39569"},{"taxonomy":"product_tag","embeddable":true,"href":"https:\/\/dientedelecheart.com\/web2022\/wp-json\/wp\/v2\/product_tag?post=39569"}],"curies":[{"name":"wp","href":"https:\/\/api.w.org\/{rel}","templated":true}]}}