{"id":39571,"date":"2022-05-21T12:50:50","date_gmt":"2022-05-21T15:50:50","guid":{"rendered":"https:\/\/www.dientedelecheart.com\/web2022\/productos\/sin categor\u00eda\/sizzix-making-tool-die-brush-die-pick-accessory-kit-black-inspired-by-tim-holtz\/"},"modified":"2022-05-21T12:50:50","modified_gmt":"2022-05-21T15:50:50","slug":"sizzix-making-tool-die-brush-die-pick-accessory-kit-black-inspired-by-tim-holtz","status":"publish","type":"product","link":"https:\/\/dientedelecheart.com\/web2022\/productos\/sizzix\/accesorios-sizzix\/sizzix-making-tool-die-brush-die-pick-accessory-kit-black-inspired-by-tim-holtz\/","title":{"rendered":"Sizzix Making Tool &#8211; Die Brush &#038; Die Pick Accessory Kit (Black) inspired by Tim Holtz"},"content":{"rendered":"","protected":false},"excerpt":{"rendered":"<p>\u00a1Perfecto para todos los amantes de Tim Holtz, Die Pick and Brush es una herramienta necesaria para la caja de manualidades de todos!<\/p>\n<p>Especialmente dise\u00f1ado para su viaje creativo, el Sizzix Die Pick es perfecto para sacar restos de troqueles y peque\u00f1os trozos de papel de troqueles. El Die Pick tiene un agarre c\u00f3modo para facilitar el trabajo con una variedad de materiales, cualquier cosa que su m\u00e1quina Sizzix pueda cortar. El Pick tambi\u00e9n tiene una tapa removible para seguridad y almacenamiento.<\/p>\n<p>Con un elegante mango ergon\u00f3mico con empu\u00f1adura de goma para que no resbale y sea f\u00e1cil de maniobrar, el cepillo para troqueles retira f\u00e1cilmente el exceso de papel para revelar el corte perfecto. El cepillo para troqueles incluye una almohadilla de espuma que act\u00faa como la superficie de trabajo perfecta para eliminar el exceso de papel de los troqueles e incluso del recorte. Al acoplarse f\u00e1cilmente a la parte inferior de su Die Brush, la herramienta de recogida magn\u00e9tica recoge r\u00e1pida y f\u00e1cilmente todos los troqueles met\u00e1licos grabados qu\u00edmicamente, incluidos Thinlits y Triplits, y act\u00faa como una base para que Die Brush se sostenga por s\u00ed solo.<\/p>\n<p>\u00bfNecesita repuestos? Se puede comprar un juego de cabezales de cepillo de repuesto y almohadilla de espuma.<\/p>\n","protected":false},"featured_media":37795,"template":"","meta":[],"product_brand":[],"product_cat":[681],"product_tag":[],"class_list":{"0":"post-39571","1":"product","2":"type-product","3":"status-publish","4":"has-post-thumbnail","6":"product_cat-accesorios-sizzix","8":"first","9":"instock","10":"shipping-taxable","11":"purchasable","12":"product-type-simple","13":"add-to-wishlist-after_add_to_cart"},"yoast_head":"<!-- This site is optimized with the Yoast SEO Premium plugin v25.2 (Yoast SEO v25.2) - https:\/\/yoast.com\/wordpress\/plugins\/seo\/ -->\n<title>Sizzix Making Tool - Die Brush &amp; Die Pick Accessory Kit (Black) inspired by Tim Holtz - Diente de Leche Art<\/title>\n<meta name=\"description\" content=\"Sizzix Making Tool - Die Brush &amp; Die Pick Accessory Kit (Black) inspired by Tim Holtz - Diente de Leche Art\" \/>\n<meta name=\"robots\" content=\"index, follow, max-snippet:-1, max-image-preview:large, max-video-preview:-1\" \/>\n<link rel=\"canonical\" href=\"https:\/\/dientedelecheart.com\/web2022\/productos\/sizzix\/accesorios-sizzix\/sizzix-making-tool-die-brush-die-pick-accessory-kit-black-inspired-by-tim-holtz\/\" \/>\n<meta property=\"og:locale\" content=\"es_ES\" \/>\n<meta property=\"og:type\" content=\"article\" \/>\n<meta property=\"og:title\" content=\"Sizzix Making Tool - Die Brush &amp; Die Pick Accessory Kit (Black) inspired by Tim Holtz\" \/>\n<meta property=\"og:description\" content=\"Sizzix Making Tool - Die Brush &amp; Die Pick Accessory Kit (Black) inspired by Tim Holtz - Diente de Leche Art\" \/>\n<meta property=\"og:url\" content=\"https:\/\/dientedelecheart.com\/web2022\/productos\/sizzix\/accesorios-sizzix\/sizzix-making-tool-die-brush-die-pick-accessory-kit-black-inspired-by-tim-holtz\/\" \/>\n<meta property=\"og:site_name\" content=\"Diente de Leche Art\" \/>\n<meta property=\"og:image\" content=\"https:\/\/i0.wp.com\/dientedelecheart.com\/web2022\/wp-content\/uploads\/2022\/Productos\/SZ22\/DDL-SZ22-665303.jpg?fit=800%2C800&ssl=1\" \/>\n\t<meta property=\"og:image:width\" content=\"800\" \/>\n\t<meta property=\"og:image:height\" content=\"800\" \/>\n\t<meta property=\"og:image:type\" content=\"image\/jpeg\" \/>\n<meta name=\"twitter:card\" content=\"summary_large_image\" \/>\n<script type=\"application\/ld+json\" class=\"yoast-schema-graph\">{\"@context\":\"https:\/\/schema.org\",\"@graph\":[{\"@type\":\"WebPage\",\"@id\":\"https:\/\/dientedelecheart.com\/web2022\/productos\/sizzix\/accesorios-sizzix\/sizzix-making-tool-die-brush-die-pick-accessory-kit-black-inspired-by-tim-holtz\/\",\"url\":\"https:\/\/dientedelecheart.com\/web2022\/productos\/sizzix\/accesorios-sizzix\/sizzix-making-tool-die-brush-die-pick-accessory-kit-black-inspired-by-tim-holtz\/\",\"name\":\"Sizzix Making Tool - Die Brush & Die Pick Accessory Kit (Black) inspired by Tim Holtz - Diente de Leche Art\",\"isPartOf\":{\"@id\":\"https:\/\/dientedelecheart.com\/web2022\/#website\"},\"primaryImageOfPage\":{\"@id\":\"https:\/\/dientedelecheart.com\/web2022\/productos\/sizzix\/accesorios-sizzix\/sizzix-making-tool-die-brush-die-pick-accessory-kit-black-inspired-by-tim-holtz\/#primaryimage\"},\"image\":{\"@id\":\"https:\/\/dientedelecheart.com\/web2022\/productos\/sizzix\/accesorios-sizzix\/sizzix-making-tool-die-brush-die-pick-accessory-kit-black-inspired-by-tim-holtz\/#primaryimage\"},\"thumbnailUrl\":\"https:\/\/i0.wp.com\/dientedelecheart.com\/web2022\/wp-content\/uploads\/2022\/Productos\/SZ22\/DDL-SZ22-665303.jpg?fit=800%2C800&ssl=1\",\"datePublished\":\"2022-05-21T15:50:50+00:00\",\"description\":\"Sizzix Making Tool - Die Brush & Die Pick Accessory Kit (Black) inspired by Tim Holtz - Diente de Leche Art\",\"breadcrumb\":{\"@id\":\"https:\/\/dientedelecheart.com\/web2022\/productos\/sizzix\/accesorios-sizzix\/sizzix-making-tool-die-brush-die-pick-accessory-kit-black-inspired-by-tim-holtz\/#breadcrumb\"},\"inLanguage\":\"es-UY\",\"potentialAction\":[{\"@type\":\"ReadAction\",\"target\":[\"https:\/\/dientedelecheart.com\/web2022\/productos\/sizzix\/accesorios-sizzix\/sizzix-making-tool-die-brush-die-pick-accessory-kit-black-inspired-by-tim-holtz\/\"]}]},{\"@type\":\"ImageObject\",\"inLanguage\":\"es-UY\",\"@id\":\"https:\/\/dientedelecheart.com\/web2022\/productos\/sizzix\/accesorios-sizzix\/sizzix-making-tool-die-brush-die-pick-accessory-kit-black-inspired-by-tim-holtz\/#primaryimage\",\"url\":\"https:\/\/i0.wp.com\/dientedelecheart.com\/web2022\/wp-content\/uploads\/2022\/Productos\/SZ22\/DDL-SZ22-665303.jpg?fit=800%2C800&ssl=1\",\"contentUrl\":\"https:\/\/i0.wp.com\/dientedelecheart.com\/web2022\/wp-content\/uploads\/2022\/Productos\/SZ22\/DDL-SZ22-665303.jpg?fit=800%2C800&ssl=1\",\"width\":800,\"height\":800},{\"@type\":\"BreadcrumbList\",\"@id\":\"https:\/\/dientedelecheart.com\/web2022\/productos\/sizzix\/accesorios-sizzix\/sizzix-making-tool-die-brush-die-pick-accessory-kit-black-inspired-by-tim-holtz\/#breadcrumb\",\"itemListElement\":[{\"@type\":\"ListItem\",\"position\":1,\"name\":\"Home\",\"item\":\"https:\/\/dientedelecheart.com\/web2022\/\"},{\"@type\":\"ListItem\",\"position\":2,\"name\":\"Productos\",\"item\":\"https:\/\/dientedelecheart.com\/web2022\/?page_id=81891\"},{\"@type\":\"ListItem\",\"position\":3,\"name\":\"Sizzix Making Tool &#8211; Die Brush &#038; Die Pick Accessory Kit (Black) inspired by Tim Holtz\"}]},{\"@type\":\"WebSite\",\"@id\":\"https:\/\/dientedelecheart.com\/web2022\/#website\",\"url\":\"https:\/\/dientedelecheart.com\/web2022\/\",\"name\":\"Diente de Leche Art\",\"description\":\"Diente de Leche Art\",\"publisher\":{\"@id\":\"https:\/\/dientedelecheart.com\/web2022\/#organization\"},\"potentialAction\":[{\"@type\":\"SearchAction\",\"target\":{\"@type\":\"EntryPoint\",\"urlTemplate\":\"https:\/\/dientedelecheart.com\/web2022\/?s={search_term_string}\"},\"query-input\":{\"@type\":\"PropertyValueSpecification\",\"valueRequired\":true,\"valueName\":\"search_term_string\"}}],\"inLanguage\":\"es-UY\"},{\"@type\":\"Organization\",\"@id\":\"https:\/\/dientedelecheart.com\/web2022\/#organization\",\"name\":\"Diente de Leche Art\",\"url\":\"https:\/\/dientedelecheart.com\/web2022\/\",\"logo\":{\"@type\":\"ImageObject\",\"inLanguage\":\"es-UY\",\"@id\":\"https:\/\/dientedelecheart.com\/web2022\/#\/schema\/logo\/image\/\",\"url\":\"https:\/\/i0.wp.com\/www.dientedelecheart.com\/web2022\/wp-content\/uploads\/2022\/04\/icono.png?fit=72%2C72&ssl=1\",\"contentUrl\":\"https:\/\/i0.wp.com\/www.dientedelecheart.com\/web2022\/wp-content\/uploads\/2022\/04\/icono.png?fit=72%2C72&ssl=1\",\"width\":72,\"height\":72,\"caption\":\"Diente de Leche Art\"},\"image\":{\"@id\":\"https:\/\/dientedelecheart.com\/web2022\/#\/schema\/logo\/image\/\"},\"sameAs\":[\"https:\/\/www.instagram.com\/dientedelecheart\/\"],\"email\":\"infodientedelecheart@gmail.com\",\"telephone\":\"+598 94 303 921\",\"legalName\":\"Diente de Leche Art\"}]}<\/script>\n<!-- \/ Yoast SEO Premium plugin. -->","yoast_head_json":{"title":"Sizzix Making Tool - Die Brush & Die Pick Accessory Kit (Black) inspired by Tim Holtz - Diente de Leche Art","description":"Sizzix Making Tool - Die Brush & Die Pick Accessory Kit (Black) inspired by Tim Holtz - Diente de Leche Art","robots":{"index":"index","follow":"follow","max-snippet":"max-snippet:-1","max-image-preview":"max-image-preview:large","max-video-preview":"max-video-preview:-1"},"canonical":"https:\/\/dientedelecheart.com\/web2022\/productos\/sizzix\/accesorios-sizzix\/sizzix-making-tool-die-brush-die-pick-accessory-kit-black-inspired-by-tim-holtz\/","og_locale":"es_ES","og_type":"article","og_title":"Sizzix Making Tool - Die Brush & Die Pick Accessory Kit (Black) inspired by Tim Holtz","og_description":"Sizzix Making Tool - Die Brush & Die Pick Accessory Kit (Black) inspired by Tim Holtz - Diente de Leche Art","og_url":"https:\/\/dientedelecheart.com\/web2022\/productos\/sizzix\/accesorios-sizzix\/sizzix-making-tool-die-brush-die-pick-accessory-kit-black-inspired-by-tim-holtz\/","og_site_name":"Diente de Leche Art","og_image":[{"width":800,"height":800,"url":"https:\/\/i0.wp.com\/dientedelecheart.com\/web2022\/wp-content\/uploads\/2022\/Productos\/SZ22\/DDL-SZ22-665303.jpg?fit=800%2C800&ssl=1","type":"image\/jpeg"}],"twitter_card":"summary_large_image","schema":{"@context":"https:\/\/schema.org","@graph":[{"@type":"WebPage","@id":"https:\/\/dientedelecheart.com\/web2022\/productos\/sizzix\/accesorios-sizzix\/sizzix-making-tool-die-brush-die-pick-accessory-kit-black-inspired-by-tim-holtz\/","url":"https:\/\/dientedelecheart.com\/web2022\/productos\/sizzix\/accesorios-sizzix\/sizzix-making-tool-die-brush-die-pick-accessory-kit-black-inspired-by-tim-holtz\/","name":"Sizzix Making Tool - Die Brush & Die Pick Accessory Kit (Black) inspired by Tim Holtz - Diente de Leche Art","isPartOf":{"@id":"https:\/\/dientedelecheart.com\/web2022\/#website"},"primaryImageOfPage":{"@id":"https:\/\/dientedelecheart.com\/web2022\/productos\/sizzix\/accesorios-sizzix\/sizzix-making-tool-die-brush-die-pick-accessory-kit-black-inspired-by-tim-holtz\/#primaryimage"},"image":{"@id":"https:\/\/dientedelecheart.com\/web2022\/productos\/sizzix\/accesorios-sizzix\/sizzix-making-tool-die-brush-die-pick-accessory-kit-black-inspired-by-tim-holtz\/#primaryimage"},"thumbnailUrl":"https:\/\/i0.wp.com\/dientedelecheart.com\/web2022\/wp-content\/uploads\/2022\/Productos\/SZ22\/DDL-SZ22-665303.jpg?fit=800%2C800&ssl=1","datePublished":"2022-05-21T15:50:50+00:00","description":"Sizzix Making Tool - Die Brush & Die Pick Accessory Kit (Black) inspired by Tim Holtz - Diente de Leche Art","breadcrumb":{"@id":"https:\/\/dientedelecheart.com\/web2022\/productos\/sizzix\/accesorios-sizzix\/sizzix-making-tool-die-brush-die-pick-accessory-kit-black-inspired-by-tim-holtz\/#breadcrumb"},"inLanguage":"es-UY","potentialAction":[{"@type":"ReadAction","target":["https:\/\/dientedelecheart.com\/web2022\/productos\/sizzix\/accesorios-sizzix\/sizzix-making-tool-die-brush-die-pick-accessory-kit-black-inspired-by-tim-holtz\/"]}]},{"@type":"ImageObject","inLanguage":"es-UY","@id":"https:\/\/dientedelecheart.com\/web2022\/productos\/sizzix\/accesorios-sizzix\/sizzix-making-tool-die-brush-die-pick-accessory-kit-black-inspired-by-tim-holtz\/#primaryimage","url":"https:\/\/i0.wp.com\/dientedelecheart.com\/web2022\/wp-content\/uploads\/2022\/Productos\/SZ22\/DDL-SZ22-665303.jpg?fit=800%2C800&ssl=1","contentUrl":"https:\/\/i0.wp.com\/dientedelecheart.com\/web2022\/wp-content\/uploads\/2022\/Productos\/SZ22\/DDL-SZ22-665303.jpg?fit=800%2C800&ssl=1","width":800,"height":800},{"@type":"BreadcrumbList","@id":"https:\/\/dientedelecheart.com\/web2022\/productos\/sizzix\/accesorios-sizzix\/sizzix-making-tool-die-brush-die-pick-accessory-kit-black-inspired-by-tim-holtz\/#breadcrumb","itemListElement":[{"@type":"ListItem","position":1,"name":"Home","item":"https:\/\/dientedelecheart.com\/web2022\/"},{"@type":"ListItem","position":2,"name":"Productos","item":"https:\/\/dientedelecheart.com\/web2022\/?page_id=81891"},{"@type":"ListItem","position":3,"name":"Sizzix Making Tool &#8211; Die Brush &#038; Die Pick Accessory Kit (Black) inspired by Tim Holtz"}]},{"@type":"WebSite","@id":"https:\/\/dientedelecheart.com\/web2022\/#website","url":"https:\/\/dientedelecheart.com\/web2022\/","name":"Diente de Leche Art","description":"Diente de Leche Art","publisher":{"@id":"https:\/\/dientedelecheart.com\/web2022\/#organization"},"potentialAction":[{"@type":"SearchAction","target":{"@type":"EntryPoint","urlTemplate":"https:\/\/dientedelecheart.com\/web2022\/?s={search_term_string}"},"query-input":{"@type":"PropertyValueSpecification","valueRequired":true,"valueName":"search_term_string"}}],"inLanguage":"es-UY"},{"@type":"Organization","@id":"https:\/\/dientedelecheart.com\/web2022\/#organization","name":"Diente de Leche Art","url":"https:\/\/dientedelecheart.com\/web2022\/","logo":{"@type":"ImageObject","inLanguage":"es-UY","@id":"https:\/\/dientedelecheart.com\/web2022\/#\/schema\/logo\/image\/","url":"https:\/\/i0.wp.com\/www.dientedelecheart.com\/web2022\/wp-content\/uploads\/2022\/04\/icono.png?fit=72%2C72&ssl=1","contentUrl":"https:\/\/i0.wp.com\/www.dientedelecheart.com\/web2022\/wp-content\/uploads\/2022\/04\/icono.png?fit=72%2C72&ssl=1","width":72,"height":72,"caption":"Diente de Leche Art"},"image":{"@id":"https:\/\/dientedelecheart.com\/web2022\/#\/schema\/logo\/image\/"},"sameAs":["https:\/\/www.instagram.com\/dientedelecheart\/"],"email":"infodientedelecheart@gmail.com","telephone":"+598 94 303 921","legalName":"Diente de Leche Art"}]}},"jetpack_sharing_enabled":true,"_links":{"self":[{"href":"https:\/\/dientedelecheart.com\/web2022\/wp-json\/wp\/v2\/product\/39571","targetHints":{"allow":["GET"]}}],"collection":[{"href":"https:\/\/dientedelecheart.com\/web2022\/wp-json\/wp\/v2\/product"}],"about":[{"href":"https:\/\/dientedelecheart.com\/web2022\/wp-json\/wp\/v2\/types\/product"}],"wp:featuredmedia":[{"embeddable":true,"href":"https:\/\/dientedelecheart.com\/web2022\/wp-json\/wp\/v2\/media\/37795"}],"wp:attachment":[{"href":"https:\/\/dientedelecheart.com\/web2022\/wp-json\/wp\/v2\/media?parent=39571"}],"wp:term":[{"taxonomy":"product_brand","embeddable":true,"href":"https:\/\/dientedelecheart.com\/web2022\/wp-json\/wp\/v2\/product_brand?post=39571"},{"taxonomy":"product_cat","embeddable":true,"href":"https:\/\/dientedelecheart.com\/web2022\/wp-json\/wp\/v2\/product_cat?post=39571"},{"taxonomy":"product_tag","embeddable":true,"href":"https:\/\/dientedelecheart.com\/web2022\/wp-json\/wp\/v2\/product_tag?post=39571"}],"curies":[{"name":"wp","href":"https:\/\/api.w.org\/{rel}","templated":true}]}}