{"id":39610,"date":"2022-05-21T12:51:27","date_gmt":"2022-05-21T15:51:27","guid":{"rendered":"https:\/\/www.dientedelecheart.com\/web2022\/productos\/sin categor\u00eda\/sizzix-switchlits-embossing-folder-seasonal-seals\/"},"modified":"2022-05-21T12:51:27","modified_gmt":"2022-05-21T15:51:27","slug":"sizzix-switchlits-embossing-folder-seasonal-seals","status":"publish","type":"product","link":"https:\/\/dientedelecheart.com\/web2022\/productos\/sizzix\/embossing-folder\/switchlits\/sizzix-switchlits-embossing-folder-seasonal-seals\/","title":{"rendered":"Sizzix Switchlits Embossing Folder &#8211; Seasonal Seals"},"content":{"rendered":"","protected":false},"excerpt":{"rendered":"<p>\u00a1Esta intrincada y elegante carpeta de estampado navide\u00f1o Sizzix de Kath Breen seguro que tiene nuestro sello de aprobaci\u00f3n! Con tres juegos de troqueles Sizzix intercambiables que incluyen un hermoso lazo, una delicada rama de acebo y un dise\u00f1o de estrella brillante, \u00a1esta carpeta de estampado Sizzix Switchlits ser\u00e1 una gran adici\u00f3n a la colecci\u00f3n navide\u00f1a de cualquier artesano!<\/p>\n<p>Nuestra nueva tecnolog\u00eda Switchlits hace que este juego de troqueles Sizzix sea a\u00fan m\u00e1s especial, brind\u00e1ndole otro nivel de versatilidad y m\u00e1s oportunidades para personalizar sus manualidades. \u00a1Este juego de troqueles Sizzix Craft es perfecto para agregar un toque personalizado a todos sus proyectos, desde tarjetas de felicitaci\u00f3n y cartas hasta invitaciones a fiestas! \u00bfPor qu\u00e9 no usarlo con Sizzix Effectz para realzar los detalles delicados y elevar a\u00fan m\u00e1s sus creaciones?<\/p>\n<p>Carpeta de estampado Sizzix Switchlits: los sellos de temporada son para usar solo con m\u00e1quinas Sizzix Big Shot, usando una sola almohadilla de corte y la plataforma incluida de la m\u00e1quina Big Shot.<\/p>\n","protected":false},"featured_media":37816,"template":"","meta":[],"product_brand":[],"product_cat":[897],"product_tag":[],"class_list":{"0":"post-39610","1":"product","2":"type-product","3":"status-publish","4":"has-post-thumbnail","6":"product_cat-switchlits","8":"first","9":"instock","10":"shipping-taxable","11":"purchasable","12":"product-type-simple","13":"add-to-wishlist-after_add_to_cart"},"yoast_head":"<!-- This site is optimized with the Yoast SEO Premium plugin v25.2 (Yoast SEO v25.2) - https:\/\/yoast.com\/wordpress\/plugins\/seo\/ -->\n<title>Sizzix Switchlits Embossing Folder - Seasonal Seals - Diente de Leche Art<\/title>\n<meta name=\"description\" content=\"Sizzix Switchlits Embossing Folder - Seasonal Seals - Diente de Leche Art\" \/>\n<meta name=\"robots\" content=\"index, follow, max-snippet:-1, max-image-preview:large, max-video-preview:-1\" \/>\n<link rel=\"canonical\" href=\"https:\/\/dientedelecheart.com\/web2022\/productos\/sizzix\/embossing-folder\/switchlits\/sizzix-switchlits-embossing-folder-seasonal-seals\/\" \/>\n<meta property=\"og:locale\" content=\"es_ES\" \/>\n<meta property=\"og:type\" content=\"article\" \/>\n<meta property=\"og:title\" content=\"Sizzix Switchlits Embossing Folder - Seasonal Seals\" \/>\n<meta property=\"og:description\" content=\"Sizzix Switchlits Embossing Folder - Seasonal Seals - Diente de Leche Art\" \/>\n<meta property=\"og:url\" content=\"https:\/\/dientedelecheart.com\/web2022\/productos\/sizzix\/embossing-folder\/switchlits\/sizzix-switchlits-embossing-folder-seasonal-seals\/\" \/>\n<meta property=\"og:site_name\" content=\"Diente de Leche Art\" \/>\n<meta property=\"og:image\" content=\"https:\/\/i0.wp.com\/dientedelecheart.com\/web2022\/wp-content\/uploads\/2022\/Productos\/SZ22\/DDL-SZ22-665356_1.jpg?fit=800%2C800&ssl=1\" \/>\n\t<meta property=\"og:image:width\" content=\"800\" \/>\n\t<meta property=\"og:image:height\" content=\"800\" \/>\n\t<meta property=\"og:image:type\" content=\"image\/jpeg\" \/>\n<meta name=\"twitter:card\" content=\"summary_large_image\" \/>\n<script type=\"application\/ld+json\" class=\"yoast-schema-graph\">{\"@context\":\"https:\/\/schema.org\",\"@graph\":[{\"@type\":\"WebPage\",\"@id\":\"https:\/\/dientedelecheart.com\/web2022\/productos\/sizzix\/embossing-folder\/switchlits\/sizzix-switchlits-embossing-folder-seasonal-seals\/\",\"url\":\"https:\/\/dientedelecheart.com\/web2022\/productos\/sizzix\/embossing-folder\/switchlits\/sizzix-switchlits-embossing-folder-seasonal-seals\/\",\"name\":\"Sizzix Switchlits Embossing Folder - Seasonal Seals - Diente de Leche Art\",\"isPartOf\":{\"@id\":\"https:\/\/dientedelecheart.com\/web2022\/#website\"},\"primaryImageOfPage\":{\"@id\":\"https:\/\/dientedelecheart.com\/web2022\/productos\/sizzix\/embossing-folder\/switchlits\/sizzix-switchlits-embossing-folder-seasonal-seals\/#primaryimage\"},\"image\":{\"@id\":\"https:\/\/dientedelecheart.com\/web2022\/productos\/sizzix\/embossing-folder\/switchlits\/sizzix-switchlits-embossing-folder-seasonal-seals\/#primaryimage\"},\"thumbnailUrl\":\"https:\/\/i0.wp.com\/dientedelecheart.com\/web2022\/wp-content\/uploads\/2022\/Productos\/SZ22\/DDL-SZ22-665356_1.jpg?fit=800%2C800&ssl=1\",\"datePublished\":\"2022-05-21T15:51:27+00:00\",\"description\":\"Sizzix Switchlits Embossing Folder - Seasonal Seals - Diente de Leche Art\",\"breadcrumb\":{\"@id\":\"https:\/\/dientedelecheart.com\/web2022\/productos\/sizzix\/embossing-folder\/switchlits\/sizzix-switchlits-embossing-folder-seasonal-seals\/#breadcrumb\"},\"inLanguage\":\"es-UY\",\"potentialAction\":[{\"@type\":\"ReadAction\",\"target\":[\"https:\/\/dientedelecheart.com\/web2022\/productos\/sizzix\/embossing-folder\/switchlits\/sizzix-switchlits-embossing-folder-seasonal-seals\/\"]}]},{\"@type\":\"ImageObject\",\"inLanguage\":\"es-UY\",\"@id\":\"https:\/\/dientedelecheart.com\/web2022\/productos\/sizzix\/embossing-folder\/switchlits\/sizzix-switchlits-embossing-folder-seasonal-seals\/#primaryimage\",\"url\":\"https:\/\/i0.wp.com\/dientedelecheart.com\/web2022\/wp-content\/uploads\/2022\/Productos\/SZ22\/DDL-SZ22-665356_1.jpg?fit=800%2C800&ssl=1\",\"contentUrl\":\"https:\/\/i0.wp.com\/dientedelecheart.com\/web2022\/wp-content\/uploads\/2022\/Productos\/SZ22\/DDL-SZ22-665356_1.jpg?fit=800%2C800&ssl=1\",\"width\":800,\"height\":800},{\"@type\":\"BreadcrumbList\",\"@id\":\"https:\/\/dientedelecheart.com\/web2022\/productos\/sizzix\/embossing-folder\/switchlits\/sizzix-switchlits-embossing-folder-seasonal-seals\/#breadcrumb\",\"itemListElement\":[{\"@type\":\"ListItem\",\"position\":1,\"name\":\"Home\",\"item\":\"https:\/\/dientedelecheart.com\/web2022\/\"},{\"@type\":\"ListItem\",\"position\":2,\"name\":\"Productos\",\"item\":\"https:\/\/dientedelecheart.com\/web2022\/?page_id=81891\"},{\"@type\":\"ListItem\",\"position\":3,\"name\":\"Sizzix Switchlits Embossing Folder &#8211; Seasonal Seals\"}]},{\"@type\":\"WebSite\",\"@id\":\"https:\/\/dientedelecheart.com\/web2022\/#website\",\"url\":\"https:\/\/dientedelecheart.com\/web2022\/\",\"name\":\"Diente de Leche Art\",\"description\":\"Diente de Leche Art\",\"publisher\":{\"@id\":\"https:\/\/dientedelecheart.com\/web2022\/#organization\"},\"potentialAction\":[{\"@type\":\"SearchAction\",\"target\":{\"@type\":\"EntryPoint\",\"urlTemplate\":\"https:\/\/dientedelecheart.com\/web2022\/?s={search_term_string}\"},\"query-input\":{\"@type\":\"PropertyValueSpecification\",\"valueRequired\":true,\"valueName\":\"search_term_string\"}}],\"inLanguage\":\"es-UY\"},{\"@type\":\"Organization\",\"@id\":\"https:\/\/dientedelecheart.com\/web2022\/#organization\",\"name\":\"Diente de Leche Art\",\"url\":\"https:\/\/dientedelecheart.com\/web2022\/\",\"logo\":{\"@type\":\"ImageObject\",\"inLanguage\":\"es-UY\",\"@id\":\"https:\/\/dientedelecheart.com\/web2022\/#\/schema\/logo\/image\/\",\"url\":\"https:\/\/i0.wp.com\/www.dientedelecheart.com\/web2022\/wp-content\/uploads\/2022\/04\/icono.png?fit=72%2C72&ssl=1\",\"contentUrl\":\"https:\/\/i0.wp.com\/www.dientedelecheart.com\/web2022\/wp-content\/uploads\/2022\/04\/icono.png?fit=72%2C72&ssl=1\",\"width\":72,\"height\":72,\"caption\":\"Diente de Leche Art\"},\"image\":{\"@id\":\"https:\/\/dientedelecheart.com\/web2022\/#\/schema\/logo\/image\/\"},\"sameAs\":[\"https:\/\/www.instagram.com\/dientedelecheart\/\"],\"email\":\"infodientedelecheart@gmail.com\",\"telephone\":\"+598 94 303 921\",\"legalName\":\"Diente de Leche Art\"}]}<\/script>\n<!-- \/ Yoast SEO Premium plugin. -->","yoast_head_json":{"title":"Sizzix Switchlits Embossing Folder - Seasonal Seals - Diente de Leche Art","description":"Sizzix Switchlits Embossing Folder - Seasonal Seals - Diente de Leche Art","robots":{"index":"index","follow":"follow","max-snippet":"max-snippet:-1","max-image-preview":"max-image-preview:large","max-video-preview":"max-video-preview:-1"},"canonical":"https:\/\/dientedelecheart.com\/web2022\/productos\/sizzix\/embossing-folder\/switchlits\/sizzix-switchlits-embossing-folder-seasonal-seals\/","og_locale":"es_ES","og_type":"article","og_title":"Sizzix Switchlits Embossing Folder - Seasonal Seals","og_description":"Sizzix Switchlits Embossing Folder - Seasonal Seals - Diente de Leche Art","og_url":"https:\/\/dientedelecheart.com\/web2022\/productos\/sizzix\/embossing-folder\/switchlits\/sizzix-switchlits-embossing-folder-seasonal-seals\/","og_site_name":"Diente de Leche Art","og_image":[{"width":800,"height":800,"url":"https:\/\/i0.wp.com\/dientedelecheart.com\/web2022\/wp-content\/uploads\/2022\/Productos\/SZ22\/DDL-SZ22-665356_1.jpg?fit=800%2C800&ssl=1","type":"image\/jpeg"}],"twitter_card":"summary_large_image","schema":{"@context":"https:\/\/schema.org","@graph":[{"@type":"WebPage","@id":"https:\/\/dientedelecheart.com\/web2022\/productos\/sizzix\/embossing-folder\/switchlits\/sizzix-switchlits-embossing-folder-seasonal-seals\/","url":"https:\/\/dientedelecheart.com\/web2022\/productos\/sizzix\/embossing-folder\/switchlits\/sizzix-switchlits-embossing-folder-seasonal-seals\/","name":"Sizzix Switchlits Embossing Folder - Seasonal Seals - Diente de Leche Art","isPartOf":{"@id":"https:\/\/dientedelecheart.com\/web2022\/#website"},"primaryImageOfPage":{"@id":"https:\/\/dientedelecheart.com\/web2022\/productos\/sizzix\/embossing-folder\/switchlits\/sizzix-switchlits-embossing-folder-seasonal-seals\/#primaryimage"},"image":{"@id":"https:\/\/dientedelecheart.com\/web2022\/productos\/sizzix\/embossing-folder\/switchlits\/sizzix-switchlits-embossing-folder-seasonal-seals\/#primaryimage"},"thumbnailUrl":"https:\/\/i0.wp.com\/dientedelecheart.com\/web2022\/wp-content\/uploads\/2022\/Productos\/SZ22\/DDL-SZ22-665356_1.jpg?fit=800%2C800&ssl=1","datePublished":"2022-05-21T15:51:27+00:00","description":"Sizzix Switchlits Embossing Folder - Seasonal Seals - Diente de Leche Art","breadcrumb":{"@id":"https:\/\/dientedelecheart.com\/web2022\/productos\/sizzix\/embossing-folder\/switchlits\/sizzix-switchlits-embossing-folder-seasonal-seals\/#breadcrumb"},"inLanguage":"es-UY","potentialAction":[{"@type":"ReadAction","target":["https:\/\/dientedelecheart.com\/web2022\/productos\/sizzix\/embossing-folder\/switchlits\/sizzix-switchlits-embossing-folder-seasonal-seals\/"]}]},{"@type":"ImageObject","inLanguage":"es-UY","@id":"https:\/\/dientedelecheart.com\/web2022\/productos\/sizzix\/embossing-folder\/switchlits\/sizzix-switchlits-embossing-folder-seasonal-seals\/#primaryimage","url":"https:\/\/i0.wp.com\/dientedelecheart.com\/web2022\/wp-content\/uploads\/2022\/Productos\/SZ22\/DDL-SZ22-665356_1.jpg?fit=800%2C800&ssl=1","contentUrl":"https:\/\/i0.wp.com\/dientedelecheart.com\/web2022\/wp-content\/uploads\/2022\/Productos\/SZ22\/DDL-SZ22-665356_1.jpg?fit=800%2C800&ssl=1","width":800,"height":800},{"@type":"BreadcrumbList","@id":"https:\/\/dientedelecheart.com\/web2022\/productos\/sizzix\/embossing-folder\/switchlits\/sizzix-switchlits-embossing-folder-seasonal-seals\/#breadcrumb","itemListElement":[{"@type":"ListItem","position":1,"name":"Home","item":"https:\/\/dientedelecheart.com\/web2022\/"},{"@type":"ListItem","position":2,"name":"Productos","item":"https:\/\/dientedelecheart.com\/web2022\/?page_id=81891"},{"@type":"ListItem","position":3,"name":"Sizzix Switchlits Embossing Folder &#8211; Seasonal Seals"}]},{"@type":"WebSite","@id":"https:\/\/dientedelecheart.com\/web2022\/#website","url":"https:\/\/dientedelecheart.com\/web2022\/","name":"Diente de Leche Art","description":"Diente de Leche Art","publisher":{"@id":"https:\/\/dientedelecheart.com\/web2022\/#organization"},"potentialAction":[{"@type":"SearchAction","target":{"@type":"EntryPoint","urlTemplate":"https:\/\/dientedelecheart.com\/web2022\/?s={search_term_string}"},"query-input":{"@type":"PropertyValueSpecification","valueRequired":true,"valueName":"search_term_string"}}],"inLanguage":"es-UY"},{"@type":"Organization","@id":"https:\/\/dientedelecheart.com\/web2022\/#organization","name":"Diente de Leche Art","url":"https:\/\/dientedelecheart.com\/web2022\/","logo":{"@type":"ImageObject","inLanguage":"es-UY","@id":"https:\/\/dientedelecheart.com\/web2022\/#\/schema\/logo\/image\/","url":"https:\/\/i0.wp.com\/www.dientedelecheart.com\/web2022\/wp-content\/uploads\/2022\/04\/icono.png?fit=72%2C72&ssl=1","contentUrl":"https:\/\/i0.wp.com\/www.dientedelecheart.com\/web2022\/wp-content\/uploads\/2022\/04\/icono.png?fit=72%2C72&ssl=1","width":72,"height":72,"caption":"Diente de Leche Art"},"image":{"@id":"https:\/\/dientedelecheart.com\/web2022\/#\/schema\/logo\/image\/"},"sameAs":["https:\/\/www.instagram.com\/dientedelecheart\/"],"email":"infodientedelecheart@gmail.com","telephone":"+598 94 303 921","legalName":"Diente de Leche Art"}]}},"jetpack_sharing_enabled":true,"_links":{"self":[{"href":"https:\/\/dientedelecheart.com\/web2022\/wp-json\/wp\/v2\/product\/39610","targetHints":{"allow":["GET"]}}],"collection":[{"href":"https:\/\/dientedelecheart.com\/web2022\/wp-json\/wp\/v2\/product"}],"about":[{"href":"https:\/\/dientedelecheart.com\/web2022\/wp-json\/wp\/v2\/types\/product"}],"wp:featuredmedia":[{"embeddable":true,"href":"https:\/\/dientedelecheart.com\/web2022\/wp-json\/wp\/v2\/media\/37816"}],"wp:attachment":[{"href":"https:\/\/dientedelecheart.com\/web2022\/wp-json\/wp\/v2\/media?parent=39610"}],"wp:term":[{"taxonomy":"product_brand","embeddable":true,"href":"https:\/\/dientedelecheart.com\/web2022\/wp-json\/wp\/v2\/product_brand?post=39610"},{"taxonomy":"product_cat","embeddable":true,"href":"https:\/\/dientedelecheart.com\/web2022\/wp-json\/wp\/v2\/product_cat?post=39610"},{"taxonomy":"product_tag","embeddable":true,"href":"https:\/\/dientedelecheart.com\/web2022\/wp-json\/wp\/v2\/product_tag?post=39610"}],"curies":[{"name":"wp","href":"https:\/\/api.w.org\/{rel}","templated":true}]}}