{"id":39612,"date":"2022-05-21T12:51:28","date_gmt":"2022-05-21T15:51:28","guid":{"rendered":"https:\/\/www.dientedelecheart.com\/web2022\/productos\/sin categor\u00eda\/sizzix-switchlits-embossing-folder-floral-label\/"},"modified":"2022-05-21T12:51:28","modified_gmt":"2022-05-21T15:51:28","slug":"sizzix-switchlits-embossing-folder-floral-label","status":"publish","type":"product","link":"https:\/\/dientedelecheart.com\/web2022\/productos\/sizzix\/embossing-folder\/switchlits\/sizzix-switchlits-embossing-folder-floral-label\/","title":{"rendered":"Sizzix Switchlits Embossing Folder &#8211; Floral Label"},"content":{"rendered":"","protected":false},"excerpt":{"rendered":"<p>\u00a1El cielo es el l\u00edmite con esta hermosa nueva carpeta de estampado Sizzix Floral Label Switchlits! \u00a1Incluyendo un dise\u00f1o floral fabuloso y elegante para la carpeta de estampado principal, as\u00ed como tres etiquetas de troquel intercambiables cl\u00e1sicas de Thinlits, este juego seguramente se convertir\u00e1 en un elemento b\u00e1sico en cualquier caja de herramientas artesanal! La nueva tecnolog\u00eda Switchlits hace que este conjunto sea a\u00fan m\u00e1s especial, brind\u00e1ndole un nuevo nivel de versatilidad y la oportunidad de personalizar sus manualidades. \u00a1Ideal para hacer manualidades durante todo el a\u00f1o, este juego le permite agregar un toque personalizado a todos sus proyectos de artesan\u00eda en papel, desde tarjetas y regalos durante la temporada navide\u00f1a hasta invitaciones para fiestas y decoraciones para Pascua! \u00bfPor qu\u00e9 no probar con los nuevos Sizzix Lustre Wax and Texture Rolls para mejorar los detalles intrincados de su dise\u00f1o y agregar a\u00fan m\u00e1s brillo a sus creaciones?<\/p>\n","protected":false},"featured_media":37920,"template":"","meta":[],"product_brand":[],"product_cat":[897],"product_tag":[],"class_list":{"0":"post-39612","1":"product","2":"type-product","3":"status-publish","4":"has-post-thumbnail","6":"product_cat-switchlits","8":"first","9":"instock","10":"shipping-taxable","11":"purchasable","12":"product-type-simple","13":"add-to-wishlist-after_add_to_cart"},"yoast_head":"<!-- This site is optimized with the Yoast SEO Premium plugin v25.2 (Yoast SEO v25.2) - https:\/\/yoast.com\/wordpress\/plugins\/seo\/ -->\n<title>Sizzix Switchlits Embossing Folder - Floral Label - Diente de Leche Art<\/title>\n<meta name=\"description\" content=\"Sizzix Switchlits Embossing Folder - Floral Label - Diente de Leche Art\" \/>\n<meta name=\"robots\" content=\"index, follow, max-snippet:-1, max-image-preview:large, max-video-preview:-1\" \/>\n<link rel=\"canonical\" href=\"https:\/\/dientedelecheart.com\/web2022\/productos\/sizzix\/embossing-folder\/switchlits\/sizzix-switchlits-embossing-folder-floral-label\/\" \/>\n<meta property=\"og:locale\" content=\"es_ES\" \/>\n<meta property=\"og:type\" content=\"article\" \/>\n<meta property=\"og:title\" content=\"Sizzix Switchlits Embossing Folder - Floral Label\" \/>\n<meta property=\"og:description\" content=\"Sizzix Switchlits Embossing Folder - Floral Label - Diente de Leche Art\" \/>\n<meta property=\"og:url\" content=\"https:\/\/dientedelecheart.com\/web2022\/productos\/sizzix\/embossing-folder\/switchlits\/sizzix-switchlits-embossing-folder-floral-label\/\" \/>\n<meta property=\"og:site_name\" content=\"Diente de Leche Art\" \/>\n<meta property=\"og:image\" content=\"https:\/\/i0.wp.com\/dientedelecheart.com\/web2022\/wp-content\/uploads\/2022\/Productos\/SZ22\/DDL-SZ22-665736_1.jpg?fit=800%2C800&ssl=1\" \/>\n\t<meta property=\"og:image:width\" content=\"800\" \/>\n\t<meta property=\"og:image:height\" content=\"800\" \/>\n\t<meta property=\"og:image:type\" content=\"image\/jpeg\" \/>\n<meta name=\"twitter:card\" content=\"summary_large_image\" \/>\n<script type=\"application\/ld+json\" class=\"yoast-schema-graph\">{\"@context\":\"https:\/\/schema.org\",\"@graph\":[{\"@type\":\"WebPage\",\"@id\":\"https:\/\/dientedelecheart.com\/web2022\/productos\/sizzix\/embossing-folder\/switchlits\/sizzix-switchlits-embossing-folder-floral-label\/\",\"url\":\"https:\/\/dientedelecheart.com\/web2022\/productos\/sizzix\/embossing-folder\/switchlits\/sizzix-switchlits-embossing-folder-floral-label\/\",\"name\":\"Sizzix Switchlits Embossing Folder - Floral Label - Diente de Leche Art\",\"isPartOf\":{\"@id\":\"https:\/\/dientedelecheart.com\/web2022\/#website\"},\"primaryImageOfPage\":{\"@id\":\"https:\/\/dientedelecheart.com\/web2022\/productos\/sizzix\/embossing-folder\/switchlits\/sizzix-switchlits-embossing-folder-floral-label\/#primaryimage\"},\"image\":{\"@id\":\"https:\/\/dientedelecheart.com\/web2022\/productos\/sizzix\/embossing-folder\/switchlits\/sizzix-switchlits-embossing-folder-floral-label\/#primaryimage\"},\"thumbnailUrl\":\"https:\/\/i0.wp.com\/dientedelecheart.com\/web2022\/wp-content\/uploads\/2022\/Productos\/SZ22\/DDL-SZ22-665736_1.jpg?fit=800%2C800&ssl=1\",\"datePublished\":\"2022-05-21T15:51:28+00:00\",\"description\":\"Sizzix Switchlits Embossing Folder - Floral Label - Diente de Leche Art\",\"breadcrumb\":{\"@id\":\"https:\/\/dientedelecheart.com\/web2022\/productos\/sizzix\/embossing-folder\/switchlits\/sizzix-switchlits-embossing-folder-floral-label\/#breadcrumb\"},\"inLanguage\":\"es-UY\",\"potentialAction\":[{\"@type\":\"ReadAction\",\"target\":[\"https:\/\/dientedelecheart.com\/web2022\/productos\/sizzix\/embossing-folder\/switchlits\/sizzix-switchlits-embossing-folder-floral-label\/\"]}]},{\"@type\":\"ImageObject\",\"inLanguage\":\"es-UY\",\"@id\":\"https:\/\/dientedelecheart.com\/web2022\/productos\/sizzix\/embossing-folder\/switchlits\/sizzix-switchlits-embossing-folder-floral-label\/#primaryimage\",\"url\":\"https:\/\/i0.wp.com\/dientedelecheart.com\/web2022\/wp-content\/uploads\/2022\/Productos\/SZ22\/DDL-SZ22-665736_1.jpg?fit=800%2C800&ssl=1\",\"contentUrl\":\"https:\/\/i0.wp.com\/dientedelecheart.com\/web2022\/wp-content\/uploads\/2022\/Productos\/SZ22\/DDL-SZ22-665736_1.jpg?fit=800%2C800&ssl=1\",\"width\":800,\"height\":800},{\"@type\":\"BreadcrumbList\",\"@id\":\"https:\/\/dientedelecheart.com\/web2022\/productos\/sizzix\/embossing-folder\/switchlits\/sizzix-switchlits-embossing-folder-floral-label\/#breadcrumb\",\"itemListElement\":[{\"@type\":\"ListItem\",\"position\":1,\"name\":\"Home\",\"item\":\"https:\/\/dientedelecheart.com\/web2022\/\"},{\"@type\":\"ListItem\",\"position\":2,\"name\":\"Productos\",\"item\":\"https:\/\/dientedelecheart.com\/web2022\/?page_id=81891\"},{\"@type\":\"ListItem\",\"position\":3,\"name\":\"Sizzix Switchlits Embossing Folder &#8211; Floral Label\"}]},{\"@type\":\"WebSite\",\"@id\":\"https:\/\/dientedelecheart.com\/web2022\/#website\",\"url\":\"https:\/\/dientedelecheart.com\/web2022\/\",\"name\":\"Diente de Leche Art\",\"description\":\"Diente de Leche Art\",\"publisher\":{\"@id\":\"https:\/\/dientedelecheart.com\/web2022\/#organization\"},\"potentialAction\":[{\"@type\":\"SearchAction\",\"target\":{\"@type\":\"EntryPoint\",\"urlTemplate\":\"https:\/\/dientedelecheart.com\/web2022\/?s={search_term_string}\"},\"query-input\":{\"@type\":\"PropertyValueSpecification\",\"valueRequired\":true,\"valueName\":\"search_term_string\"}}],\"inLanguage\":\"es-UY\"},{\"@type\":\"Organization\",\"@id\":\"https:\/\/dientedelecheart.com\/web2022\/#organization\",\"name\":\"Diente de Leche Art\",\"url\":\"https:\/\/dientedelecheart.com\/web2022\/\",\"logo\":{\"@type\":\"ImageObject\",\"inLanguage\":\"es-UY\",\"@id\":\"https:\/\/dientedelecheart.com\/web2022\/#\/schema\/logo\/image\/\",\"url\":\"https:\/\/i0.wp.com\/www.dientedelecheart.com\/web2022\/wp-content\/uploads\/2022\/04\/icono.png?fit=72%2C72&ssl=1\",\"contentUrl\":\"https:\/\/i0.wp.com\/www.dientedelecheart.com\/web2022\/wp-content\/uploads\/2022\/04\/icono.png?fit=72%2C72&ssl=1\",\"width\":72,\"height\":72,\"caption\":\"Diente de Leche Art\"},\"image\":{\"@id\":\"https:\/\/dientedelecheart.com\/web2022\/#\/schema\/logo\/image\/\"},\"sameAs\":[\"https:\/\/www.instagram.com\/dientedelecheart\/\"],\"email\":\"infodientedelecheart@gmail.com\",\"telephone\":\"+598 94 303 921\",\"legalName\":\"Diente de Leche Art\"}]}<\/script>\n<!-- \/ Yoast SEO Premium plugin. -->","yoast_head_json":{"title":"Sizzix Switchlits Embossing Folder - Floral Label - Diente de Leche Art","description":"Sizzix Switchlits Embossing Folder - Floral Label - Diente de Leche Art","robots":{"index":"index","follow":"follow","max-snippet":"max-snippet:-1","max-image-preview":"max-image-preview:large","max-video-preview":"max-video-preview:-1"},"canonical":"https:\/\/dientedelecheart.com\/web2022\/productos\/sizzix\/embossing-folder\/switchlits\/sizzix-switchlits-embossing-folder-floral-label\/","og_locale":"es_ES","og_type":"article","og_title":"Sizzix Switchlits Embossing Folder - Floral Label","og_description":"Sizzix Switchlits Embossing Folder - Floral Label - Diente de Leche Art","og_url":"https:\/\/dientedelecheart.com\/web2022\/productos\/sizzix\/embossing-folder\/switchlits\/sizzix-switchlits-embossing-folder-floral-label\/","og_site_name":"Diente de Leche Art","og_image":[{"width":800,"height":800,"url":"https:\/\/i0.wp.com\/dientedelecheart.com\/web2022\/wp-content\/uploads\/2022\/Productos\/SZ22\/DDL-SZ22-665736_1.jpg?fit=800%2C800&ssl=1","type":"image\/jpeg"}],"twitter_card":"summary_large_image","schema":{"@context":"https:\/\/schema.org","@graph":[{"@type":"WebPage","@id":"https:\/\/dientedelecheart.com\/web2022\/productos\/sizzix\/embossing-folder\/switchlits\/sizzix-switchlits-embossing-folder-floral-label\/","url":"https:\/\/dientedelecheart.com\/web2022\/productos\/sizzix\/embossing-folder\/switchlits\/sizzix-switchlits-embossing-folder-floral-label\/","name":"Sizzix Switchlits Embossing Folder - Floral Label - Diente de Leche Art","isPartOf":{"@id":"https:\/\/dientedelecheart.com\/web2022\/#website"},"primaryImageOfPage":{"@id":"https:\/\/dientedelecheart.com\/web2022\/productos\/sizzix\/embossing-folder\/switchlits\/sizzix-switchlits-embossing-folder-floral-label\/#primaryimage"},"image":{"@id":"https:\/\/dientedelecheart.com\/web2022\/productos\/sizzix\/embossing-folder\/switchlits\/sizzix-switchlits-embossing-folder-floral-label\/#primaryimage"},"thumbnailUrl":"https:\/\/i0.wp.com\/dientedelecheart.com\/web2022\/wp-content\/uploads\/2022\/Productos\/SZ22\/DDL-SZ22-665736_1.jpg?fit=800%2C800&ssl=1","datePublished":"2022-05-21T15:51:28+00:00","description":"Sizzix Switchlits Embossing Folder - Floral Label - Diente de Leche Art","breadcrumb":{"@id":"https:\/\/dientedelecheart.com\/web2022\/productos\/sizzix\/embossing-folder\/switchlits\/sizzix-switchlits-embossing-folder-floral-label\/#breadcrumb"},"inLanguage":"es-UY","potentialAction":[{"@type":"ReadAction","target":["https:\/\/dientedelecheart.com\/web2022\/productos\/sizzix\/embossing-folder\/switchlits\/sizzix-switchlits-embossing-folder-floral-label\/"]}]},{"@type":"ImageObject","inLanguage":"es-UY","@id":"https:\/\/dientedelecheart.com\/web2022\/productos\/sizzix\/embossing-folder\/switchlits\/sizzix-switchlits-embossing-folder-floral-label\/#primaryimage","url":"https:\/\/i0.wp.com\/dientedelecheart.com\/web2022\/wp-content\/uploads\/2022\/Productos\/SZ22\/DDL-SZ22-665736_1.jpg?fit=800%2C800&ssl=1","contentUrl":"https:\/\/i0.wp.com\/dientedelecheart.com\/web2022\/wp-content\/uploads\/2022\/Productos\/SZ22\/DDL-SZ22-665736_1.jpg?fit=800%2C800&ssl=1","width":800,"height":800},{"@type":"BreadcrumbList","@id":"https:\/\/dientedelecheart.com\/web2022\/productos\/sizzix\/embossing-folder\/switchlits\/sizzix-switchlits-embossing-folder-floral-label\/#breadcrumb","itemListElement":[{"@type":"ListItem","position":1,"name":"Home","item":"https:\/\/dientedelecheart.com\/web2022\/"},{"@type":"ListItem","position":2,"name":"Productos","item":"https:\/\/dientedelecheart.com\/web2022\/?page_id=81891"},{"@type":"ListItem","position":3,"name":"Sizzix Switchlits Embossing Folder &#8211; Floral Label"}]},{"@type":"WebSite","@id":"https:\/\/dientedelecheart.com\/web2022\/#website","url":"https:\/\/dientedelecheart.com\/web2022\/","name":"Diente de Leche Art","description":"Diente de Leche Art","publisher":{"@id":"https:\/\/dientedelecheart.com\/web2022\/#organization"},"potentialAction":[{"@type":"SearchAction","target":{"@type":"EntryPoint","urlTemplate":"https:\/\/dientedelecheart.com\/web2022\/?s={search_term_string}"},"query-input":{"@type":"PropertyValueSpecification","valueRequired":true,"valueName":"search_term_string"}}],"inLanguage":"es-UY"},{"@type":"Organization","@id":"https:\/\/dientedelecheart.com\/web2022\/#organization","name":"Diente de Leche Art","url":"https:\/\/dientedelecheart.com\/web2022\/","logo":{"@type":"ImageObject","inLanguage":"es-UY","@id":"https:\/\/dientedelecheart.com\/web2022\/#\/schema\/logo\/image\/","url":"https:\/\/i0.wp.com\/www.dientedelecheart.com\/web2022\/wp-content\/uploads\/2022\/04\/icono.png?fit=72%2C72&ssl=1","contentUrl":"https:\/\/i0.wp.com\/www.dientedelecheart.com\/web2022\/wp-content\/uploads\/2022\/04\/icono.png?fit=72%2C72&ssl=1","width":72,"height":72,"caption":"Diente de Leche Art"},"image":{"@id":"https:\/\/dientedelecheart.com\/web2022\/#\/schema\/logo\/image\/"},"sameAs":["https:\/\/www.instagram.com\/dientedelecheart\/"],"email":"infodientedelecheart@gmail.com","telephone":"+598 94 303 921","legalName":"Diente de Leche Art"}]}},"jetpack_sharing_enabled":true,"_links":{"self":[{"href":"https:\/\/dientedelecheart.com\/web2022\/wp-json\/wp\/v2\/product\/39612","targetHints":{"allow":["GET"]}}],"collection":[{"href":"https:\/\/dientedelecheart.com\/web2022\/wp-json\/wp\/v2\/product"}],"about":[{"href":"https:\/\/dientedelecheart.com\/web2022\/wp-json\/wp\/v2\/types\/product"}],"wp:featuredmedia":[{"embeddable":true,"href":"https:\/\/dientedelecheart.com\/web2022\/wp-json\/wp\/v2\/media\/37920"}],"wp:attachment":[{"href":"https:\/\/dientedelecheart.com\/web2022\/wp-json\/wp\/v2\/media?parent=39612"}],"wp:term":[{"taxonomy":"product_brand","embeddable":true,"href":"https:\/\/dientedelecheart.com\/web2022\/wp-json\/wp\/v2\/product_brand?post=39612"},{"taxonomy":"product_cat","embeddable":true,"href":"https:\/\/dientedelecheart.com\/web2022\/wp-json\/wp\/v2\/product_cat?post=39612"},{"taxonomy":"product_tag","embeddable":true,"href":"https:\/\/dientedelecheart.com\/web2022\/wp-json\/wp\/v2\/product_tag?post=39612"}],"curies":[{"name":"wp","href":"https:\/\/api.w.org\/{rel}","templated":true}]}}