{"id":39737,"date":"2022-05-21T12:54:05","date_gmt":"2022-05-21T15:54:05","guid":{"rendered":"https:\/\/www.dientedelecheart.com\/web2022\/productos\/sin categor\u00eda\/sizzix-big-shot-starter-kit-gray-rose-gold-w-standard-platform\/"},"modified":"2022-05-21T12:54:05","modified_gmt":"2022-05-21T15:54:05","slug":"sizzix-big-shot-starter-kit-gray-rose-gold-w-standard-platform","status":"publish","type":"product","link":"https:\/\/dientedelecheart.com\/web2022\/productos\/sizzix\/maquinas\/sizzix-big-shot-starter-kit-gray-rose-gold-w-standard-platform\/","title":{"rendered":"Sizzix Big Shot Starter Kit (Gray &#038; Rose Gold) w\/Standard Platform"},"content":{"rendered":"","protected":false},"excerpt":{"rendered":"<p>\u00a1El kit de inicio Big Shot Machine en Rose Gold de Sizzix es una opci\u00f3n elegante para cualquier artesano!. Esta hermosa, elegante y vers\u00e1til m\u00e1quina te permite cortar la forma perfecta y grabar en relieve una variedad de estilos utilizando una amplia gama de materiales, desde cart\u00f3n hasta pl\u00e1stico delgado. Dise\u00f1ado con un mango Rose Gold y hermosos copos esparcidos por el frente y el costado, \u00a1esta m\u00e1quina de EDICI\u00d3N LIMITADA traer\u00e1 ese algo extra a su taller de manualidades! Ideal tanto para principiantes como para expertos, esta m\u00e1quina tambi\u00e9n viene con dos troqueles delicados y detallados, una gama de sentimientos cl\u00e1sicos y un paquete de cartulina opulenta que incluye una variedad de diferentes acabados, \u00a1para que comiences! \u00a1Este juego de inicio completo realmente tiene todo lo que necesita para crear una amplia variedad de proyectos, desde tarjetas de felicitaci\u00f3n y decoraci\u00f3n del hogar hasta \u00e1lbumes de recortes y mucho m\u00e1s!<\/p>\n<p>Incluye:<br \/>1 m\u00e1quina Big Shot, 1 juego de almohadillas de corte, 1 plataforma, 1 adaptador de troquel delgado, 6 Script Sentiments Thinlits, 2 Floral Lattice Thinlits, 1 juego de sellos transparentes &#8211; Everyday Sentiments #2, paquete de tarjetas de Rose Gold y marfil &#8211; 36 hojas<\/p>\n<p>El conjunto de 6 Thinlits de sentimientos de gui\u00f3n incluidos en este kit de inicio tiene las frases de Feliz, Cumplea\u00f1os, Felicitaciones, Aniversario, Con y Amor.<\/p>\n","protected":false},"featured_media":37905,"template":"","meta":[],"product_brand":[],"product_cat":[782],"product_tag":[],"class_list":{"0":"post-39737","1":"product","2":"type-product","3":"status-publish","4":"has-post-thumbnail","6":"product_cat-maquinas","8":"first","9":"instock","10":"shipping-taxable","11":"purchasable","12":"product-type-simple","13":"add-to-wishlist-after_add_to_cart"},"yoast_head":"<!-- This site is optimized with the Yoast SEO Premium plugin v25.2 (Yoast SEO v25.2) - https:\/\/yoast.com\/wordpress\/plugins\/seo\/ -->\n<title>Sizzix Big Shot Starter Kit (Gray &amp; Rose Gold) w\/Standard Platform - Diente de Leche Art<\/title>\n<meta name=\"description\" content=\"Sizzix Big Shot Starter Kit (Gray &amp; Rose Gold) w\/Standard Platform - Diente de Leche Art\" \/>\n<meta name=\"robots\" content=\"index, follow, max-snippet:-1, max-image-preview:large, max-video-preview:-1\" \/>\n<link rel=\"canonical\" href=\"https:\/\/dientedelecheart.com\/web2022\/productos\/sizzix\/maquinas\/sizzix-big-shot-starter-kit-gray-rose-gold-w-standard-platform\/\" \/>\n<meta property=\"og:locale\" content=\"es_ES\" \/>\n<meta property=\"og:type\" content=\"article\" \/>\n<meta property=\"og:title\" content=\"Sizzix Big Shot Starter Kit (Gray &amp; Rose Gold) w\/Standard Platform\" \/>\n<meta property=\"og:description\" content=\"Sizzix Big Shot Starter Kit (Gray &amp; Rose Gold) w\/Standard Platform - Diente de Leche Art\" \/>\n<meta property=\"og:url\" content=\"https:\/\/dientedelecheart.com\/web2022\/productos\/sizzix\/maquinas\/sizzix-big-shot-starter-kit-gray-rose-gold-w-standard-platform\/\" \/>\n<meta property=\"og:site_name\" content=\"Diente de Leche Art\" \/>\n<meta property=\"og:image\" content=\"https:\/\/i0.wp.com\/dientedelecheart.com\/web2022\/wp-content\/uploads\/2022\/Productos\/SZ22\/DDL-SZ22-665605_1.jpg?fit=800%2C534&ssl=1\" \/>\n\t<meta property=\"og:image:width\" content=\"800\" \/>\n\t<meta property=\"og:image:height\" content=\"534\" \/>\n\t<meta property=\"og:image:type\" content=\"image\/jpeg\" \/>\n<meta name=\"twitter:card\" content=\"summary_large_image\" \/>\n<script type=\"application\/ld+json\" class=\"yoast-schema-graph\">{\"@context\":\"https:\/\/schema.org\",\"@graph\":[{\"@type\":\"WebPage\",\"@id\":\"https:\/\/dientedelecheart.com\/web2022\/productos\/sizzix\/maquinas\/sizzix-big-shot-starter-kit-gray-rose-gold-w-standard-platform\/\",\"url\":\"https:\/\/dientedelecheart.com\/web2022\/productos\/sizzix\/maquinas\/sizzix-big-shot-starter-kit-gray-rose-gold-w-standard-platform\/\",\"name\":\"Sizzix Big Shot Starter Kit (Gray & Rose Gold) w\/Standard Platform - Diente de Leche Art\",\"isPartOf\":{\"@id\":\"https:\/\/dientedelecheart.com\/web2022\/#website\"},\"primaryImageOfPage\":{\"@id\":\"https:\/\/dientedelecheart.com\/web2022\/productos\/sizzix\/maquinas\/sizzix-big-shot-starter-kit-gray-rose-gold-w-standard-platform\/#primaryimage\"},\"image\":{\"@id\":\"https:\/\/dientedelecheart.com\/web2022\/productos\/sizzix\/maquinas\/sizzix-big-shot-starter-kit-gray-rose-gold-w-standard-platform\/#primaryimage\"},\"thumbnailUrl\":\"https:\/\/i0.wp.com\/dientedelecheart.com\/web2022\/wp-content\/uploads\/2022\/Productos\/SZ22\/DDL-SZ22-665605_1.jpg?fit=800%2C534&ssl=1\",\"datePublished\":\"2022-05-21T15:54:05+00:00\",\"description\":\"Sizzix Big Shot Starter Kit (Gray & Rose Gold) w\/Standard Platform - Diente de Leche Art\",\"breadcrumb\":{\"@id\":\"https:\/\/dientedelecheart.com\/web2022\/productos\/sizzix\/maquinas\/sizzix-big-shot-starter-kit-gray-rose-gold-w-standard-platform\/#breadcrumb\"},\"inLanguage\":\"es-UY\",\"potentialAction\":[{\"@type\":\"ReadAction\",\"target\":[\"https:\/\/dientedelecheart.com\/web2022\/productos\/sizzix\/maquinas\/sizzix-big-shot-starter-kit-gray-rose-gold-w-standard-platform\/\"]}]},{\"@type\":\"ImageObject\",\"inLanguage\":\"es-UY\",\"@id\":\"https:\/\/dientedelecheart.com\/web2022\/productos\/sizzix\/maquinas\/sizzix-big-shot-starter-kit-gray-rose-gold-w-standard-platform\/#primaryimage\",\"url\":\"https:\/\/i0.wp.com\/dientedelecheart.com\/web2022\/wp-content\/uploads\/2022\/Productos\/SZ22\/DDL-SZ22-665605_1.jpg?fit=800%2C534&ssl=1\",\"contentUrl\":\"https:\/\/i0.wp.com\/dientedelecheart.com\/web2022\/wp-content\/uploads\/2022\/Productos\/SZ22\/DDL-SZ22-665605_1.jpg?fit=800%2C534&ssl=1\",\"width\":800,\"height\":534},{\"@type\":\"BreadcrumbList\",\"@id\":\"https:\/\/dientedelecheart.com\/web2022\/productos\/sizzix\/maquinas\/sizzix-big-shot-starter-kit-gray-rose-gold-w-standard-platform\/#breadcrumb\",\"itemListElement\":[{\"@type\":\"ListItem\",\"position\":1,\"name\":\"Home\",\"item\":\"https:\/\/dientedelecheart.com\/web2022\/\"},{\"@type\":\"ListItem\",\"position\":2,\"name\":\"Productos\",\"item\":\"https:\/\/dientedelecheart.com\/web2022\/?page_id=81891\"},{\"@type\":\"ListItem\",\"position\":3,\"name\":\"Sizzix Big Shot Starter Kit (Gray &#038; Rose Gold) w\/Standard Platform\"}]},{\"@type\":\"WebSite\",\"@id\":\"https:\/\/dientedelecheart.com\/web2022\/#website\",\"url\":\"https:\/\/dientedelecheart.com\/web2022\/\",\"name\":\"Diente de Leche Art\",\"description\":\"Diente de Leche Art\",\"publisher\":{\"@id\":\"https:\/\/dientedelecheart.com\/web2022\/#organization\"},\"potentialAction\":[{\"@type\":\"SearchAction\",\"target\":{\"@type\":\"EntryPoint\",\"urlTemplate\":\"https:\/\/dientedelecheart.com\/web2022\/?s={search_term_string}\"},\"query-input\":{\"@type\":\"PropertyValueSpecification\",\"valueRequired\":true,\"valueName\":\"search_term_string\"}}],\"inLanguage\":\"es-UY\"},{\"@type\":\"Organization\",\"@id\":\"https:\/\/dientedelecheart.com\/web2022\/#organization\",\"name\":\"Diente de Leche Art\",\"url\":\"https:\/\/dientedelecheart.com\/web2022\/\",\"logo\":{\"@type\":\"ImageObject\",\"inLanguage\":\"es-UY\",\"@id\":\"https:\/\/dientedelecheart.com\/web2022\/#\/schema\/logo\/image\/\",\"url\":\"https:\/\/i0.wp.com\/www.dientedelecheart.com\/web2022\/wp-content\/uploads\/2022\/04\/icono.png?fit=72%2C72&ssl=1\",\"contentUrl\":\"https:\/\/i0.wp.com\/www.dientedelecheart.com\/web2022\/wp-content\/uploads\/2022\/04\/icono.png?fit=72%2C72&ssl=1\",\"width\":72,\"height\":72,\"caption\":\"Diente de Leche Art\"},\"image\":{\"@id\":\"https:\/\/dientedelecheart.com\/web2022\/#\/schema\/logo\/image\/\"},\"sameAs\":[\"https:\/\/www.instagram.com\/dientedelecheart\/\"],\"email\":\"infodientedelecheart@gmail.com\",\"telephone\":\"+598 94 303 921\",\"legalName\":\"Diente de Leche Art\"}]}<\/script>\n<!-- \/ Yoast SEO Premium plugin. -->","yoast_head_json":{"title":"Sizzix Big Shot Starter Kit (Gray & Rose Gold) w\/Standard Platform - Diente de Leche Art","description":"Sizzix Big Shot Starter Kit (Gray & Rose Gold) w\/Standard Platform - Diente de Leche Art","robots":{"index":"index","follow":"follow","max-snippet":"max-snippet:-1","max-image-preview":"max-image-preview:large","max-video-preview":"max-video-preview:-1"},"canonical":"https:\/\/dientedelecheart.com\/web2022\/productos\/sizzix\/maquinas\/sizzix-big-shot-starter-kit-gray-rose-gold-w-standard-platform\/","og_locale":"es_ES","og_type":"article","og_title":"Sizzix Big Shot Starter Kit (Gray & Rose Gold) w\/Standard Platform","og_description":"Sizzix Big Shot Starter Kit (Gray & Rose Gold) w\/Standard Platform - Diente de Leche Art","og_url":"https:\/\/dientedelecheart.com\/web2022\/productos\/sizzix\/maquinas\/sizzix-big-shot-starter-kit-gray-rose-gold-w-standard-platform\/","og_site_name":"Diente de Leche Art","og_image":[{"width":800,"height":534,"url":"https:\/\/i0.wp.com\/dientedelecheart.com\/web2022\/wp-content\/uploads\/2022\/Productos\/SZ22\/DDL-SZ22-665605_1.jpg?fit=800%2C534&ssl=1","type":"image\/jpeg"}],"twitter_card":"summary_large_image","schema":{"@context":"https:\/\/schema.org","@graph":[{"@type":"WebPage","@id":"https:\/\/dientedelecheart.com\/web2022\/productos\/sizzix\/maquinas\/sizzix-big-shot-starter-kit-gray-rose-gold-w-standard-platform\/","url":"https:\/\/dientedelecheart.com\/web2022\/productos\/sizzix\/maquinas\/sizzix-big-shot-starter-kit-gray-rose-gold-w-standard-platform\/","name":"Sizzix Big Shot Starter Kit (Gray & Rose Gold) w\/Standard Platform - Diente de Leche Art","isPartOf":{"@id":"https:\/\/dientedelecheart.com\/web2022\/#website"},"primaryImageOfPage":{"@id":"https:\/\/dientedelecheart.com\/web2022\/productos\/sizzix\/maquinas\/sizzix-big-shot-starter-kit-gray-rose-gold-w-standard-platform\/#primaryimage"},"image":{"@id":"https:\/\/dientedelecheart.com\/web2022\/productos\/sizzix\/maquinas\/sizzix-big-shot-starter-kit-gray-rose-gold-w-standard-platform\/#primaryimage"},"thumbnailUrl":"https:\/\/i0.wp.com\/dientedelecheart.com\/web2022\/wp-content\/uploads\/2022\/Productos\/SZ22\/DDL-SZ22-665605_1.jpg?fit=800%2C534&ssl=1","datePublished":"2022-05-21T15:54:05+00:00","description":"Sizzix Big Shot Starter Kit (Gray & Rose Gold) w\/Standard Platform - Diente de Leche Art","breadcrumb":{"@id":"https:\/\/dientedelecheart.com\/web2022\/productos\/sizzix\/maquinas\/sizzix-big-shot-starter-kit-gray-rose-gold-w-standard-platform\/#breadcrumb"},"inLanguage":"es-UY","potentialAction":[{"@type":"ReadAction","target":["https:\/\/dientedelecheart.com\/web2022\/productos\/sizzix\/maquinas\/sizzix-big-shot-starter-kit-gray-rose-gold-w-standard-platform\/"]}]},{"@type":"ImageObject","inLanguage":"es-UY","@id":"https:\/\/dientedelecheart.com\/web2022\/productos\/sizzix\/maquinas\/sizzix-big-shot-starter-kit-gray-rose-gold-w-standard-platform\/#primaryimage","url":"https:\/\/i0.wp.com\/dientedelecheart.com\/web2022\/wp-content\/uploads\/2022\/Productos\/SZ22\/DDL-SZ22-665605_1.jpg?fit=800%2C534&ssl=1","contentUrl":"https:\/\/i0.wp.com\/dientedelecheart.com\/web2022\/wp-content\/uploads\/2022\/Productos\/SZ22\/DDL-SZ22-665605_1.jpg?fit=800%2C534&ssl=1","width":800,"height":534},{"@type":"BreadcrumbList","@id":"https:\/\/dientedelecheart.com\/web2022\/productos\/sizzix\/maquinas\/sizzix-big-shot-starter-kit-gray-rose-gold-w-standard-platform\/#breadcrumb","itemListElement":[{"@type":"ListItem","position":1,"name":"Home","item":"https:\/\/dientedelecheart.com\/web2022\/"},{"@type":"ListItem","position":2,"name":"Productos","item":"https:\/\/dientedelecheart.com\/web2022\/?page_id=81891"},{"@type":"ListItem","position":3,"name":"Sizzix Big Shot Starter Kit (Gray &#038; Rose Gold) w\/Standard Platform"}]},{"@type":"WebSite","@id":"https:\/\/dientedelecheart.com\/web2022\/#website","url":"https:\/\/dientedelecheart.com\/web2022\/","name":"Diente de Leche Art","description":"Diente de Leche Art","publisher":{"@id":"https:\/\/dientedelecheart.com\/web2022\/#organization"},"potentialAction":[{"@type":"SearchAction","target":{"@type":"EntryPoint","urlTemplate":"https:\/\/dientedelecheart.com\/web2022\/?s={search_term_string}"},"query-input":{"@type":"PropertyValueSpecification","valueRequired":true,"valueName":"search_term_string"}}],"inLanguage":"es-UY"},{"@type":"Organization","@id":"https:\/\/dientedelecheart.com\/web2022\/#organization","name":"Diente de Leche Art","url":"https:\/\/dientedelecheart.com\/web2022\/","logo":{"@type":"ImageObject","inLanguage":"es-UY","@id":"https:\/\/dientedelecheart.com\/web2022\/#\/schema\/logo\/image\/","url":"https:\/\/i0.wp.com\/www.dientedelecheart.com\/web2022\/wp-content\/uploads\/2022\/04\/icono.png?fit=72%2C72&ssl=1","contentUrl":"https:\/\/i0.wp.com\/www.dientedelecheart.com\/web2022\/wp-content\/uploads\/2022\/04\/icono.png?fit=72%2C72&ssl=1","width":72,"height":72,"caption":"Diente de Leche Art"},"image":{"@id":"https:\/\/dientedelecheart.com\/web2022\/#\/schema\/logo\/image\/"},"sameAs":["https:\/\/www.instagram.com\/dientedelecheart\/"],"email":"infodientedelecheart@gmail.com","telephone":"+598 94 303 921","legalName":"Diente de Leche Art"}]}},"jetpack_sharing_enabled":true,"_links":{"self":[{"href":"https:\/\/dientedelecheart.com\/web2022\/wp-json\/wp\/v2\/product\/39737","targetHints":{"allow":["GET"]}}],"collection":[{"href":"https:\/\/dientedelecheart.com\/web2022\/wp-json\/wp\/v2\/product"}],"about":[{"href":"https:\/\/dientedelecheart.com\/web2022\/wp-json\/wp\/v2\/types\/product"}],"wp:featuredmedia":[{"embeddable":true,"href":"https:\/\/dientedelecheart.com\/web2022\/wp-json\/wp\/v2\/media\/37905"}],"wp:attachment":[{"href":"https:\/\/dientedelecheart.com\/web2022\/wp-json\/wp\/v2\/media?parent=39737"}],"wp:term":[{"taxonomy":"product_brand","embeddable":true,"href":"https:\/\/dientedelecheart.com\/web2022\/wp-json\/wp\/v2\/product_brand?post=39737"},{"taxonomy":"product_cat","embeddable":true,"href":"https:\/\/dientedelecheart.com\/web2022\/wp-json\/wp\/v2\/product_cat?post=39737"},{"taxonomy":"product_tag","embeddable":true,"href":"https:\/\/dientedelecheart.com\/web2022\/wp-json\/wp\/v2\/product_tag?post=39737"}],"curies":[{"name":"wp","href":"https:\/\/api.w.org\/{rel}","templated":true}]}}